{"id":918,"date":"2024-06-27T06:54:11","date_gmt":"2024-06-27T04:54:11","guid":{"rendered":"https:\/\/sdcreation16.fr\/?post_type=product&#038;p=918"},"modified":"2025-11-15T12:05:43","modified_gmt":"2025-11-15T11:05:43","slug":"table-basse-en-merisier-theme-koi","status":"publish","type":"product","link":"https:\/\/sdcreation16.fr\/index.php\/product\/table-basse-en-merisier-theme-koi\/","title":{"rendered":"Table basse Ko\u00ef en merisier massif et r\u00e9sine"},"content":{"rendered":"<p><b> Table Basse Artisanale en Merisier et \u00c9poxy \u00ab\u00a0Jardin Ko\u00ef\u00a0\u00bb \u00d870cm<\/b><\/p>\n<p><b>Paragraphe d&rsquo;introduction :<\/b> \u00ab\u00a0\u00c9vadez-vous au c\u0153ur d&rsquo;un \u00e9tang japonais avec notre somptueuse table basse en merisier massif et r\u00e9sine \u00e9poxy, sublim\u00e9e par un th\u00e8me Ko\u00ef enchanteur. Chaque pi\u00e8ce est une \u0153uvre d&rsquo;art unique, con\u00e7ue pour apporter s\u00e9r\u00e9nit\u00e9 et \u00e9l\u00e9gance \u00e0 votre int\u00e9rieur. La beaut\u00e9 naturelle du merisier se marie parfaitement \u00e0 la transparence cristalline de l&rsquo;\u00e9poxy, cr\u00e9ant un effet de rivi\u00e8re o\u00f9 des carpes Ko\u00ef semblent nager paisiblement.\u00a0\u00bb<\/p>\n<p><b>Caract\u00e9ristiques et Avantages :<\/b><\/p>\n<ul>\n<li><b>Mat\u00e9riaux Nobles :<\/b> Bois de merisier s\u00e9lectionn\u00e9 pour sa robustesse et son grain distinctif.<\/li>\n<li><b>Design Unique :<\/b> Incrustation de carpes Ko\u00ef r\u00e9alis\u00e9es avec un r\u00e9alisme saisissant dans de la r\u00e9sine \u00e9poxy haute qualit\u00e9.<\/li>\n<li><b>Effet Rivi\u00e8re :<\/b> La r\u00e9sine simule une \u00e9tendue d&rsquo;eau, donnant vie au plateau.<\/li>\n<li><b>Finition Exceptionnelle :<\/b> Polissage miroir pour une surface durable et facile d&rsquo;entretien.<\/li>\n<li><b>Pi\u00e8ce Ma\u00eetresse :<\/b> Id\u00e9ale pour un salon contemporain, zen ou nature.<\/li>\n<\/ul>\n<p><b>Appel \u00e0 l&rsquo;action :<\/b> \u00ab\u00a0Transformez votre espace de vie avec cette table basse d&rsquo;exception. Ajoutez une touche de po\u00e9sie et d&rsquo;originalit\u00e9 \u00e0 votre int\u00e9rieur. Commandez votre table basse \u00ab\u00a0Jardin Ko\u00ef\u00a0\u00bb d\u00e8s aujourd&rsquo;hui !\u00a0\u00bb<\/p>\n","protected":false},"excerpt":{"rendered":"<p><b>Design In\u00e9dit :<\/b> Notre table basse en <b>merisier et \u00e9poxy<\/b> est une \u0153uvre d&rsquo;art fonctionnelle. Le th\u00e8me Ko\u00ef est magnifi\u00e9 par une r\u00e9sine effet rivi\u00e8re, faisant de cette table la pi\u00e8ce ma\u00eetresse de votre salon. <b>Artisanat d&rsquo;exception.<\/b><\/p>\n","protected":false},"featured_media":906,"comment_status":"open","ping_status":"closed","template":"","meta":{"_monsterinsights_skip_tracking":false,"_monsterinsights_sitenote_active":false,"_monsterinsights_sitenote_note":"","_monsterinsights_sitenote_category":0,"_uf_show_specific_survey":0,"_uf_disable_surveys":false},"product_brand":[],"product_cat":[19],"product_tag":[366,83,364,57,362,363,365,360,284,345,367,135,340,359,346,358,28,361],"class_list":{"0":"post-918","1":"product","2":"type-product","3":"status-publish","4":"has-post-thumbnail","6":"product_cat-tables","7":"product_tag-70cm","8":"product_tag-artisanat","9":"product_tag-bassin-koi","10":"product_tag-bois-et-resine","11":"product_tag-carpes-koi","12":"product_tag-decoration-japonaise","13":"product_tag-design-circulaire","14":"product_tag-epoxy-3d","15":"product_tag-merisier-massif","16":"product_tag-meuble-fait-main","17":"product_tag-meuble-luxe","18":"product_tag-piece-unique","19":"product_tag-river-table","20":"product_tag-table-basse-epoxy","21":"product_tag-table-de-salon","22":"product_tag-table-ronde","23":"product_tag-table-basse","24":"product_tag-theme-koi","25":"description-off","27":"first","28":"onbackorder","29":"sale","30":"purchasable","31":"product-type-simple"},"yoast_head":"<!-- This site is optimized with the Yoast SEO Premium plugin v26.0 (Yoast SEO v26.0) - https:\/\/yoast.com\/wordpress\/plugins\/seo\/ -->\n<title>Table basse Ko\u00ef en merisier massif et r\u00e9sine \u00e9poxy - SDcr\u00e9ation<\/title>\n<meta name=\"description\" content=\"Sublime table basse en merisier massif et r\u00e9sine \u00e9poxy transparente avec carpes Ko\u00ef int\u00e9gr\u00e9es. Pi\u00e8ce unique, artisanale, pour un int\u00e9rieur zen et \u00e9l\u00e9gant\" \/>\n<meta name=\"robots\" content=\"index, follow, max-snippet:-1, max-image-preview:large, max-video-preview:-1\" \/>\n<link rel=\"canonical\" href=\"https:\/\/sdcreation16.fr\/index.php\/product\/table-basse-en-merisier-theme-koi\/\" \/>\n<meta property=\"og:locale\" content=\"fr_FR\" \/>\n<meta property=\"og:type\" content=\"article\" \/>\n<meta property=\"og:title\" content=\"Table basse Ko\u00ef en merisier massif et r\u00e9sine\" \/>\n<meta property=\"og:description\" content=\"Sublime table basse en merisier massif et r\u00e9sine \u00e9poxy transparente avec carpes Ko\u00ef int\u00e9gr\u00e9es. Pi\u00e8ce unique, artisanale, pour un int\u00e9rieur zen et \u00e9l\u00e9gant\" \/>\n<meta property=\"og:url\" content=\"https:\/\/sdcreation16.fr\/index.php\/product\/table-basse-en-merisier-theme-koi\/\" \/>\n<meta property=\"og:site_name\" content=\"SDcr\u00e9ation\" \/>\n<meta property=\"article:publisher\" content=\"https:\/\/www.facebook.com\/sdcreation.damase.10\" \/>\n<meta property=\"article:modified_time\" content=\"2025-11-15T11:05:43+00:00\" \/>\n<meta property=\"og:image\" content=\"https:\/\/sdcreation16.fr\/wp-content\/uploads\/2024\/06\/417528360_851579803484454_1055044737868852200_n-copie.jpg\" \/>\n\t<meta property=\"og:image:width\" content=\"2048\" \/>\n\t<meta property=\"og:image:height\" content=\"1536\" \/>\n\t<meta property=\"og:image:type\" content=\"image\/jpeg\" \/>\n<meta name=\"twitter:card\" content=\"summary_large_image\" \/>\n<meta name=\"twitter:label1\" content=\"Prix\" \/>\n\t<meta name=\"twitter:data1\" content=\"&euro;750,00\" \/>\n\t<meta name=\"twitter:label2\" content=\"Disponibilit\u00e9\" \/>\n\t<meta name=\"twitter:data2\" content=\"En r\u00e9assort\" \/>\n<script type=\"application\/ld+json\" class=\"yoast-schema-graph\">{\"@context\":\"https:\/\/schema.org\",\"@graph\":[{\"@type\":\"WebPage\",\"@id\":\"https:\/\/sdcreation16.fr\/index.php\/product\/table-basse-en-merisier-theme-koi\/\",\"url\":\"https:\/\/sdcreation16.fr\/index.php\/product\/table-basse-en-merisier-theme-koi\/\",\"name\":\"Table basse Ko\u00ef en merisier massif et r\u00e9sine \u00e9poxy - SDcr\u00e9ation\",\"isPartOf\":{\"@id\":\"https:\/\/sdcreation16.fr\/#website\"},\"primaryImageOfPage\":{\"@id\":\"https:\/\/sdcreation16.fr\/index.php\/product\/table-basse-en-merisier-theme-koi\/#primaryimage\"},\"image\":{\"@id\":\"https:\/\/sdcreation16.fr\/index.php\/product\/table-basse-en-merisier-theme-koi\/#primaryimage\"},\"thumbnailUrl\":\"https:\/\/sdcreation16.fr\/wp-content\/uploads\/2024\/06\/417528360_851579803484454_1055044737868852200_n-copie.jpg\",\"datePublished\":\"2024-06-27T04:54:11+00:00\",\"dateModified\":\"2025-11-15T11:05:43+00:00\",\"description\":\"Sublime table basse en merisier massif et r\u00e9sine \u00e9poxy transparente avec carpes Ko\u00ef int\u00e9gr\u00e9es. Pi\u00e8ce unique, artisanale, pour un int\u00e9rieur zen et \u00e9l\u00e9gant\",\"breadcrumb\":{\"@id\":\"https:\/\/sdcreation16.fr\/index.php\/product\/table-basse-en-merisier-theme-koi\/#breadcrumb\"},\"inLanguage\":\"fr-FR\",\"potentialAction\":[{\"@type\":\"ReadAction\",\"target\":[\"https:\/\/sdcreation16.fr\/index.php\/product\/table-basse-en-merisier-theme-koi\/\"]}]},{\"@type\":\"ImageObject\",\"inLanguage\":\"fr-FR\",\"@id\":\"https:\/\/sdcreation16.fr\/index.php\/product\/table-basse-en-merisier-theme-koi\/#primaryimage\",\"url\":\"https:\/\/sdcreation16.fr\/wp-content\/uploads\/2024\/06\/417528360_851579803484454_1055044737868852200_n-copie.jpg\",\"contentUrl\":\"https:\/\/sdcreation16.fr\/wp-content\/uploads\/2024\/06\/417528360_851579803484454_1055044737868852200_n-copie.jpg\",\"width\":2048,\"height\":1536,\"caption\":\"details-carpes-koi-resine-table-basse.\"},{\"@type\":\"BreadcrumbList\",\"@id\":\"https:\/\/sdcreation16.fr\/index.php\/product\/table-basse-en-merisier-theme-koi\/#breadcrumb\",\"itemListElement\":[{\"@type\":\"ListItem\",\"position\":1,\"name\":\"Accueil\",\"item\":\"https:\/\/sdcreation16.fr\/\"},{\"@type\":\"ListItem\",\"position\":2,\"name\":\"Products\",\"item\":\"https:\/\/sdcreation16.fr\/index.php\/shop\/\"},{\"@type\":\"ListItem\",\"position\":3,\"name\":\"Table basse Ko\u00ef en merisier massif et r\u00e9sine\"}]},{\"@type\":\"WebSite\",\"@id\":\"https:\/\/sdcreation16.fr\/#website\",\"url\":\"https:\/\/sdcreation16.fr\/\",\"name\":\"SDcr\u00e9ation\",\"description\":\"L&#039;association de la r\u00e9sine et du bois.\",\"publisher\":{\"@id\":\"https:\/\/sdcreation16.fr\/#organization\"},\"potentialAction\":[{\"@type\":\"SearchAction\",\"target\":{\"@type\":\"EntryPoint\",\"urlTemplate\":\"https:\/\/sdcreation16.fr\/?s={search_term_string}\"},\"query-input\":{\"@type\":\"PropertyValueSpecification\",\"valueRequired\":true,\"valueName\":\"search_term_string\"}}],\"inLanguage\":\"fr-FR\"},{\"@type\":\"Organization\",\"@id\":\"https:\/\/sdcreation16.fr\/#organization\",\"name\":\"sd creation\",\"url\":\"https:\/\/sdcreation16.fr\/\",\"logo\":{\"@type\":\"ImageObject\",\"inLanguage\":\"fr-FR\",\"@id\":\"https:\/\/sdcreation16.fr\/#\/schema\/logo\/image\/\",\"url\":\"https:\/\/sdcreation16.fr\/wp-content\/uploads\/2020\/12\/new-logo.png\",\"contentUrl\":\"https:\/\/sdcreation16.fr\/wp-content\/uploads\/2020\/12\/new-logo.png\",\"width\":595,\"height\":100,\"caption\":\"sd creation\"},\"image\":{\"@id\":\"https:\/\/sdcreation16.fr\/#\/schema\/logo\/image\/\"},\"sameAs\":[\"https:\/\/www.facebook.com\/sdcreation.damase.10\"]}]}<\/script>\n<meta property=\"product:price:amount\" content=\"750.00\" \/>\n<meta property=\"product:price:currency\" content=\"EUR\" \/>\n<meta property=\"og:availability\" content=\"backorder\" \/>\n<meta property=\"product:availability\" content=\"available for order\" \/>\n<meta property=\"product:condition\" content=\"new\" \/>\n<!-- \/ Yoast SEO Premium plugin. -->","yoast_head_json":{"title":"Table basse Ko\u00ef en merisier massif et r\u00e9sine \u00e9poxy - SDcr\u00e9ation","description":"Sublime table basse en merisier massif et r\u00e9sine \u00e9poxy transparente avec carpes Ko\u00ef int\u00e9gr\u00e9es. Pi\u00e8ce unique, artisanale, pour un int\u00e9rieur zen et \u00e9l\u00e9gant","robots":{"index":"index","follow":"follow","max-snippet":"max-snippet:-1","max-image-preview":"max-image-preview:large","max-video-preview":"max-video-preview:-1"},"canonical":"https:\/\/sdcreation16.fr\/index.php\/product\/table-basse-en-merisier-theme-koi\/","og_locale":"fr_FR","og_type":"article","og_title":"Table basse Ko\u00ef en merisier massif et r\u00e9sine","og_description":"Sublime table basse en merisier massif et r\u00e9sine \u00e9poxy transparente avec carpes Ko\u00ef int\u00e9gr\u00e9es. Pi\u00e8ce unique, artisanale, pour un int\u00e9rieur zen et \u00e9l\u00e9gant","og_url":"https:\/\/sdcreation16.fr\/index.php\/product\/table-basse-en-merisier-theme-koi\/","og_site_name":"SDcr\u00e9ation","article_publisher":"https:\/\/www.facebook.com\/sdcreation.damase.10","article_modified_time":"2025-11-15T11:05:43+00:00","og_image":[{"width":2048,"height":1536,"url":"https:\/\/sdcreation16.fr\/wp-content\/uploads\/2024\/06\/417528360_851579803484454_1055044737868852200_n-copie.jpg","type":"image\/jpeg"}],"twitter_card":"summary_large_image","twitter_misc":{"Prix":"&euro;750,00","Disponibilit\u00e9":"En r\u00e9assort"},"schema":{"@context":"https:\/\/schema.org","@graph":[{"@type":"WebPage","@id":"https:\/\/sdcreation16.fr\/index.php\/product\/table-basse-en-merisier-theme-koi\/","url":"https:\/\/sdcreation16.fr\/index.php\/product\/table-basse-en-merisier-theme-koi\/","name":"Table basse Ko\u00ef en merisier massif et r\u00e9sine \u00e9poxy - SDcr\u00e9ation","isPartOf":{"@id":"https:\/\/sdcreation16.fr\/#website"},"primaryImageOfPage":{"@id":"https:\/\/sdcreation16.fr\/index.php\/product\/table-basse-en-merisier-theme-koi\/#primaryimage"},"image":{"@id":"https:\/\/sdcreation16.fr\/index.php\/product\/table-basse-en-merisier-theme-koi\/#primaryimage"},"thumbnailUrl":"https:\/\/sdcreation16.fr\/wp-content\/uploads\/2024\/06\/417528360_851579803484454_1055044737868852200_n-copie.jpg","datePublished":"2024-06-27T04:54:11+00:00","dateModified":"2025-11-15T11:05:43+00:00","description":"Sublime table basse en merisier massif et r\u00e9sine \u00e9poxy transparente avec carpes Ko\u00ef int\u00e9gr\u00e9es. Pi\u00e8ce unique, artisanale, pour un int\u00e9rieur zen et \u00e9l\u00e9gant","breadcrumb":{"@id":"https:\/\/sdcreation16.fr\/index.php\/product\/table-basse-en-merisier-theme-koi\/#breadcrumb"},"inLanguage":"fr-FR","potentialAction":[{"@type":"ReadAction","target":["https:\/\/sdcreation16.fr\/index.php\/product\/table-basse-en-merisier-theme-koi\/"]}]},{"@type":"ImageObject","inLanguage":"fr-FR","@id":"https:\/\/sdcreation16.fr\/index.php\/product\/table-basse-en-merisier-theme-koi\/#primaryimage","url":"https:\/\/sdcreation16.fr\/wp-content\/uploads\/2024\/06\/417528360_851579803484454_1055044737868852200_n-copie.jpg","contentUrl":"https:\/\/sdcreation16.fr\/wp-content\/uploads\/2024\/06\/417528360_851579803484454_1055044737868852200_n-copie.jpg","width":2048,"height":1536,"caption":"details-carpes-koi-resine-table-basse."},{"@type":"BreadcrumbList","@id":"https:\/\/sdcreation16.fr\/index.php\/product\/table-basse-en-merisier-theme-koi\/#breadcrumb","itemListElement":[{"@type":"ListItem","position":1,"name":"Accueil","item":"https:\/\/sdcreation16.fr\/"},{"@type":"ListItem","position":2,"name":"Products","item":"https:\/\/sdcreation16.fr\/index.php\/shop\/"},{"@type":"ListItem","position":3,"name":"Table basse Ko\u00ef en merisier massif et r\u00e9sine"}]},{"@type":"WebSite","@id":"https:\/\/sdcreation16.fr\/#website","url":"https:\/\/sdcreation16.fr\/","name":"SDcr\u00e9ation","description":"L&#039;association de la r\u00e9sine et du bois.","publisher":{"@id":"https:\/\/sdcreation16.fr\/#organization"},"potentialAction":[{"@type":"SearchAction","target":{"@type":"EntryPoint","urlTemplate":"https:\/\/sdcreation16.fr\/?s={search_term_string}"},"query-input":{"@type":"PropertyValueSpecification","valueRequired":true,"valueName":"search_term_string"}}],"inLanguage":"fr-FR"},{"@type":"Organization","@id":"https:\/\/sdcreation16.fr\/#organization","name":"sd creation","url":"https:\/\/sdcreation16.fr\/","logo":{"@type":"ImageObject","inLanguage":"fr-FR","@id":"https:\/\/sdcreation16.fr\/#\/schema\/logo\/image\/","url":"https:\/\/sdcreation16.fr\/wp-content\/uploads\/2020\/12\/new-logo.png","contentUrl":"https:\/\/sdcreation16.fr\/wp-content\/uploads\/2020\/12\/new-logo.png","width":595,"height":100,"caption":"sd creation"},"image":{"@id":"https:\/\/sdcreation16.fr\/#\/schema\/logo\/image\/"},"sameAs":["https:\/\/www.facebook.com\/sdcreation.damase.10"]}]},"product_price_amount":"750.00","product_price_currency":"EUR","og_availability":"backorder","product_availability":"available for order","product_condition":"new"},"_links":{"self":[{"href":"https:\/\/sdcreation16.fr\/index.php\/wp-json\/wp\/v2\/product\/918","targetHints":{"allow":["GET"]}}],"collection":[{"href":"https:\/\/sdcreation16.fr\/index.php\/wp-json\/wp\/v2\/product"}],"about":[{"href":"https:\/\/sdcreation16.fr\/index.php\/wp-json\/wp\/v2\/types\/product"}],"replies":[{"embeddable":true,"href":"https:\/\/sdcreation16.fr\/index.php\/wp-json\/wp\/v2\/comments?post=918"}],"wp:featuredmedia":[{"embeddable":true,"href":"https:\/\/sdcreation16.fr\/index.php\/wp-json\/wp\/v2\/media\/906"}],"wp:attachment":[{"href":"https:\/\/sdcreation16.fr\/index.php\/wp-json\/wp\/v2\/media?parent=918"}],"wp:term":[{"taxonomy":"product_brand","embeddable":true,"href":"https:\/\/sdcreation16.fr\/index.php\/wp-json\/wp\/v2\/product_brand?post=918"},{"taxonomy":"product_cat","embeddable":true,"href":"https:\/\/sdcreation16.fr\/index.php\/wp-json\/wp\/v2\/product_cat?post=918"},{"taxonomy":"product_tag","embeddable":true,"href":"https:\/\/sdcreation16.fr\/index.php\/wp-json\/wp\/v2\/product_tag?post=918"}],"curies":[{"name":"wp","href":"https:\/\/api.w.org\/{rel}","templated":true}]}}