{"id":701,"date":"2023-09-16T11:03:14","date_gmt":"2023-09-16T09:03:14","guid":{"rendered":"https:\/\/sdcreation16.fr\/?post_type=product&#038;p=701"},"modified":"2025-11-15T16:06:35","modified_gmt":"2025-11-15T15:06:35","slug":"echiquier-nomade-orme-epoxy-vert","status":"publish","type":"product","link":"https:\/\/sdcreation16.fr\/index.php\/product\/echiquier-nomade-orme-epoxy-vert\/","title":{"rendered":"Echiquier d&rsquo;Art en Orme Massif, R\u00e9sine \u00c9poxy Vert \u00c9meraude &#038; Pi\u00e8ces epoxy"},"content":{"rendered":"<p>\u00c9chiquier Orme Massif \u00c9poxy<\/p>\n<p>D\u00e9couvrez l&rsquo;\u00c9chiquier d&rsquo;Art o\u00f9 la nature rencontre la modernit\u00e9. Nous avons fusionn\u00e9 le charme chaleureux du bois d&rsquo;Orme massif avec la sophistication de la r\u00e9sine \u00e9poxy Vert \u00c9meraude pour cr\u00e9er une pi\u00e8ce ma\u00eetresse.<\/p>\n<p>Le plateau de jeu est un spectacle visuel. La r\u00e9sine vert profond a \u00e9t\u00e9 coul\u00e9e m\u00e9ticuleusement, cr\u00e9ant un motif captivant qui fait de chaque \u00e9chiquier une pi\u00e8ce absolument unique. Les 32 pi\u00e8ces sont \u00e9galement fabriqu\u00e9es en \u00e9poxy assorti, assurant une harmonie parfaite des couleurs.<\/p>\n<p>Ce produit a \u00e9t\u00e9 con\u00e7u pour le joueur et le collectionneur. Il int\u00e8gre des tiroirs de rangement discrets sur les c\u00f4t\u00e9s. Ce design permet aux pi\u00e8ces d&rsquo;\u00eatre s\u00e9curis\u00e9es et \u00e0 l&rsquo;espace d&rsquo;\u00eatre maintenu ordonn\u00e9. Plus qu&rsquo;un simple jeu, cet \u00e9chiquier constitue une d\u00e9claration de style.<\/p>\n<p><strong>Voici un aper\u00e7u des atouts de cet \u00e9chiquier :<\/strong><\/p>\n<ul>\n<li>Mat\u00e9riau du plateau : Bois d&rsquo;Orme massif et R\u00e9sine \u00c9poxy<\/li>\n<li>Couleur de la r\u00e9sine : Vert \u00c9meraude (motifs coul\u00e9s uniques)<\/li>\n<li>Mat\u00e9riau des pi\u00e8ces : R\u00e9sine \u00c9poxy (teintes assorties)<\/li>\n<li>Fonctionnalit\u00e9 : Tiroirs de rangement int\u00e9gr\u00e9s pour les pi\u00e8ces<\/li>\n<li>Style : Artisanat de Luxe et Design Contemporain<\/li>\n<\/ul>\n","protected":false},"excerpt":{"rendered":"<p>\u00c9chiquier Orme Massif \u00c9poxy D\u00e9couvrez l&rsquo;\u00c9chiquier d&rsquo;Art o\u00f9 la nature rencontre la modernit\u00e9. Nous avons fusionn\u00e9 le charme chaleureux du bois d&rsquo;Orme massif avec la sophistication de la r\u00e9sine \u00e9poxy Vert \u00c9meraude pour cr\u00e9er une pi\u00e8ce ma\u00eetresse. Le plateau de jeu est un spectacle visuel. La r\u00e9sine vert profond a \u00e9t\u00e9 coul\u00e9e m\u00e9ticuleusement, cr\u00e9ant un&hellip;<\/p>\n","protected":false},"featured_media":695,"comment_status":"open","ping_status":"closed","template":"","meta":{"_monsterinsights_skip_tracking":false,"_monsterinsights_sitenote_active":false,"_monsterinsights_sitenote_note":"","_monsterinsights_sitenote_category":0,"_uf_show_specific_survey":0,"_uf_disable_surveys":false},"product_brand":[],"product_cat":[33],"product_tag":[83,330,388,385,387,71,380,379,54,381,34,66,324,382,384,383,386],"class_list":{"0":"post-701","1":"product","2":"type-product","3":"status-publish","4":"has-post-thumbnail","6":"product_cat-echiquier-bois-noble-epoxy-massif","7":"product_tag-artisanat","8":"product_tag-cadeau-echecs","9":"product_tag-collection","10":"product_tag-decoration-salon","11":"product_tag-design-unique","12":"product_tag-echiquier-bois-et-resine","13":"product_tag-echiquier-epoxy","14":"product_tag-echiquier-luxe","15":"product_tag-echiquier-orme","16":"product_tag-echiquier-vert-emeraude","17":"product_tag-echiquier","18":"product_tag-fait-main","19":"product_tag-jeu-dechecs","20":"product_tag-jeu-dechecs-luxe","21":"product_tag-pieces-epoxy","22":"product_tag-plateau-echecs","23":"product_tag-rangement-pieces-echecs","24":"description-off","26":"first","27":"onbackorder","28":"featured","29":"purchasable","30":"product-type-simple"},"yoast_head":"<!-- This site is optimized with the Yoast SEO Premium plugin v26.0 (Yoast SEO v26.0) - https:\/\/yoast.com\/wordpress\/plugins\/seo\/ -->\n<title>\u00c9chiquier Artisanat Orme &amp; \u00c9poxy Vert \u00c9meraude et Rangement<\/title>\n<meta name=\"description\" content=\"Acqu\u00e9rez notre \u00e9chiquier d&#039;art en Orme massif, r\u00e9sine \u00e9poxy Vert \u00c9meraude, avec pi\u00e8ces assorties en \u00e9poxy. Design unique, tiroirs de rangement.\" \/>\n<meta name=\"robots\" content=\"index, follow, max-snippet:-1, max-image-preview:large, max-video-preview:-1\" \/>\n<link rel=\"canonical\" href=\"https:\/\/sdcreation16.fr\/index.php\/product\/echiquier-nomade-orme-epoxy-vert\/\" \/>\n<meta property=\"og:locale\" content=\"fr_FR\" \/>\n<meta property=\"og:type\" content=\"article\" \/>\n<meta property=\"og:title\" content=\"Echiquier d&#039;Art en Orme Massif, R\u00e9sine \u00c9poxy Vert \u00c9meraude &amp; Pi\u00e8ces epoxy\" \/>\n<meta property=\"og:description\" content=\"Acqu\u00e9rez notre \u00e9chiquier d&#039;art en Orme massif, r\u00e9sine \u00e9poxy Vert \u00c9meraude, avec pi\u00e8ces assorties en \u00e9poxy. Design unique, tiroirs de rangement.\" \/>\n<meta property=\"og:url\" content=\"https:\/\/sdcreation16.fr\/index.php\/product\/echiquier-nomade-orme-epoxy-vert\/\" \/>\n<meta property=\"og:site_name\" content=\"SDcr\u00e9ation\" \/>\n<meta property=\"article:publisher\" content=\"https:\/\/www.facebook.com\/sdcreation.damase.10\" \/>\n<meta property=\"article:modified_time\" content=\"2025-11-15T15:06:35+00:00\" \/>\n<meta property=\"og:image\" content=\"https:\/\/sdcreation16.fr\/wp-content\/uploads\/2023\/09\/Untitled-1-copy.jpg\" \/>\n\t<meta property=\"og:image:width\" content=\"911\" \/>\n\t<meta property=\"og:image:height\" content=\"540\" \/>\n\t<meta property=\"og:image:type\" content=\"image\/jpeg\" \/>\n<meta name=\"twitter:card\" content=\"summary_large_image\" \/>\n<meta name=\"twitter:label1\" content=\"Prix\" \/>\n\t<meta name=\"twitter:data1\" content=\"&euro;160,00\" \/>\n\t<meta name=\"twitter:label2\" content=\"Disponibilit\u00e9\" \/>\n\t<meta name=\"twitter:data2\" content=\"En r\u00e9assort\" \/>\n<script type=\"application\/ld+json\" class=\"yoast-schema-graph\">{\"@context\":\"https:\/\/schema.org\",\"@graph\":[{\"@type\":\"WebPage\",\"@id\":\"https:\/\/sdcreation16.fr\/index.php\/product\/echiquier-nomade-orme-epoxy-vert\/\",\"url\":\"https:\/\/sdcreation16.fr\/index.php\/product\/echiquier-nomade-orme-epoxy-vert\/\",\"name\":\"\u00c9chiquier Artisanat Orme & \u00c9poxy Vert \u00c9meraude et Rangement\",\"isPartOf\":{\"@id\":\"https:\/\/sdcreation16.fr\/#website\"},\"primaryImageOfPage\":{\"@id\":\"https:\/\/sdcreation16.fr\/index.php\/product\/echiquier-nomade-orme-epoxy-vert\/#primaryimage\"},\"image\":{\"@id\":\"https:\/\/sdcreation16.fr\/index.php\/product\/echiquier-nomade-orme-epoxy-vert\/#primaryimage\"},\"thumbnailUrl\":\"https:\/\/sdcreation16.fr\/wp-content\/uploads\/2023\/09\/Untitled-1-copy.jpg\",\"datePublished\":\"2023-09-16T09:03:14+00:00\",\"dateModified\":\"2025-11-15T15:06:35+00:00\",\"description\":\"Acqu\u00e9rez notre \u00e9chiquier d'art en Orme massif, r\u00e9sine \u00e9poxy Vert \u00c9meraude, avec pi\u00e8ces assorties en \u00e9poxy. Design unique, tiroirs de rangement.\",\"breadcrumb\":{\"@id\":\"https:\/\/sdcreation16.fr\/index.php\/product\/echiquier-nomade-orme-epoxy-vert\/#breadcrumb\"},\"inLanguage\":\"fr-FR\",\"potentialAction\":[{\"@type\":\"ReadAction\",\"target\":[\"https:\/\/sdcreation16.fr\/index.php\/product\/echiquier-nomade-orme-epoxy-vert\/\"]}]},{\"@type\":\"ImageObject\",\"inLanguage\":\"fr-FR\",\"@id\":\"https:\/\/sdcreation16.fr\/index.php\/product\/echiquier-nomade-orme-epoxy-vert\/#primaryimage\",\"url\":\"https:\/\/sdcreation16.fr\/wp-content\/uploads\/2023\/09\/Untitled-1-copy.jpg\",\"contentUrl\":\"https:\/\/sdcreation16.fr\/wp-content\/uploads\/2023\/09\/Untitled-1-copy.jpg\",\"width\":911,\"height\":540,\"caption\":\"\u00e9chiquier orme \u00e9poxy\"},{\"@type\":\"BreadcrumbList\",\"@id\":\"https:\/\/sdcreation16.fr\/index.php\/product\/echiquier-nomade-orme-epoxy-vert\/#breadcrumb\",\"itemListElement\":[{\"@type\":\"ListItem\",\"position\":1,\"name\":\"Accueil\",\"item\":\"https:\/\/sdcreation16.fr\/\"},{\"@type\":\"ListItem\",\"position\":2,\"name\":\"Products\",\"item\":\"https:\/\/sdcreation16.fr\/index.php\/shop\/\"},{\"@type\":\"ListItem\",\"position\":3,\"name\":\"Echiquier d&rsquo;Art en Orme Massif, R\u00e9sine \u00c9poxy Vert \u00c9meraude &#038; Pi\u00e8ces epoxy\"}]},{\"@type\":\"WebSite\",\"@id\":\"https:\/\/sdcreation16.fr\/#website\",\"url\":\"https:\/\/sdcreation16.fr\/\",\"name\":\"SDcr\u00e9ation\",\"description\":\"L&#039;association de la r\u00e9sine et du bois.\",\"publisher\":{\"@id\":\"https:\/\/sdcreation16.fr\/#organization\"},\"potentialAction\":[{\"@type\":\"SearchAction\",\"target\":{\"@type\":\"EntryPoint\",\"urlTemplate\":\"https:\/\/sdcreation16.fr\/?s={search_term_string}\"},\"query-input\":{\"@type\":\"PropertyValueSpecification\",\"valueRequired\":true,\"valueName\":\"search_term_string\"}}],\"inLanguage\":\"fr-FR\"},{\"@type\":\"Organization\",\"@id\":\"https:\/\/sdcreation16.fr\/#organization\",\"name\":\"sd creation\",\"url\":\"https:\/\/sdcreation16.fr\/\",\"logo\":{\"@type\":\"ImageObject\",\"inLanguage\":\"fr-FR\",\"@id\":\"https:\/\/sdcreation16.fr\/#\/schema\/logo\/image\/\",\"url\":\"https:\/\/sdcreation16.fr\/wp-content\/uploads\/2020\/12\/new-logo.png\",\"contentUrl\":\"https:\/\/sdcreation16.fr\/wp-content\/uploads\/2020\/12\/new-logo.png\",\"width\":595,\"height\":100,\"caption\":\"sd creation\"},\"image\":{\"@id\":\"https:\/\/sdcreation16.fr\/#\/schema\/logo\/image\/\"},\"sameAs\":[\"https:\/\/www.facebook.com\/sdcreation.damase.10\"]}]}<\/script>\n<meta property=\"product:price:amount\" content=\"160.00\" \/>\n<meta property=\"product:price:currency\" content=\"EUR\" \/>\n<meta property=\"og:availability\" content=\"backorder\" \/>\n<meta property=\"product:availability\" content=\"available for order\" \/>\n<meta property=\"product:condition\" content=\"new\" \/>\n<!-- \/ Yoast SEO Premium plugin. -->","yoast_head_json":{"title":"\u00c9chiquier Artisanat Orme & \u00c9poxy Vert \u00c9meraude et Rangement","description":"Acqu\u00e9rez notre \u00e9chiquier d'art en Orme massif, r\u00e9sine \u00e9poxy Vert \u00c9meraude, avec pi\u00e8ces assorties en \u00e9poxy. Design unique, tiroirs de rangement.","robots":{"index":"index","follow":"follow","max-snippet":"max-snippet:-1","max-image-preview":"max-image-preview:large","max-video-preview":"max-video-preview:-1"},"canonical":"https:\/\/sdcreation16.fr\/index.php\/product\/echiquier-nomade-orme-epoxy-vert\/","og_locale":"fr_FR","og_type":"article","og_title":"Echiquier d'Art en Orme Massif, R\u00e9sine \u00c9poxy Vert \u00c9meraude & Pi\u00e8ces epoxy","og_description":"Acqu\u00e9rez notre \u00e9chiquier d'art en Orme massif, r\u00e9sine \u00e9poxy Vert \u00c9meraude, avec pi\u00e8ces assorties en \u00e9poxy. Design unique, tiroirs de rangement.","og_url":"https:\/\/sdcreation16.fr\/index.php\/product\/echiquier-nomade-orme-epoxy-vert\/","og_site_name":"SDcr\u00e9ation","article_publisher":"https:\/\/www.facebook.com\/sdcreation.damase.10","article_modified_time":"2025-11-15T15:06:35+00:00","og_image":[{"width":911,"height":540,"url":"https:\/\/sdcreation16.fr\/wp-content\/uploads\/2023\/09\/Untitled-1-copy.jpg","type":"image\/jpeg"}],"twitter_card":"summary_large_image","twitter_misc":{"Prix":"&euro;160,00","Disponibilit\u00e9":"En r\u00e9assort"},"schema":{"@context":"https:\/\/schema.org","@graph":[{"@type":"WebPage","@id":"https:\/\/sdcreation16.fr\/index.php\/product\/echiquier-nomade-orme-epoxy-vert\/","url":"https:\/\/sdcreation16.fr\/index.php\/product\/echiquier-nomade-orme-epoxy-vert\/","name":"\u00c9chiquier Artisanat Orme & \u00c9poxy Vert \u00c9meraude et Rangement","isPartOf":{"@id":"https:\/\/sdcreation16.fr\/#website"},"primaryImageOfPage":{"@id":"https:\/\/sdcreation16.fr\/index.php\/product\/echiquier-nomade-orme-epoxy-vert\/#primaryimage"},"image":{"@id":"https:\/\/sdcreation16.fr\/index.php\/product\/echiquier-nomade-orme-epoxy-vert\/#primaryimage"},"thumbnailUrl":"https:\/\/sdcreation16.fr\/wp-content\/uploads\/2023\/09\/Untitled-1-copy.jpg","datePublished":"2023-09-16T09:03:14+00:00","dateModified":"2025-11-15T15:06:35+00:00","description":"Acqu\u00e9rez notre \u00e9chiquier d'art en Orme massif, r\u00e9sine \u00e9poxy Vert \u00c9meraude, avec pi\u00e8ces assorties en \u00e9poxy. Design unique, tiroirs de rangement.","breadcrumb":{"@id":"https:\/\/sdcreation16.fr\/index.php\/product\/echiquier-nomade-orme-epoxy-vert\/#breadcrumb"},"inLanguage":"fr-FR","potentialAction":[{"@type":"ReadAction","target":["https:\/\/sdcreation16.fr\/index.php\/product\/echiquier-nomade-orme-epoxy-vert\/"]}]},{"@type":"ImageObject","inLanguage":"fr-FR","@id":"https:\/\/sdcreation16.fr\/index.php\/product\/echiquier-nomade-orme-epoxy-vert\/#primaryimage","url":"https:\/\/sdcreation16.fr\/wp-content\/uploads\/2023\/09\/Untitled-1-copy.jpg","contentUrl":"https:\/\/sdcreation16.fr\/wp-content\/uploads\/2023\/09\/Untitled-1-copy.jpg","width":911,"height":540,"caption":"\u00e9chiquier orme \u00e9poxy"},{"@type":"BreadcrumbList","@id":"https:\/\/sdcreation16.fr\/index.php\/product\/echiquier-nomade-orme-epoxy-vert\/#breadcrumb","itemListElement":[{"@type":"ListItem","position":1,"name":"Accueil","item":"https:\/\/sdcreation16.fr\/"},{"@type":"ListItem","position":2,"name":"Products","item":"https:\/\/sdcreation16.fr\/index.php\/shop\/"},{"@type":"ListItem","position":3,"name":"Echiquier d&rsquo;Art en Orme Massif, R\u00e9sine \u00c9poxy Vert \u00c9meraude &#038; Pi\u00e8ces epoxy"}]},{"@type":"WebSite","@id":"https:\/\/sdcreation16.fr\/#website","url":"https:\/\/sdcreation16.fr\/","name":"SDcr\u00e9ation","description":"L&#039;association de la r\u00e9sine et du bois.","publisher":{"@id":"https:\/\/sdcreation16.fr\/#organization"},"potentialAction":[{"@type":"SearchAction","target":{"@type":"EntryPoint","urlTemplate":"https:\/\/sdcreation16.fr\/?s={search_term_string}"},"query-input":{"@type":"PropertyValueSpecification","valueRequired":true,"valueName":"search_term_string"}}],"inLanguage":"fr-FR"},{"@type":"Organization","@id":"https:\/\/sdcreation16.fr\/#organization","name":"sd creation","url":"https:\/\/sdcreation16.fr\/","logo":{"@type":"ImageObject","inLanguage":"fr-FR","@id":"https:\/\/sdcreation16.fr\/#\/schema\/logo\/image\/","url":"https:\/\/sdcreation16.fr\/wp-content\/uploads\/2020\/12\/new-logo.png","contentUrl":"https:\/\/sdcreation16.fr\/wp-content\/uploads\/2020\/12\/new-logo.png","width":595,"height":100,"caption":"sd creation"},"image":{"@id":"https:\/\/sdcreation16.fr\/#\/schema\/logo\/image\/"},"sameAs":["https:\/\/www.facebook.com\/sdcreation.damase.10"]}]},"product_price_amount":"160.00","product_price_currency":"EUR","og_availability":"backorder","product_availability":"available for order","product_condition":"new"},"_links":{"self":[{"href":"https:\/\/sdcreation16.fr\/index.php\/wp-json\/wp\/v2\/product\/701","targetHints":{"allow":["GET"]}}],"collection":[{"href":"https:\/\/sdcreation16.fr\/index.php\/wp-json\/wp\/v2\/product"}],"about":[{"href":"https:\/\/sdcreation16.fr\/index.php\/wp-json\/wp\/v2\/types\/product"}],"replies":[{"embeddable":true,"href":"https:\/\/sdcreation16.fr\/index.php\/wp-json\/wp\/v2\/comments?post=701"}],"wp:featuredmedia":[{"embeddable":true,"href":"https:\/\/sdcreation16.fr\/index.php\/wp-json\/wp\/v2\/media\/695"}],"wp:attachment":[{"href":"https:\/\/sdcreation16.fr\/index.php\/wp-json\/wp\/v2\/media?parent=701"}],"wp:term":[{"taxonomy":"product_brand","embeddable":true,"href":"https:\/\/sdcreation16.fr\/index.php\/wp-json\/wp\/v2\/product_brand?post=701"},{"taxonomy":"product_cat","embeddable":true,"href":"https:\/\/sdcreation16.fr\/index.php\/wp-json\/wp\/v2\/product_cat?post=701"},{"taxonomy":"product_tag","embeddable":true,"href":"https:\/\/sdcreation16.fr\/index.php\/wp-json\/wp\/v2\/product_tag?post=701"}],"curies":[{"name":"wp","href":"https:\/\/api.w.org\/{rel}","templated":true}]}}