{"id":559,"date":"2022-12-06T16:08:15","date_gmt":"2022-12-06T15:08:15","guid":{"rendered":"https:\/\/sdcreation16.fr\/?post_type=product&#038;p=559"},"modified":"2025-11-19T09:12:17","modified_gmt":"2025-11-19T08:12:17","slug":"plateau-service-orme-epoxy-vert-dore-poignees-noires","status":"publish","type":"product","link":"https:\/\/sdcreation16.fr\/index.php\/product\/plateau-service-orme-epoxy-vert-dore-poignees-noires\/","title":{"rendered":"Plateau de Service 54&#215;28 en Orme &#038; R\u00e9sine \u00c9poxy Vert Dor\u00e9 (Poign\u00e9es Noires)"},"content":{"rendered":"<p data-path-to-node=\"4\">D\u00e9couvrez l&rsquo;\u00e9l\u00e9gance naturelle de ce <b>plateau de service orme \u00e9poxy vert poign\u00e9es noires<\/b>, l&rsquo;accessoire parfait pour sublimer vos moments de convivialit\u00e9.<\/p>\n<p data-path-to-node=\"5\">Ce plateau est sculpt\u00e9 dans du <b>bois d&rsquo;orme<\/b> massif. Ce bois est appr\u00e9ci\u00e9 pour son grain distinctif et sa clart\u00e9, qui contrastent magnifiquement avec la r\u00e9sine.<\/p>\n<p data-path-to-node=\"6\">La pi\u00e8ce ma\u00eetresse est la coul\u00e9e centrale en r\u00e9sine \u00e9poxy. Elle reproduit l&rsquo;effet d&rsquo;une rivi\u00e8re dans un \u00e9clat de <b>vert dor\u00e9<\/b> profond. Cette couleur riche et chatoyante donne l&rsquo;impression d&rsquo;une eau vive et ajoute une touche de luxe discret \u00e0 l&rsquo;ensemble.<\/p>\n<p data-path-to-node=\"7\">Fonctionnel et esth\u00e9tique, ce plateau poss\u00e8de des <b>poign\u00e9es noires<\/b> minimalistes et robustes qui assurent une prise en main facile et un transport s\u00e9curis\u00e9. Ses dimensions le rendent id\u00e9al pour servir boissons, ap\u00e9ritifs ou pour d\u00e9corer un comptoir ou une table basse.<\/p>\n<p data-path-to-node=\"8\"><b>Caract\u00e9ristiques du Plateau de Service :<\/b><\/p>\n<ul data-path-to-node=\"9\">\n<li>\n<p data-path-to-node=\"9,0,0\"><b>Mat\u00e9riau Bois :<\/b> Orme massif.<\/p>\n<\/li>\n<li>\n<p data-path-to-node=\"9,1,0\"><b>Dimensions :<\/b> <span class=\"math-inline\" data-math=\"54 \\text{ cm} \\times 28 \\text{ cm}\"><span class=\"katex\"><span class=\"katex-html\" aria-hidden=\"true\"><span class=\"base\"><span class=\"mord\">54<\/span><span class=\"mord text\"><span class=\"mord\">\u00a0cm<\/span><\/span><span class=\"mbin\">\u00d7<\/span><\/span><span class=\"base\"><span class=\"mord\">28<\/span><span class=\"mord text\"><span class=\"mord\">\u00a0cm<\/span><\/span><\/span><\/span><\/span><\/span>.<\/p>\n<\/li>\n<li>\n<p data-path-to-node=\"9,2,0\"><b>R\u00e9sine \u00c9poxy :<\/b> Couleur <b>Vert Dor\u00e9<\/b> (effet rivi\u00e8re).<\/p>\n<\/li>\n<li>\n<p data-path-to-node=\"9,3,0\"><b>Poign\u00e9es :<\/b> Poign\u00e9es noires, robustes et minimalistes.<\/p>\n<\/li>\n<li>\n<p data-path-to-node=\"9,4,0\"><b>Finition :<\/b> Gla\u00e7age \u00e9poxy lisse et brillant.<\/p>\n<\/li>\n<\/ul>\n<p data-path-to-node=\"10\">Apportez une touche de nature et de luxe \u00e0 votre int\u00e9rieur avec ce <b>plateau de service orme \u00e9poxy vert poign\u00e9es noires<\/b>.<\/p>\n","protected":false},"excerpt":{"rendered":"<p>D\u00e9couvrez l&rsquo;\u00e9l\u00e9gance naturelle de ce plateau de service orme \u00e9poxy vert poign\u00e9es noires, l&rsquo;accessoire parfait pour sublimer vos moments de convivialit\u00e9. Ce plateau est sculpt\u00e9 dans du bois d&rsquo;orme massif. Ce bois est appr\u00e9ci\u00e9 pour son grain distinctif et sa clart\u00e9, qui contrastent magnifiquement avec la r\u00e9sine. La pi\u00e8ce ma\u00eetresse est la coul\u00e9e centrale en&hellip;<\/p>\n","protected":false},"featured_media":563,"comment_status":"open","ping_status":"closed","template":"","meta":{"_monsterinsights_skip_tracking":false,"_monsterinsights_sitenote_active":false,"_monsterinsights_sitenote_note":"","_monsterinsights_sitenote_category":0,"_uf_show_specific_survey":0,"_uf_disable_surveys":false},"product_brand":[],"product_cat":[25],"product_tag":[419,498,497,496,406,494,499,495,27,401],"class_list":{"0":"post-559","1":"product","2":"type-product","3":"status-publish","4":"has-post-thumbnail","6":"product_cat-plateau-service-bois-epoxy-design","7":"product_tag-art-de-la-table","8":"product_tag-design-nature","9":"product_tag-epoxy-vert-dore","10":"product_tag-orme-bois-clair","11":"product_tag-plateau-54x28","12":"product_tag-plateau-de-service-orme-epoxy-vert-poignees-noires","13":"product_tag-plateau-fait-main","14":"product_tag-plateau-riviere-vert","15":"product_tag-plateau","16":"product_tag-poignees-noires","17":"description-off","19":"first","20":"onbackorder","21":"taxable","22":"shipping-taxable","23":"purchasable","24":"product-type-simple"},"yoast_head":"<!-- This site is optimized with the Yoast SEO Premium plugin v26.0 (Yoast SEO v26.0) - https:\/\/yoast.com\/wordpress\/plugins\/seo\/ -->\n<title>Plateau de service orme \u00e9poxy vert poign\u00e9es noires | Bois Clair<\/title>\n<meta name=\"description\" content=\"Plateau de service 54x28 cm en orme massif. Coul\u00e9e de r\u00e9sine \u00e9poxy vert dor\u00e9 effet rivi\u00e8re. avec une profondeur . Design avec poign\u00e9es noires.\" \/>\n<meta name=\"robots\" content=\"index, follow, max-snippet:-1, max-image-preview:large, max-video-preview:-1\" \/>\n<link rel=\"canonical\" href=\"https:\/\/sdcreation16.fr\/index.php\/product\/plateau-service-orme-epoxy-vert-dore-poignees-noires\/\" \/>\n<meta property=\"og:locale\" content=\"fr_FR\" \/>\n<meta property=\"og:type\" content=\"article\" \/>\n<meta property=\"og:title\" content=\"Plateau de Service 54x28 en Orme &amp; R\u00e9sine \u00c9poxy Vert Dor\u00e9 (Poign\u00e9es Noires)\" \/>\n<meta property=\"og:description\" content=\"Plateau de service 54x28 cm en orme massif. Coul\u00e9e de r\u00e9sine \u00e9poxy vert dor\u00e9 effet rivi\u00e8re. avec une profondeur . Design avec poign\u00e9es noires.\" \/>\n<meta property=\"og:url\" content=\"https:\/\/sdcreation16.fr\/index.php\/product\/plateau-service-orme-epoxy-vert-dore-poignees-noires\/\" \/>\n<meta property=\"og:site_name\" content=\"SDcr\u00e9ation\" \/>\n<meta property=\"article:publisher\" content=\"https:\/\/www.facebook.com\/sdcreation.damase.10\" \/>\n<meta property=\"article:modified_time\" content=\"2025-11-19T08:12:17+00:00\" \/>\n<meta property=\"og:image\" content=\"https:\/\/sdcreation16.fr\/wp-content\/uploads\/2022\/12\/318427516_547480157227755_8332589387826108676_n.jpg\" \/>\n\t<meta property=\"og:image:width\" content=\"1536\" \/>\n\t<meta property=\"og:image:height\" content=\"2048\" \/>\n\t<meta property=\"og:image:type\" content=\"image\/jpeg\" \/>\n<meta name=\"twitter:card\" content=\"summary_large_image\" \/>\n<meta name=\"twitter:label1\" content=\"Prix\" \/>\n\t<meta name=\"twitter:data1\" content=\"&euro;65,00\" \/>\n\t<meta name=\"twitter:label2\" content=\"Disponibilit\u00e9\" \/>\n\t<meta name=\"twitter:data2\" content=\"En r\u00e9assort\" \/>\n<script type=\"application\/ld+json\" class=\"yoast-schema-graph\">{\"@context\":\"https:\/\/schema.org\",\"@graph\":[{\"@type\":\"WebPage\",\"@id\":\"https:\/\/sdcreation16.fr\/index.php\/product\/plateau-service-orme-epoxy-vert-dore-poignees-noires\/\",\"url\":\"https:\/\/sdcreation16.fr\/index.php\/product\/plateau-service-orme-epoxy-vert-dore-poignees-noires\/\",\"name\":\"Plateau de service orme \u00e9poxy vert poign\u00e9es noires | Bois Clair\",\"isPartOf\":{\"@id\":\"https:\/\/sdcreation16.fr\/#website\"},\"primaryImageOfPage\":{\"@id\":\"https:\/\/sdcreation16.fr\/index.php\/product\/plateau-service-orme-epoxy-vert-dore-poignees-noires\/#primaryimage\"},\"image\":{\"@id\":\"https:\/\/sdcreation16.fr\/index.php\/product\/plateau-service-orme-epoxy-vert-dore-poignees-noires\/#primaryimage\"},\"thumbnailUrl\":\"https:\/\/sdcreation16.fr\/wp-content\/uploads\/2022\/12\/318427516_547480157227755_8332589387826108676_n.jpg\",\"datePublished\":\"2022-12-06T15:08:15+00:00\",\"dateModified\":\"2025-11-19T08:12:17+00:00\",\"description\":\"Plateau de service 54x28 cm en orme massif. Coul\u00e9e de r\u00e9sine \u00e9poxy vert dor\u00e9 effet rivi\u00e8re. avec une profondeur . Design avec poign\u00e9es noires.\",\"breadcrumb\":{\"@id\":\"https:\/\/sdcreation16.fr\/index.php\/product\/plateau-service-orme-epoxy-vert-dore-poignees-noires\/#breadcrumb\"},\"inLanguage\":\"fr-FR\",\"potentialAction\":[{\"@type\":\"ReadAction\",\"target\":[\"https:\/\/sdcreation16.fr\/index.php\/product\/plateau-service-orme-epoxy-vert-dore-poignees-noires\/\"]}]},{\"@type\":\"ImageObject\",\"inLanguage\":\"fr-FR\",\"@id\":\"https:\/\/sdcreation16.fr\/index.php\/product\/plateau-service-orme-epoxy-vert-dore-poignees-noires\/#primaryimage\",\"url\":\"https:\/\/sdcreation16.fr\/wp-content\/uploads\/2022\/12\/318427516_547480157227755_8332589387826108676_n.jpg\",\"contentUrl\":\"https:\/\/sdcreation16.fr\/wp-content\/uploads\/2022\/12\/318427516_547480157227755_8332589387826108676_n.jpg\",\"width\":1536,\"height\":2048,\"caption\":\"plateau orme blanc epoxy vert canard\"},{\"@type\":\"BreadcrumbList\",\"@id\":\"https:\/\/sdcreation16.fr\/index.php\/product\/plateau-service-orme-epoxy-vert-dore-poignees-noires\/#breadcrumb\",\"itemListElement\":[{\"@type\":\"ListItem\",\"position\":1,\"name\":\"Accueil\",\"item\":\"https:\/\/sdcreation16.fr\/\"},{\"@type\":\"ListItem\",\"position\":2,\"name\":\"Products\",\"item\":\"https:\/\/sdcreation16.fr\/index.php\/shop\/\"},{\"@type\":\"ListItem\",\"position\":3,\"name\":\"Plateau de Service 54&#215;28 en Orme &#038; R\u00e9sine \u00c9poxy Vert Dor\u00e9 (Poign\u00e9es Noires)\"}]},{\"@type\":\"WebSite\",\"@id\":\"https:\/\/sdcreation16.fr\/#website\",\"url\":\"https:\/\/sdcreation16.fr\/\",\"name\":\"SDcr\u00e9ation\",\"description\":\"L&#039;association de la r\u00e9sine et du bois.\",\"publisher\":{\"@id\":\"https:\/\/sdcreation16.fr\/#organization\"},\"potentialAction\":[{\"@type\":\"SearchAction\",\"target\":{\"@type\":\"EntryPoint\",\"urlTemplate\":\"https:\/\/sdcreation16.fr\/?s={search_term_string}\"},\"query-input\":{\"@type\":\"PropertyValueSpecification\",\"valueRequired\":true,\"valueName\":\"search_term_string\"}}],\"inLanguage\":\"fr-FR\"},{\"@type\":\"Organization\",\"@id\":\"https:\/\/sdcreation16.fr\/#organization\",\"name\":\"sd creation\",\"url\":\"https:\/\/sdcreation16.fr\/\",\"logo\":{\"@type\":\"ImageObject\",\"inLanguage\":\"fr-FR\",\"@id\":\"https:\/\/sdcreation16.fr\/#\/schema\/logo\/image\/\",\"url\":\"https:\/\/sdcreation16.fr\/wp-content\/uploads\/2020\/12\/new-logo.png\",\"contentUrl\":\"https:\/\/sdcreation16.fr\/wp-content\/uploads\/2020\/12\/new-logo.png\",\"width\":595,\"height\":100,\"caption\":\"sd creation\"},\"image\":{\"@id\":\"https:\/\/sdcreation16.fr\/#\/schema\/logo\/image\/\"},\"sameAs\":[\"https:\/\/www.facebook.com\/sdcreation.damase.10\"]}]}<\/script>\n<meta property=\"product:price:amount\" content=\"65.00\" \/>\n<meta property=\"product:price:currency\" content=\"EUR\" \/>\n<meta property=\"og:availability\" content=\"backorder\" \/>\n<meta property=\"product:availability\" content=\"available for order\" \/>\n<meta property=\"product:condition\" content=\"new\" \/>\n<!-- \/ Yoast SEO Premium plugin. -->","yoast_head_json":{"title":"Plateau de service orme \u00e9poxy vert poign\u00e9es noires | Bois Clair","description":"Plateau de service 54x28 cm en orme massif. Coul\u00e9e de r\u00e9sine \u00e9poxy vert dor\u00e9 effet rivi\u00e8re. avec une profondeur . Design avec poign\u00e9es noires.","robots":{"index":"index","follow":"follow","max-snippet":"max-snippet:-1","max-image-preview":"max-image-preview:large","max-video-preview":"max-video-preview:-1"},"canonical":"https:\/\/sdcreation16.fr\/index.php\/product\/plateau-service-orme-epoxy-vert-dore-poignees-noires\/","og_locale":"fr_FR","og_type":"article","og_title":"Plateau de Service 54x28 en Orme & R\u00e9sine \u00c9poxy Vert Dor\u00e9 (Poign\u00e9es Noires)","og_description":"Plateau de service 54x28 cm en orme massif. Coul\u00e9e de r\u00e9sine \u00e9poxy vert dor\u00e9 effet rivi\u00e8re. avec une profondeur . Design avec poign\u00e9es noires.","og_url":"https:\/\/sdcreation16.fr\/index.php\/product\/plateau-service-orme-epoxy-vert-dore-poignees-noires\/","og_site_name":"SDcr\u00e9ation","article_publisher":"https:\/\/www.facebook.com\/sdcreation.damase.10","article_modified_time":"2025-11-19T08:12:17+00:00","og_image":[{"width":1536,"height":2048,"url":"https:\/\/sdcreation16.fr\/wp-content\/uploads\/2022\/12\/318427516_547480157227755_8332589387826108676_n.jpg","type":"image\/jpeg"}],"twitter_card":"summary_large_image","twitter_misc":{"Prix":"&euro;65,00","Disponibilit\u00e9":"En r\u00e9assort"},"schema":{"@context":"https:\/\/schema.org","@graph":[{"@type":"WebPage","@id":"https:\/\/sdcreation16.fr\/index.php\/product\/plateau-service-orme-epoxy-vert-dore-poignees-noires\/","url":"https:\/\/sdcreation16.fr\/index.php\/product\/plateau-service-orme-epoxy-vert-dore-poignees-noires\/","name":"Plateau de service orme \u00e9poxy vert poign\u00e9es noires | Bois Clair","isPartOf":{"@id":"https:\/\/sdcreation16.fr\/#website"},"primaryImageOfPage":{"@id":"https:\/\/sdcreation16.fr\/index.php\/product\/plateau-service-orme-epoxy-vert-dore-poignees-noires\/#primaryimage"},"image":{"@id":"https:\/\/sdcreation16.fr\/index.php\/product\/plateau-service-orme-epoxy-vert-dore-poignees-noires\/#primaryimage"},"thumbnailUrl":"https:\/\/sdcreation16.fr\/wp-content\/uploads\/2022\/12\/318427516_547480157227755_8332589387826108676_n.jpg","datePublished":"2022-12-06T15:08:15+00:00","dateModified":"2025-11-19T08:12:17+00:00","description":"Plateau de service 54x28 cm en orme massif. Coul\u00e9e de r\u00e9sine \u00e9poxy vert dor\u00e9 effet rivi\u00e8re. avec une profondeur . Design avec poign\u00e9es noires.","breadcrumb":{"@id":"https:\/\/sdcreation16.fr\/index.php\/product\/plateau-service-orme-epoxy-vert-dore-poignees-noires\/#breadcrumb"},"inLanguage":"fr-FR","potentialAction":[{"@type":"ReadAction","target":["https:\/\/sdcreation16.fr\/index.php\/product\/plateau-service-orme-epoxy-vert-dore-poignees-noires\/"]}]},{"@type":"ImageObject","inLanguage":"fr-FR","@id":"https:\/\/sdcreation16.fr\/index.php\/product\/plateau-service-orme-epoxy-vert-dore-poignees-noires\/#primaryimage","url":"https:\/\/sdcreation16.fr\/wp-content\/uploads\/2022\/12\/318427516_547480157227755_8332589387826108676_n.jpg","contentUrl":"https:\/\/sdcreation16.fr\/wp-content\/uploads\/2022\/12\/318427516_547480157227755_8332589387826108676_n.jpg","width":1536,"height":2048,"caption":"plateau orme blanc epoxy vert canard"},{"@type":"BreadcrumbList","@id":"https:\/\/sdcreation16.fr\/index.php\/product\/plateau-service-orme-epoxy-vert-dore-poignees-noires\/#breadcrumb","itemListElement":[{"@type":"ListItem","position":1,"name":"Accueil","item":"https:\/\/sdcreation16.fr\/"},{"@type":"ListItem","position":2,"name":"Products","item":"https:\/\/sdcreation16.fr\/index.php\/shop\/"},{"@type":"ListItem","position":3,"name":"Plateau de Service 54&#215;28 en Orme &#038; R\u00e9sine \u00c9poxy Vert Dor\u00e9 (Poign\u00e9es Noires)"}]},{"@type":"WebSite","@id":"https:\/\/sdcreation16.fr\/#website","url":"https:\/\/sdcreation16.fr\/","name":"SDcr\u00e9ation","description":"L&#039;association de la r\u00e9sine et du bois.","publisher":{"@id":"https:\/\/sdcreation16.fr\/#organization"},"potentialAction":[{"@type":"SearchAction","target":{"@type":"EntryPoint","urlTemplate":"https:\/\/sdcreation16.fr\/?s={search_term_string}"},"query-input":{"@type":"PropertyValueSpecification","valueRequired":true,"valueName":"search_term_string"}}],"inLanguage":"fr-FR"},{"@type":"Organization","@id":"https:\/\/sdcreation16.fr\/#organization","name":"sd creation","url":"https:\/\/sdcreation16.fr\/","logo":{"@type":"ImageObject","inLanguage":"fr-FR","@id":"https:\/\/sdcreation16.fr\/#\/schema\/logo\/image\/","url":"https:\/\/sdcreation16.fr\/wp-content\/uploads\/2020\/12\/new-logo.png","contentUrl":"https:\/\/sdcreation16.fr\/wp-content\/uploads\/2020\/12\/new-logo.png","width":595,"height":100,"caption":"sd creation"},"image":{"@id":"https:\/\/sdcreation16.fr\/#\/schema\/logo\/image\/"},"sameAs":["https:\/\/www.facebook.com\/sdcreation.damase.10"]}]},"product_price_amount":"65.00","product_price_currency":"EUR","og_availability":"backorder","product_availability":"available for order","product_condition":"new"},"_links":{"self":[{"href":"https:\/\/sdcreation16.fr\/index.php\/wp-json\/wp\/v2\/product\/559","targetHints":{"allow":["GET"]}}],"collection":[{"href":"https:\/\/sdcreation16.fr\/index.php\/wp-json\/wp\/v2\/product"}],"about":[{"href":"https:\/\/sdcreation16.fr\/index.php\/wp-json\/wp\/v2\/types\/product"}],"replies":[{"embeddable":true,"href":"https:\/\/sdcreation16.fr\/index.php\/wp-json\/wp\/v2\/comments?post=559"}],"wp:featuredmedia":[{"embeddable":true,"href":"https:\/\/sdcreation16.fr\/index.php\/wp-json\/wp\/v2\/media\/563"}],"wp:attachment":[{"href":"https:\/\/sdcreation16.fr\/index.php\/wp-json\/wp\/v2\/media?parent=559"}],"wp:term":[{"taxonomy":"product_brand","embeddable":true,"href":"https:\/\/sdcreation16.fr\/index.php\/wp-json\/wp\/v2\/product_brand?post=559"},{"taxonomy":"product_cat","embeddable":true,"href":"https:\/\/sdcreation16.fr\/index.php\/wp-json\/wp\/v2\/product_cat?post=559"},{"taxonomy":"product_tag","embeddable":true,"href":"https:\/\/sdcreation16.fr\/index.php\/wp-json\/wp\/v2\/product_tag?post=559"}],"curies":[{"name":"wp","href":"https:\/\/api.w.org\/{rel}","templated":true}]}}