{"id":312,"date":"2021-08-18T10:17:56","date_gmt":"2021-08-18T08:17:56","guid":{"rendered":"https:\/\/sdcreation16.fr\/?post_type=product&#038;p=312"},"modified":"2024-06-06T09:20:34","modified_gmt":"2024-06-06T07:20:34","slug":"porte-serviettes","status":"publish","type":"product","link":"https:\/\/sdcreation16.fr\/index.php\/product\/porte-serviettes\/","title":{"rendered":"porte serviettes"},"content":{"rendered":"<p>r\u00e9alis\u00e9 en noyer est epoxy<\/p>\n<p>8 crochets<\/p>\n<p>epoxy d\u00e9grad\u00e9 de dor\u00e9 cuivr\u00e9 et noir<\/p>\n<p>dimensions<\/p>\n<p>75x15x2cm<\/p>\n<p>dimensions et coloris au choix, devis sur demande<\/p>\n<p>exp\u00e9dition mondial relais possible en sup<\/p>\n<p>&nbsp;<\/p>\n<p>&nbsp;<\/p>\n<p>&nbsp;<\/p>\n","protected":false},"excerpt":{"rendered":"<p>r\u00e9alis\u00e9 en noyer est epoxy 8 crochets epoxy d\u00e9grad\u00e9 de dor\u00e9 cuivr\u00e9 et noir dimensions 75x15x2cm dimensions et coloris au choix, devis sur demande exp\u00e9dition mondial relais possible en sup &nbsp; &nbsp; &nbsp;<\/p>\n","protected":false},"featured_media":316,"comment_status":"open","ping_status":"closed","template":"","meta":{"_monsterinsights_skip_tracking":false,"_monsterinsights_sitenote_active":false,"_monsterinsights_sitenote_note":"","_monsterinsights_sitenote_category":0,"_uf_show_specific_survey":0,"_uf_disable_surveys":false},"product_brand":[],"product_cat":[24],"product_tag":[],"class_list":{"0":"post-312","1":"product","2":"type-product","3":"status-publish","4":"has-post-thumbnail","6":"product_cat-porte-manteau-porte-cles-porte-serviettes","7":"description-off","9":"first","10":"onbackorder","11":"purchasable","12":"product-type-simple"},"yoast_head":"<!-- This site is optimized with the Yoast SEO Premium plugin v26.0 (Yoast SEO v26.0) - https:\/\/yoast.com\/wordpress\/plugins\/seo\/ -->\n<title>porte serviettes - SDcr\u00e9ation<\/title>\n<meta name=\"robots\" content=\"index, follow, max-snippet:-1, max-image-preview:large, max-video-preview:-1\" \/>\n<link rel=\"canonical\" href=\"https:\/\/sdcreation16.fr\/index.php\/product\/porte-serviettes\/\" \/>\n<meta property=\"og:locale\" content=\"fr_FR\" \/>\n<meta property=\"og:type\" content=\"article\" \/>\n<meta property=\"og:title\" content=\"porte serviettes\" \/>\n<meta property=\"og:description\" content=\"r\u00e9alis\u00e9 en noyer est epoxy 8 crochets epoxy d\u00e9grad\u00e9 de dor\u00e9 cuivr\u00e9 et noir dimensions 75x15x2cm dimensions et coloris au choix, devis sur demande exp\u00e9dition mondial relais possible en sup &nbsp; &nbsp; &nbsp;\" \/>\n<meta property=\"og:url\" content=\"https:\/\/sdcreation16.fr\/index.php\/product\/porte-serviettes\/\" \/>\n<meta property=\"og:site_name\" content=\"SDcr\u00e9ation\" \/>\n<meta property=\"article:publisher\" content=\"https:\/\/www.facebook.com\/sdcreation.damase.10\" \/>\n<meta property=\"article:modified_time\" content=\"2024-06-06T07:20:34+00:00\" \/>\n<meta property=\"og:image\" content=\"https:\/\/sdcreation16.fr\/wp-content\/uploads\/2021\/08\/234743477_248448970464210_8871423915521641223_n.jpg\" \/>\n\t<meta property=\"og:image:width\" content=\"960\" \/>\n\t<meta property=\"og:image:height\" content=\"720\" \/>\n\t<meta property=\"og:image:type\" content=\"image\/jpeg\" \/>\n<meta name=\"twitter:card\" content=\"summary_large_image\" \/>\n<meta name=\"twitter:label1\" content=\"Prix\" \/>\n\t<meta name=\"twitter:data1\" content=\"&euro;44,00\" \/>\n\t<meta name=\"twitter:label2\" content=\"Disponibilit\u00e9\" \/>\n\t<meta name=\"twitter:data2\" content=\"En r\u00e9assort\" \/>\n<script type=\"application\/ld+json\" class=\"yoast-schema-graph\">{\"@context\":\"https:\/\/schema.org\",\"@graph\":[{\"@type\":\"WebPage\",\"@id\":\"https:\/\/sdcreation16.fr\/index.php\/product\/porte-serviettes\/\",\"url\":\"https:\/\/sdcreation16.fr\/index.php\/product\/porte-serviettes\/\",\"name\":\"porte serviettes - SDcr\u00e9ation\",\"isPartOf\":{\"@id\":\"https:\/\/sdcreation16.fr\/#website\"},\"primaryImageOfPage\":{\"@id\":\"https:\/\/sdcreation16.fr\/index.php\/product\/porte-serviettes\/#primaryimage\"},\"image\":{\"@id\":\"https:\/\/sdcreation16.fr\/index.php\/product\/porte-serviettes\/#primaryimage\"},\"thumbnailUrl\":\"https:\/\/sdcreation16.fr\/wp-content\/uploads\/2021\/08\/234743477_248448970464210_8871423915521641223_n.jpg\",\"datePublished\":\"2021-08-18T08:17:56+00:00\",\"dateModified\":\"2024-06-06T07:20:34+00:00\",\"breadcrumb\":{\"@id\":\"https:\/\/sdcreation16.fr\/index.php\/product\/porte-serviettes\/#breadcrumb\"},\"inLanguage\":\"fr-FR\",\"potentialAction\":[{\"@type\":\"ReadAction\",\"target\":[\"https:\/\/sdcreation16.fr\/index.php\/product\/porte-serviettes\/\"]}]},{\"@type\":\"ImageObject\",\"inLanguage\":\"fr-FR\",\"@id\":\"https:\/\/sdcreation16.fr\/index.php\/product\/porte-serviettes\/#primaryimage\",\"url\":\"https:\/\/sdcreation16.fr\/wp-content\/uploads\/2021\/08\/234743477_248448970464210_8871423915521641223_n.jpg\",\"contentUrl\":\"https:\/\/sdcreation16.fr\/wp-content\/uploads\/2021\/08\/234743477_248448970464210_8871423915521641223_n.jpg\",\"width\":960,\"height\":720},{\"@type\":\"BreadcrumbList\",\"@id\":\"https:\/\/sdcreation16.fr\/index.php\/product\/porte-serviettes\/#breadcrumb\",\"itemListElement\":[{\"@type\":\"ListItem\",\"position\":1,\"name\":\"Accueil\",\"item\":\"https:\/\/sdcreation16.fr\/\"},{\"@type\":\"ListItem\",\"position\":2,\"name\":\"Products\",\"item\":\"https:\/\/sdcreation16.fr\/index.php\/shop\/\"},{\"@type\":\"ListItem\",\"position\":3,\"name\":\"porte serviettes\"}]},{\"@type\":\"WebSite\",\"@id\":\"https:\/\/sdcreation16.fr\/#website\",\"url\":\"https:\/\/sdcreation16.fr\/\",\"name\":\"SDcr\u00e9ation\",\"description\":\"L&#039;association de la r\u00e9sine et du bois.\",\"publisher\":{\"@id\":\"https:\/\/sdcreation16.fr\/#organization\"},\"potentialAction\":[{\"@type\":\"SearchAction\",\"target\":{\"@type\":\"EntryPoint\",\"urlTemplate\":\"https:\/\/sdcreation16.fr\/?s={search_term_string}\"},\"query-input\":{\"@type\":\"PropertyValueSpecification\",\"valueRequired\":true,\"valueName\":\"search_term_string\"}}],\"inLanguage\":\"fr-FR\"},{\"@type\":\"Organization\",\"@id\":\"https:\/\/sdcreation16.fr\/#organization\",\"name\":\"sd creation\",\"url\":\"https:\/\/sdcreation16.fr\/\",\"logo\":{\"@type\":\"ImageObject\",\"inLanguage\":\"fr-FR\",\"@id\":\"https:\/\/sdcreation16.fr\/#\/schema\/logo\/image\/\",\"url\":\"https:\/\/sdcreation16.fr\/wp-content\/uploads\/2020\/12\/new-logo.png\",\"contentUrl\":\"https:\/\/sdcreation16.fr\/wp-content\/uploads\/2020\/12\/new-logo.png\",\"width\":595,\"height\":100,\"caption\":\"sd creation\"},\"image\":{\"@id\":\"https:\/\/sdcreation16.fr\/#\/schema\/logo\/image\/\"},\"sameAs\":[\"https:\/\/www.facebook.com\/sdcreation.damase.10\"]}]}<\/script>\n<meta property=\"product:price:amount\" content=\"44.00\" \/>\n<meta property=\"product:price:currency\" content=\"EUR\" \/>\n<meta property=\"og:availability\" content=\"backorder\" \/>\n<meta property=\"product:availability\" content=\"available for order\" \/>\n<meta property=\"product:condition\" content=\"new\" \/>\n<!-- \/ Yoast SEO Premium plugin. -->","yoast_head_json":{"title":"porte serviettes - SDcr\u00e9ation","robots":{"index":"index","follow":"follow","max-snippet":"max-snippet:-1","max-image-preview":"max-image-preview:large","max-video-preview":"max-video-preview:-1"},"canonical":"https:\/\/sdcreation16.fr\/index.php\/product\/porte-serviettes\/","og_locale":"fr_FR","og_type":"article","og_title":"porte serviettes","og_description":"r\u00e9alis\u00e9 en noyer est epoxy 8 crochets epoxy d\u00e9grad\u00e9 de dor\u00e9 cuivr\u00e9 et noir dimensions 75x15x2cm dimensions et coloris au choix, devis sur demande exp\u00e9dition mondial relais possible en sup &nbsp; &nbsp; &nbsp;","og_url":"https:\/\/sdcreation16.fr\/index.php\/product\/porte-serviettes\/","og_site_name":"SDcr\u00e9ation","article_publisher":"https:\/\/www.facebook.com\/sdcreation.damase.10","article_modified_time":"2024-06-06T07:20:34+00:00","og_image":[{"width":960,"height":720,"url":"https:\/\/sdcreation16.fr\/wp-content\/uploads\/2021\/08\/234743477_248448970464210_8871423915521641223_n.jpg","type":"image\/jpeg"}],"twitter_card":"summary_large_image","twitter_misc":{"Prix":"&euro;44,00","Disponibilit\u00e9":"En r\u00e9assort"},"schema":{"@context":"https:\/\/schema.org","@graph":[{"@type":"WebPage","@id":"https:\/\/sdcreation16.fr\/index.php\/product\/porte-serviettes\/","url":"https:\/\/sdcreation16.fr\/index.php\/product\/porte-serviettes\/","name":"porte serviettes - SDcr\u00e9ation","isPartOf":{"@id":"https:\/\/sdcreation16.fr\/#website"},"primaryImageOfPage":{"@id":"https:\/\/sdcreation16.fr\/index.php\/product\/porte-serviettes\/#primaryimage"},"image":{"@id":"https:\/\/sdcreation16.fr\/index.php\/product\/porte-serviettes\/#primaryimage"},"thumbnailUrl":"https:\/\/sdcreation16.fr\/wp-content\/uploads\/2021\/08\/234743477_248448970464210_8871423915521641223_n.jpg","datePublished":"2021-08-18T08:17:56+00:00","dateModified":"2024-06-06T07:20:34+00:00","breadcrumb":{"@id":"https:\/\/sdcreation16.fr\/index.php\/product\/porte-serviettes\/#breadcrumb"},"inLanguage":"fr-FR","potentialAction":[{"@type":"ReadAction","target":["https:\/\/sdcreation16.fr\/index.php\/product\/porte-serviettes\/"]}]},{"@type":"ImageObject","inLanguage":"fr-FR","@id":"https:\/\/sdcreation16.fr\/index.php\/product\/porte-serviettes\/#primaryimage","url":"https:\/\/sdcreation16.fr\/wp-content\/uploads\/2021\/08\/234743477_248448970464210_8871423915521641223_n.jpg","contentUrl":"https:\/\/sdcreation16.fr\/wp-content\/uploads\/2021\/08\/234743477_248448970464210_8871423915521641223_n.jpg","width":960,"height":720},{"@type":"BreadcrumbList","@id":"https:\/\/sdcreation16.fr\/index.php\/product\/porte-serviettes\/#breadcrumb","itemListElement":[{"@type":"ListItem","position":1,"name":"Accueil","item":"https:\/\/sdcreation16.fr\/"},{"@type":"ListItem","position":2,"name":"Products","item":"https:\/\/sdcreation16.fr\/index.php\/shop\/"},{"@type":"ListItem","position":3,"name":"porte serviettes"}]},{"@type":"WebSite","@id":"https:\/\/sdcreation16.fr\/#website","url":"https:\/\/sdcreation16.fr\/","name":"SDcr\u00e9ation","description":"L&#039;association de la r\u00e9sine et du bois.","publisher":{"@id":"https:\/\/sdcreation16.fr\/#organization"},"potentialAction":[{"@type":"SearchAction","target":{"@type":"EntryPoint","urlTemplate":"https:\/\/sdcreation16.fr\/?s={search_term_string}"},"query-input":{"@type":"PropertyValueSpecification","valueRequired":true,"valueName":"search_term_string"}}],"inLanguage":"fr-FR"},{"@type":"Organization","@id":"https:\/\/sdcreation16.fr\/#organization","name":"sd creation","url":"https:\/\/sdcreation16.fr\/","logo":{"@type":"ImageObject","inLanguage":"fr-FR","@id":"https:\/\/sdcreation16.fr\/#\/schema\/logo\/image\/","url":"https:\/\/sdcreation16.fr\/wp-content\/uploads\/2020\/12\/new-logo.png","contentUrl":"https:\/\/sdcreation16.fr\/wp-content\/uploads\/2020\/12\/new-logo.png","width":595,"height":100,"caption":"sd creation"},"image":{"@id":"https:\/\/sdcreation16.fr\/#\/schema\/logo\/image\/"},"sameAs":["https:\/\/www.facebook.com\/sdcreation.damase.10"]}]},"product_price_amount":"44.00","product_price_currency":"EUR","og_availability":"backorder","product_availability":"available for order","product_condition":"new"},"_links":{"self":[{"href":"https:\/\/sdcreation16.fr\/index.php\/wp-json\/wp\/v2\/product\/312","targetHints":{"allow":["GET"]}}],"collection":[{"href":"https:\/\/sdcreation16.fr\/index.php\/wp-json\/wp\/v2\/product"}],"about":[{"href":"https:\/\/sdcreation16.fr\/index.php\/wp-json\/wp\/v2\/types\/product"}],"replies":[{"embeddable":true,"href":"https:\/\/sdcreation16.fr\/index.php\/wp-json\/wp\/v2\/comments?post=312"}],"wp:featuredmedia":[{"embeddable":true,"href":"https:\/\/sdcreation16.fr\/index.php\/wp-json\/wp\/v2\/media\/316"}],"wp:attachment":[{"href":"https:\/\/sdcreation16.fr\/index.php\/wp-json\/wp\/v2\/media?parent=312"}],"wp:term":[{"taxonomy":"product_brand","embeddable":true,"href":"https:\/\/sdcreation16.fr\/index.php\/wp-json\/wp\/v2\/product_brand?post=312"},{"taxonomy":"product_cat","embeddable":true,"href":"https:\/\/sdcreation16.fr\/index.php\/wp-json\/wp\/v2\/product_cat?post=312"},{"taxonomy":"product_tag","embeddable":true,"href":"https:\/\/sdcreation16.fr\/index.php\/wp-json\/wp\/v2\/product_tag?post=312"}],"curies":[{"name":"wp","href":"https:\/\/api.w.org\/{rel}","templated":true}]}}