{"id":1676,"date":"2026-04-26T12:03:31","date_gmt":"2026-04-26T10:03:31","guid":{"rendered":"https:\/\/sdcreation16.fr\/?post_type=product&#038;p=1676"},"modified":"2026-04-26T12:09:53","modified_gmt":"2026-04-26T10:09:53","slug":"jeu-des-petits-chevaux-pions-en-bois-et-epoxy","status":"publish","type":"product","link":"https:\/\/sdcreation16.fr\/index.php\/product\/jeu-des-petits-chevaux-pions-en-bois-et-epoxy\/","title":{"rendered":"Jeu des Petits Chevaux  + pions en bois et \u00e9poxy"},"content":{"rendered":"<h1>Jeu de petits chevaux bois et \u00e9poxy fait main :<\/h1>\n<p>&nbsp;<\/p>\n<p>Red\u00e9couvrez la joie et la convivialit\u00e9 du jeu des Petits Chevaux en bois et \u00e9poxy avec cette \u00e9dition personnalisable. Ce jeu fusionne la simplicit\u00e9 d&rsquo;un classique familial avec l&rsquo;\u00e9l\u00e9gance de l&rsquo;artisanat. Nous avons cr\u00e9\u00e9 cet ensemble en\u00a0 bois, l&rsquo;avons encadr\u00e9 d\u2019un bois teint\u00e9 . les t\u00eates de chevaux sculpt\u00e9es,\u00a0 sont recouverte de r\u00e9sine, les pions sont aussi en bois et \u00e9poxy. Ce n&rsquo;est pas seulement un jeu, c&rsquo;est aussi un objet d\u00e9coratif unique !<\/p>\n<h3><b>Un Jeu\u00a0 de Soci\u00e9t\u00e9 Fait Main de Qualit\u00e9 Sup\u00e9rieure en Bois et \u00e9poxy.<\/b><\/h3>\n<p>&nbsp;<\/p>\n<ul>\n<li><b>Plateau de Jeu :<\/b> Nous fabriquons la surface de jeu en <b>chataignier massif<\/b>, un bois clair qui met parfaitement en valeur les couleurs. La r\u00e9sine \u00e9poxy (rouge, bleu, vert, jaune ou couleur sur demande) est <b>incrust\u00e9e<\/b> dans les chemins et les bases de d\u00e9part\/arriv\u00e9e, conf\u00e9rant un relief unique et une brillance durable au plateau.<\/li>\n<li><b>Cadre Robuste :<\/b> Un encadrement en <b>bois massif <\/b>borde le plateau. Cela assure une grande stabilit\u00e9 et apporte une finition haut de gamme, signature de nos pi\u00e8ces d&rsquo;artisanat de luxe.<\/li>\n<li><b>Pi\u00e8ces Originales :<\/b> Les pions en forme de petits chevaux color\u00e9s en bois et \u00e9poxy sont unique.<\/li>\n<li><b>Design Unique :<\/b> Une T\u00e8te de cheval, sculpt\u00e9 dans le bois , recouverte d&rsquo;\u00e9poxy translucide l\u00e9g\u00e8rement teint\u00e9.L&rsquo;effet 3D rend ce jeux encore plus luxueux et unique.<\/li>\n<\/ul>\n<h3><b>D\u00e9tails Techniques<\/b><\/h3>\n<p>&nbsp;<\/p>\n<ul>\n<li><b>Dimensions Approximatives :<\/b> 38 x 38 cm (Plateau de jeu 32 x 32 cm)<\/li>\n<li><b>Bois Utilis\u00e9 :<\/b> Ch\u00e2taignier (Plateau) et d&rsquo;autre type de bois dispo<\/li>\n<li><b>D\u00e9tails :<\/b> R\u00e9sine \u00c9poxy (4 couleurs) &#8211; possible de r\u00e9aliser des couleurs sur demande<\/li>\n<li><b>Style :<\/b> Familial, Luxe, Artisanat, D\u00e9coratif<\/li>\n<li><b>Pi\u00e8ces Incluses :<\/b> 16 pions \u00ab\u00a0chevaux\u00a0\u00bb de 4 couleurs\u00a0 en bois et \u00e9poxy d\u00e9 inclus avec pochette de rangement<\/li>\n<\/ul>\n<h3><b>Id\u00e9al Pour :<\/b><\/h3>\n<ul>\n<li>Vos moments en famille.<\/li>\n<li>D\u00e9corer un salon ou une salle de jeux.<\/li>\n<li>Un cadeau de naissance ou d&rsquo;anniversaire haut de gamme.<\/li>\n<\/ul>\n<p>Offrez-vous un jeu de soci\u00e9t\u00e9 traditionnel qui <b>sert aussi de pi\u00e8ce d\u00e9corative<\/b>. Ce jeu des Petits Chevaux en bois et r\u00e9sine est une valeur s\u00fbre pour cr\u00e9er des moments de qualit\u00e9.<\/p>\n<p>&nbsp;<\/p>\n","protected":false},"excerpt":{"rendered":"<p>Jeu de petits chevaux bois et \u00e9poxy fait main : &nbsp; Red\u00e9couvrez la joie et la convivialit\u00e9 du jeu des Petits Chevaux en bois et \u00e9poxy avec cette \u00e9dition personnalisable. Ce jeu fusionne la simplicit\u00e9 d&rsquo;un classique familial avec l&rsquo;\u00e9l\u00e9gance de l&rsquo;artisanat. Nous avons cr\u00e9\u00e9 cet ensemble en\u00a0 bois, l&rsquo;avons encadr\u00e9 d\u2019un bois teint\u00e9 .&hellip;<\/p>\n","protected":false},"featured_media":1677,"comment_status":"open","ping_status":"closed","template":"","meta":{"_monsterinsights_skip_tracking":false,"_monsterinsights_sitenote_active":false,"_monsterinsights_sitenote_note":"","_monsterinsights_sitenote_category":0,"_uf_show_specific_survey":0,"_uf_disable_surveys":false},"product_brand":[],"product_cat":[36],"product_tag":[156,153,154,148,147,152,151,150,155,149,157],"class_list":{"0":"post-1676","1":"product","2":"type-product","3":"status-publish","4":"has-post-thumbnail","6":"product_cat-jeux-societe-bois-noble-epoxy","7":"product_tag-artisanat-jeu-societe","8":"product_tag-cadeau-enfant-luxe","9":"product_tag-jeu-bois-et-resine","10":"product_tag-jeu-de-societe-luxe","11":"product_tag-jeu-des-petits-chevaux","12":"product_tag-jeu-familial","13":"product_tag-jeu-ludo-bois-epoxy","14":"product_tag-jeu-pachisi-bois","15":"product_tag-jeu-sapin-chene","16":"product_tag-pachisi-artisanal","17":"product_tag-pions-chevaux","18":"description-off","20":"first","21":"onbackorder","22":"purchasable","23":"product-type-simple"},"yoast_head":"<!-- This site is optimized with the Yoast SEO Premium plugin v26.0 (Yoast SEO v26.0) - https:\/\/yoast.com\/wordpress\/plugins\/seo\/ -->\n<title>Jeu des Petits Chevaux + pions en bois et \u00e9poxy - SDcr\u00e9ation<\/title>\n<meta name=\"description\" content=\"Jeu des Petits Chevaux fait main en bois et r\u00e9sine \u00e9poxy personnalisable. Un classique revisit\u00e9 en version luxe, parfait pour toute la famille.\" \/>\n<meta name=\"robots\" content=\"index, follow, max-snippet:-1, max-image-preview:large, max-video-preview:-1\" \/>\n<link rel=\"canonical\" href=\"https:\/\/sdcreation16.fr\/index.php\/product\/jeu-des-petits-chevaux-pions-en-bois-et-epoxy\/\" \/>\n<meta property=\"og:locale\" content=\"fr_FR\" \/>\n<meta property=\"og:type\" content=\"article\" \/>\n<meta property=\"og:title\" content=\"Jeu des Petits Chevaux + pions en bois et \u00e9poxy\" \/>\n<meta property=\"og:description\" content=\"Jeu des Petits Chevaux fait main en bois et r\u00e9sine \u00e9poxy personnalisable. Un classique revisit\u00e9 en version luxe, parfait pour toute la famille.\" \/>\n<meta property=\"og:url\" content=\"https:\/\/sdcreation16.fr\/index.php\/product\/jeu-des-petits-chevaux-pions-en-bois-et-epoxy\/\" \/>\n<meta property=\"og:site_name\" content=\"SDcr\u00e9ation\" \/>\n<meta property=\"article:publisher\" content=\"https:\/\/www.facebook.com\/sdcreation.damase.10\" \/>\n<meta property=\"article:modified_time\" content=\"2026-04-26T10:09:53+00:00\" \/>\n<meta property=\"og:image\" content=\"https:\/\/sdcreation16.fr\/wp-content\/uploads\/2026\/04\/683200881_1327711365871293_8656793928803858819_n.jpg\" \/>\n\t<meta property=\"og:image:width\" content=\"2048\" \/>\n\t<meta property=\"og:image:height\" content=\"1536\" \/>\n\t<meta property=\"og:image:type\" content=\"image\/jpeg\" \/>\n<meta name=\"twitter:card\" content=\"summary_large_image\" \/>\n<meta name=\"twitter:label1\" content=\"Prix\" \/>\n\t<meta name=\"twitter:data1\" content=\"&euro;80,00\" \/>\n\t<meta name=\"twitter:label2\" content=\"Disponibilit\u00e9\" \/>\n\t<meta name=\"twitter:data2\" content=\"En r\u00e9assort\" \/>\n<script type=\"application\/ld+json\" class=\"yoast-schema-graph\">{\"@context\":\"https:\/\/schema.org\",\"@graph\":[{\"@type\":\"WebPage\",\"@id\":\"https:\/\/sdcreation16.fr\/index.php\/product\/jeu-des-petits-chevaux-pions-en-bois-et-epoxy\/\",\"url\":\"https:\/\/sdcreation16.fr\/index.php\/product\/jeu-des-petits-chevaux-pions-en-bois-et-epoxy\/\",\"name\":\"Jeu des Petits Chevaux + pions en bois et \u00e9poxy - SDcr\u00e9ation\",\"isPartOf\":{\"@id\":\"https:\/\/sdcreation16.fr\/#website\"},\"primaryImageOfPage\":{\"@id\":\"https:\/\/sdcreation16.fr\/index.php\/product\/jeu-des-petits-chevaux-pions-en-bois-et-epoxy\/#primaryimage\"},\"image\":{\"@id\":\"https:\/\/sdcreation16.fr\/index.php\/product\/jeu-des-petits-chevaux-pions-en-bois-et-epoxy\/#primaryimage\"},\"thumbnailUrl\":\"https:\/\/sdcreation16.fr\/wp-content\/uploads\/2026\/04\/683200881_1327711365871293_8656793928803858819_n.jpg\",\"datePublished\":\"2026-04-26T10:03:31+00:00\",\"dateModified\":\"2026-04-26T10:09:53+00:00\",\"description\":\"Jeu des Petits Chevaux fait main en bois et r\u00e9sine \u00e9poxy personnalisable. Un classique revisit\u00e9 en version luxe, parfait pour toute la famille.\",\"breadcrumb\":{\"@id\":\"https:\/\/sdcreation16.fr\/index.php\/product\/jeu-des-petits-chevaux-pions-en-bois-et-epoxy\/#breadcrumb\"},\"inLanguage\":\"fr-FR\",\"potentialAction\":[{\"@type\":\"ReadAction\",\"target\":[\"https:\/\/sdcreation16.fr\/index.php\/product\/jeu-des-petits-chevaux-pions-en-bois-et-epoxy\/\"]}]},{\"@type\":\"ImageObject\",\"inLanguage\":\"fr-FR\",\"@id\":\"https:\/\/sdcreation16.fr\/index.php\/product\/jeu-des-petits-chevaux-pions-en-bois-et-epoxy\/#primaryimage\",\"url\":\"https:\/\/sdcreation16.fr\/wp-content\/uploads\/2026\/04\/683200881_1327711365871293_8656793928803858819_n.jpg\",\"contentUrl\":\"https:\/\/sdcreation16.fr\/wp-content\/uploads\/2026\/04\/683200881_1327711365871293_8656793928803858819_n.jpg\",\"width\":2048,\"height\":1536,\"caption\":\"Jeu petits chevaux bois et \u00e9poxy personnalisable\"},{\"@type\":\"BreadcrumbList\",\"@id\":\"https:\/\/sdcreation16.fr\/index.php\/product\/jeu-des-petits-chevaux-pions-en-bois-et-epoxy\/#breadcrumb\",\"itemListElement\":[{\"@type\":\"ListItem\",\"position\":1,\"name\":\"Accueil\",\"item\":\"https:\/\/sdcreation16.fr\/\"},{\"@type\":\"ListItem\",\"position\":2,\"name\":\"Products\",\"item\":\"https:\/\/sdcreation16.fr\/index.php\/shop\/\"},{\"@type\":\"ListItem\",\"position\":3,\"name\":\"Jeu des Petits Chevaux + pions en bois et \u00e9poxy\"}]},{\"@type\":\"WebSite\",\"@id\":\"https:\/\/sdcreation16.fr\/#website\",\"url\":\"https:\/\/sdcreation16.fr\/\",\"name\":\"SDcr\u00e9ation\",\"description\":\"L&#039;association de la r\u00e9sine et du bois.\",\"publisher\":{\"@id\":\"https:\/\/sdcreation16.fr\/#organization\"},\"potentialAction\":[{\"@type\":\"SearchAction\",\"target\":{\"@type\":\"EntryPoint\",\"urlTemplate\":\"https:\/\/sdcreation16.fr\/?s={search_term_string}\"},\"query-input\":{\"@type\":\"PropertyValueSpecification\",\"valueRequired\":true,\"valueName\":\"search_term_string\"}}],\"inLanguage\":\"fr-FR\"},{\"@type\":\"Organization\",\"@id\":\"https:\/\/sdcreation16.fr\/#organization\",\"name\":\"sd creation\",\"url\":\"https:\/\/sdcreation16.fr\/\",\"logo\":{\"@type\":\"ImageObject\",\"inLanguage\":\"fr-FR\",\"@id\":\"https:\/\/sdcreation16.fr\/#\/schema\/logo\/image\/\",\"url\":\"https:\/\/sdcreation16.fr\/wp-content\/uploads\/2020\/12\/new-logo.png\",\"contentUrl\":\"https:\/\/sdcreation16.fr\/wp-content\/uploads\/2020\/12\/new-logo.png\",\"width\":595,\"height\":100,\"caption\":\"sd creation\"},\"image\":{\"@id\":\"https:\/\/sdcreation16.fr\/#\/schema\/logo\/image\/\"},\"sameAs\":[\"https:\/\/www.facebook.com\/sdcreation.damase.10\"]}]}<\/script>\n<meta property=\"product:price:amount\" content=\"80.00\" \/>\n<meta property=\"product:price:currency\" content=\"EUR\" \/>\n<meta property=\"og:availability\" content=\"backorder\" \/>\n<meta property=\"product:availability\" content=\"available for order\" \/>\n<meta property=\"product:condition\" content=\"new\" \/>\n<!-- \/ Yoast SEO Premium plugin. -->","yoast_head_json":{"title":"Jeu des Petits Chevaux + pions en bois et \u00e9poxy - SDcr\u00e9ation","description":"Jeu des Petits Chevaux fait main en bois et r\u00e9sine \u00e9poxy personnalisable. Un classique revisit\u00e9 en version luxe, parfait pour toute la famille.","robots":{"index":"index","follow":"follow","max-snippet":"max-snippet:-1","max-image-preview":"max-image-preview:large","max-video-preview":"max-video-preview:-1"},"canonical":"https:\/\/sdcreation16.fr\/index.php\/product\/jeu-des-petits-chevaux-pions-en-bois-et-epoxy\/","og_locale":"fr_FR","og_type":"article","og_title":"Jeu des Petits Chevaux + pions en bois et \u00e9poxy","og_description":"Jeu des Petits Chevaux fait main en bois et r\u00e9sine \u00e9poxy personnalisable. Un classique revisit\u00e9 en version luxe, parfait pour toute la famille.","og_url":"https:\/\/sdcreation16.fr\/index.php\/product\/jeu-des-petits-chevaux-pions-en-bois-et-epoxy\/","og_site_name":"SDcr\u00e9ation","article_publisher":"https:\/\/www.facebook.com\/sdcreation.damase.10","article_modified_time":"2026-04-26T10:09:53+00:00","og_image":[{"width":2048,"height":1536,"url":"https:\/\/sdcreation16.fr\/wp-content\/uploads\/2026\/04\/683200881_1327711365871293_8656793928803858819_n.jpg","type":"image\/jpeg"}],"twitter_card":"summary_large_image","twitter_misc":{"Prix":"&euro;80,00","Disponibilit\u00e9":"En r\u00e9assort"},"schema":{"@context":"https:\/\/schema.org","@graph":[{"@type":"WebPage","@id":"https:\/\/sdcreation16.fr\/index.php\/product\/jeu-des-petits-chevaux-pions-en-bois-et-epoxy\/","url":"https:\/\/sdcreation16.fr\/index.php\/product\/jeu-des-petits-chevaux-pions-en-bois-et-epoxy\/","name":"Jeu des Petits Chevaux + pions en bois et \u00e9poxy - SDcr\u00e9ation","isPartOf":{"@id":"https:\/\/sdcreation16.fr\/#website"},"primaryImageOfPage":{"@id":"https:\/\/sdcreation16.fr\/index.php\/product\/jeu-des-petits-chevaux-pions-en-bois-et-epoxy\/#primaryimage"},"image":{"@id":"https:\/\/sdcreation16.fr\/index.php\/product\/jeu-des-petits-chevaux-pions-en-bois-et-epoxy\/#primaryimage"},"thumbnailUrl":"https:\/\/sdcreation16.fr\/wp-content\/uploads\/2026\/04\/683200881_1327711365871293_8656793928803858819_n.jpg","datePublished":"2026-04-26T10:03:31+00:00","dateModified":"2026-04-26T10:09:53+00:00","description":"Jeu des Petits Chevaux fait main en bois et r\u00e9sine \u00e9poxy personnalisable. Un classique revisit\u00e9 en version luxe, parfait pour toute la famille.","breadcrumb":{"@id":"https:\/\/sdcreation16.fr\/index.php\/product\/jeu-des-petits-chevaux-pions-en-bois-et-epoxy\/#breadcrumb"},"inLanguage":"fr-FR","potentialAction":[{"@type":"ReadAction","target":["https:\/\/sdcreation16.fr\/index.php\/product\/jeu-des-petits-chevaux-pions-en-bois-et-epoxy\/"]}]},{"@type":"ImageObject","inLanguage":"fr-FR","@id":"https:\/\/sdcreation16.fr\/index.php\/product\/jeu-des-petits-chevaux-pions-en-bois-et-epoxy\/#primaryimage","url":"https:\/\/sdcreation16.fr\/wp-content\/uploads\/2026\/04\/683200881_1327711365871293_8656793928803858819_n.jpg","contentUrl":"https:\/\/sdcreation16.fr\/wp-content\/uploads\/2026\/04\/683200881_1327711365871293_8656793928803858819_n.jpg","width":2048,"height":1536,"caption":"Jeu petits chevaux bois et \u00e9poxy personnalisable"},{"@type":"BreadcrumbList","@id":"https:\/\/sdcreation16.fr\/index.php\/product\/jeu-des-petits-chevaux-pions-en-bois-et-epoxy\/#breadcrumb","itemListElement":[{"@type":"ListItem","position":1,"name":"Accueil","item":"https:\/\/sdcreation16.fr\/"},{"@type":"ListItem","position":2,"name":"Products","item":"https:\/\/sdcreation16.fr\/index.php\/shop\/"},{"@type":"ListItem","position":3,"name":"Jeu des Petits Chevaux + pions en bois et \u00e9poxy"}]},{"@type":"WebSite","@id":"https:\/\/sdcreation16.fr\/#website","url":"https:\/\/sdcreation16.fr\/","name":"SDcr\u00e9ation","description":"L&#039;association de la r\u00e9sine et du bois.","publisher":{"@id":"https:\/\/sdcreation16.fr\/#organization"},"potentialAction":[{"@type":"SearchAction","target":{"@type":"EntryPoint","urlTemplate":"https:\/\/sdcreation16.fr\/?s={search_term_string}"},"query-input":{"@type":"PropertyValueSpecification","valueRequired":true,"valueName":"search_term_string"}}],"inLanguage":"fr-FR"},{"@type":"Organization","@id":"https:\/\/sdcreation16.fr\/#organization","name":"sd creation","url":"https:\/\/sdcreation16.fr\/","logo":{"@type":"ImageObject","inLanguage":"fr-FR","@id":"https:\/\/sdcreation16.fr\/#\/schema\/logo\/image\/","url":"https:\/\/sdcreation16.fr\/wp-content\/uploads\/2020\/12\/new-logo.png","contentUrl":"https:\/\/sdcreation16.fr\/wp-content\/uploads\/2020\/12\/new-logo.png","width":595,"height":100,"caption":"sd creation"},"image":{"@id":"https:\/\/sdcreation16.fr\/#\/schema\/logo\/image\/"},"sameAs":["https:\/\/www.facebook.com\/sdcreation.damase.10"]}]},"product_price_amount":"80.00","product_price_currency":"EUR","og_availability":"backorder","product_availability":"available for order","product_condition":"new"},"_links":{"self":[{"href":"https:\/\/sdcreation16.fr\/index.php\/wp-json\/wp\/v2\/product\/1676","targetHints":{"allow":["GET"]}}],"collection":[{"href":"https:\/\/sdcreation16.fr\/index.php\/wp-json\/wp\/v2\/product"}],"about":[{"href":"https:\/\/sdcreation16.fr\/index.php\/wp-json\/wp\/v2\/types\/product"}],"replies":[{"embeddable":true,"href":"https:\/\/sdcreation16.fr\/index.php\/wp-json\/wp\/v2\/comments?post=1676"}],"wp:featuredmedia":[{"embeddable":true,"href":"https:\/\/sdcreation16.fr\/index.php\/wp-json\/wp\/v2\/media\/1677"}],"wp:attachment":[{"href":"https:\/\/sdcreation16.fr\/index.php\/wp-json\/wp\/v2\/media?parent=1676"}],"wp:term":[{"taxonomy":"product_brand","embeddable":true,"href":"https:\/\/sdcreation16.fr\/index.php\/wp-json\/wp\/v2\/product_brand?post=1676"},{"taxonomy":"product_cat","embeddable":true,"href":"https:\/\/sdcreation16.fr\/index.php\/wp-json\/wp\/v2\/product_cat?post=1676"},{"taxonomy":"product_tag","embeddable":true,"href":"https:\/\/sdcreation16.fr\/index.php\/wp-json\/wp\/v2\/product_tag?post=1676"}],"curies":[{"name":"wp","href":"https:\/\/api.w.org\/{rel}","templated":true}]}}