{"id":1661,"date":"2026-03-05T16:51:46","date_gmt":"2026-03-05T15:51:46","guid":{"rendered":"https:\/\/sdcreation16.fr\/?post_type=product&#038;p=1661"},"modified":"2026-03-05T17:41:15","modified_gmt":"2026-03-05T16:41:15","slug":"backgammon-de-luxe-epoxy-bleu-noir-orme-massif","status":"publish","type":"product","link":"https:\/\/sdcreation16.fr\/index.php\/product\/backgammon-de-luxe-epoxy-bleu-noir-orme-massif\/","title":{"rendered":"Backgammon de Luxe  \u00c9poxy Bleu  noir, orme massif"},"content":{"rendered":"<div class=\"response-container-content ng-tns-c376061876-60\">\n<div class=\"response-content ng-tns-c376061876-60\">\n<div id=\"model-response-message-contentr_e4cae55c8236f0f3\" class=\"markdown markdown-main-panel enable-updated-hr-color\" dir=\"ltr\" aria-live=\"polite\" aria-busy=\"false\">\n<h3><b>Le Backgammon R\u00e9invent\u00e9 : Artisanat et Mati\u00e8res d&rsquo;Exception<\/b><\/h3>\n<p>&nbsp;<\/p>\n<p data-path-to-node=\"16\">Red\u00e9couvrez le plaisir du Backgammon avec cette \u00e9dition de luxe, v\u00e9ritable \u0153uvre d&rsquo;artisanat. Nous avons con\u00e7u ce jeu comme une pi\u00e8ce d\u00e9corative, fusionnant l&rsquo;\u00e9l\u00e9gance des bois massifs rares et l&rsquo;\u00e9clat moderne de l&rsquo;\u00e9poxy.<\/p>\n<h3><b>Une Qualit\u00e9 de Fabrication Sup\u00e9rieure<\/b><\/h3>\n<p>&nbsp;<\/p>\n<ul data-path-to-node=\"18\">\n<li>\n<p data-path-to-node=\"18,0,0\"><b>Plateau de Jeu :<\/b> Nous avons s\u00e9lectionn\u00e9 l&rsquo;<b>orme<\/b> pour le plateau. Ce bois rare, avec son grain tourment\u00e9 et ses motifs spectaculaires, conf\u00e8re une profondeur visuelle unique.<\/p>\n<\/li>\n<li><b>D\u00e9tails en \u00c9poxy :<\/b> L&rsquo;\u00e9poxy de couleur <b>bleu \/noir<\/b> est magnifiquement incrust\u00e9, cr\u00e9ant un contraste saisissant avec la richesse de l&rsquo;orme galeux et d\u00e9limitant les triangles.<\/li>\n<li>\n<p data-path-to-node=\"18,3,0\"><b>Pions Personnalis\u00e9s :<\/b> Les pions sont en bois, leur donnant une texture et des teintes naturelles uniques qui se marient parfaitement avec le plateau.<\/p>\n<\/li>\n<li>\n<p data-path-to-node=\"18,4,0\"><b>Finition Luxe :<\/b> L&rsquo;ensemble int\u00e8gre des <b>charni\u00e8res invisibles<\/b> qui pr\u00e9servent l&rsquo;esth\u00e9tique \u00e9pur\u00e9e du cadre. Ferm\u00e9, ce Backgammon est une magnifique bo\u00eete en bois massif.<\/p>\n<\/li>\n<\/ul>\n<h3><b>Caract\u00e9ristiques Techniques<\/b><\/h3>\n<p>&nbsp;<\/p>\n<ul data-path-to-node=\"20\">\n<li>\n<p data-path-to-node=\"20,1,0\"><b>Bois du Plateau :<\/b> Orme<\/p>\n<\/li>\n<li>\n<p data-path-to-node=\"20,2,0\"><b>Mat\u00e9riau des Triangles :<\/b> R\u00e9sine \u00c9poxy (Bleu noir)<\/p>\n<\/li>\n<li>\n<p data-path-to-node=\"20,3,0\"><b>Pions :<\/b> Pions\u00a0 en bois<\/p>\n<\/li>\n<li>\n<p data-path-to-node=\"20,4,0\"><b>Syst\u00e8me de Fermeture :<\/b> Charni\u00e8res invisibles<\/p>\n<\/li>\n<li>\n<p data-path-to-node=\"20,5,0\"><b>Style :<\/b> Luxe, Artisanat, Pi\u00e8ce de Collection<\/p>\n<\/li>\n<li>\n<p data-path-to-node=\"20,6,0\"><b>Dimensions :<\/b> ferm\u00e9240x320x55- \u00a0ouvert 482x320x27.5<\/p>\n<\/li>\n<\/ul>\n<p data-path-to-node=\"21\">Ce Backgammon est le cadeau parfait pour les passionn\u00e9s de jeux de soci\u00e9t\u00e9, les collectionneurs et ceux qui appr\u00e9cient les objets de d\u00e9coration en bois d&rsquo;exception.<\/p>\n<\/div>\n<\/div>\n<\/div>\n","protected":false},"excerpt":{"rendered":"<p>Le Backgammon R\u00e9invent\u00e9 : Artisanat et Mati\u00e8res d&rsquo;Exception &nbsp; Red\u00e9couvrez le plaisir du Backgammon avec cette \u00e9dition de luxe, v\u00e9ritable \u0153uvre d&rsquo;artisanat. Nous avons con\u00e7u ce jeu comme une pi\u00e8ce d\u00e9corative, fusionnant l&rsquo;\u00e9l\u00e9gance des bois massifs rares et l&rsquo;\u00e9clat moderne de l&rsquo;\u00e9poxy. Une Qualit\u00e9 de Fabrication Sup\u00e9rieure &nbsp; Plateau de Jeu : Nous avons s\u00e9lectionn\u00e9&hellip;<\/p>\n","protected":false},"featured_media":1665,"comment_status":"open","ping_status":"closed","template":"","meta":{"_monsterinsights_skip_tracking":false,"_monsterinsights_sitenote_active":false,"_monsterinsights_sitenote_note":"","_monsterinsights_sitenote_category":0,"_uf_show_specific_survey":0,"_uf_disable_surveys":false},"product_brand":[],"product_cat":[36],"product_tag":[186,315,67,61,320,64,65,90,318,316,319,68,66,63,184,53,62,317,87],"class_list":{"0":"post-1661","1":"product","2":"type-product","3":"status-publish","4":"has-post-thumbnail","6":"product_cat-jeux-societe-bois-noble-epoxy","7":"product_tag-artisanal","8":"product_tag-backgammon","9":"product_tag-backgammon-artisanal","10":"product_tag-backgammon-epoxy","11":"product_tag-bois-rare","12":"product_tag-bois-resine","13":"product_tag-cadeau-collection","14":"product_tag-cadeau-luxe","15":"product_tag-charnieres-invisibles","16":"product_tag-chene-massif","17":"product_tag-decoration-haut-de-gamme","18":"product_tag-epoxy-bleu","19":"product_tag-fait-main","20":"product_tag-jeu-de-luxe","21":"product_tag-jeu-de-societe","22":"product_tag-jeu-de-table-design","23":"product_tag-orme-galeux","24":"product_tag-pions-personnalises","25":"product_tag-resine-epoxy","26":"description-off","28":"first","29":"instock","30":"sale","31":"purchasable","32":"product-type-simple"},"yoast_head":"<!-- This site is optimized with the Yoast SEO Premium plugin v26.0 (Yoast SEO v26.0) - https:\/\/yoast.com\/wordpress\/plugins\/seo\/ -->\n<title>Backgammon Artisanat Luxe | Orme Galeux &amp; \u00c9poxy Bleu |Pions<\/title>\n<meta name=\"description\" content=\"Backgammon \u00e9poxy, Orme Galeux, Jeu de luxe, Bois r\u00e9sine, Cadeau collection, Fait main, Jeu de table design, Backgammon artisanal, \u00c9poxy bleu\" \/>\n<meta name=\"robots\" content=\"index, follow, max-snippet:-1, max-image-preview:large, max-video-preview:-1\" \/>\n<link rel=\"canonical\" href=\"https:\/\/sdcreation16.fr\/index.php\/product\/backgammon-de-luxe-epoxy-bleu-noir-orme-massif\/\" \/>\n<meta property=\"og:locale\" content=\"fr_FR\" \/>\n<meta property=\"og:type\" content=\"article\" \/>\n<meta property=\"og:title\" content=\"Backgammon de Luxe \u00c9poxy Bleu noir, orme massif\" \/>\n<meta property=\"og:description\" content=\"Backgammon \u00e9poxy, Orme Galeux, Jeu de luxe, Bois r\u00e9sine, Cadeau collection, Fait main, Jeu de table design, Backgammon artisanal, \u00c9poxy bleu\" \/>\n<meta property=\"og:url\" content=\"https:\/\/sdcreation16.fr\/index.php\/product\/backgammon-de-luxe-epoxy-bleu-noir-orme-massif\/\" \/>\n<meta property=\"og:site_name\" content=\"SDcr\u00e9ation\" \/>\n<meta property=\"article:publisher\" content=\"https:\/\/www.facebook.com\/sdcreation.damase.10\" \/>\n<meta property=\"article:modified_time\" content=\"2026-03-05T16:41:15+00:00\" \/>\n<meta property=\"og:image\" content=\"https:\/\/sdcreation16.fr\/wp-content\/uploads\/2026\/03\/backg5.jpg\" \/>\n\t<meta property=\"og:image:width\" content=\"1195\" \/>\n\t<meta property=\"og:image:height\" content=\"896\" \/>\n\t<meta property=\"og:image:type\" content=\"image\/jpeg\" \/>\n<meta name=\"twitter:card\" content=\"summary_large_image\" \/>\n<meta name=\"twitter:label1\" content=\"Prix\" \/>\n\t<meta name=\"twitter:data1\" content=\"&euro;160,00\" \/>\n\t<meta name=\"twitter:label2\" content=\"Disponibilit\u00e9\" \/>\n\t<meta name=\"twitter:data2\" content=\"En stock\" \/>\n<script type=\"application\/ld+json\" class=\"yoast-schema-graph\">{\"@context\":\"https:\/\/schema.org\",\"@graph\":[{\"@type\":\"WebPage\",\"@id\":\"https:\/\/sdcreation16.fr\/index.php\/product\/backgammon-de-luxe-epoxy-bleu-noir-orme-massif\/\",\"url\":\"https:\/\/sdcreation16.fr\/index.php\/product\/backgammon-de-luxe-epoxy-bleu-noir-orme-massif\/\",\"name\":\"Backgammon Artisanat Luxe | Orme Galeux & \u00c9poxy Bleu |Pions\",\"isPartOf\":{\"@id\":\"https:\/\/sdcreation16.fr\/#website\"},\"primaryImageOfPage\":{\"@id\":\"https:\/\/sdcreation16.fr\/index.php\/product\/backgammon-de-luxe-epoxy-bleu-noir-orme-massif\/#primaryimage\"},\"image\":{\"@id\":\"https:\/\/sdcreation16.fr\/index.php\/product\/backgammon-de-luxe-epoxy-bleu-noir-orme-massif\/#primaryimage\"},\"thumbnailUrl\":\"https:\/\/sdcreation16.fr\/wp-content\/uploads\/2026\/03\/backg5.jpg\",\"datePublished\":\"2026-03-05T15:51:46+00:00\",\"dateModified\":\"2026-03-05T16:41:15+00:00\",\"description\":\"Backgammon \u00e9poxy, Orme Galeux, Jeu de luxe, Bois r\u00e9sine, Cadeau collection, Fait main, Jeu de table design, Backgammon artisanal, \u00c9poxy bleu\",\"breadcrumb\":{\"@id\":\"https:\/\/sdcreation16.fr\/index.php\/product\/backgammon-de-luxe-epoxy-bleu-noir-orme-massif\/#breadcrumb\"},\"inLanguage\":\"fr-FR\",\"potentialAction\":[{\"@type\":\"ReadAction\",\"target\":[\"https:\/\/sdcreation16.fr\/index.php\/product\/backgammon-de-luxe-epoxy-bleu-noir-orme-massif\/\"]}]},{\"@type\":\"ImageObject\",\"inLanguage\":\"fr-FR\",\"@id\":\"https:\/\/sdcreation16.fr\/index.php\/product\/backgammon-de-luxe-epoxy-bleu-noir-orme-massif\/#primaryimage\",\"url\":\"https:\/\/sdcreation16.fr\/wp-content\/uploads\/2026\/03\/backg5.jpg\",\"contentUrl\":\"https:\/\/sdcreation16.fr\/wp-content\/uploads\/2026\/03\/backg5.jpg\",\"width\":1195,\"height\":896,\"caption\":\"backgammon\"},{\"@type\":\"BreadcrumbList\",\"@id\":\"https:\/\/sdcreation16.fr\/index.php\/product\/backgammon-de-luxe-epoxy-bleu-noir-orme-massif\/#breadcrumb\",\"itemListElement\":[{\"@type\":\"ListItem\",\"position\":1,\"name\":\"Accueil\",\"item\":\"https:\/\/sdcreation16.fr\/\"},{\"@type\":\"ListItem\",\"position\":2,\"name\":\"Products\",\"item\":\"https:\/\/sdcreation16.fr\/index.php\/shop\/\"},{\"@type\":\"ListItem\",\"position\":3,\"name\":\"Backgammon de Luxe \u00c9poxy Bleu noir, orme massif\"}]},{\"@type\":\"WebSite\",\"@id\":\"https:\/\/sdcreation16.fr\/#website\",\"url\":\"https:\/\/sdcreation16.fr\/\",\"name\":\"SDcr\u00e9ation\",\"description\":\"L&#039;association de la r\u00e9sine et du bois.\",\"publisher\":{\"@id\":\"https:\/\/sdcreation16.fr\/#organization\"},\"potentialAction\":[{\"@type\":\"SearchAction\",\"target\":{\"@type\":\"EntryPoint\",\"urlTemplate\":\"https:\/\/sdcreation16.fr\/?s={search_term_string}\"},\"query-input\":{\"@type\":\"PropertyValueSpecification\",\"valueRequired\":true,\"valueName\":\"search_term_string\"}}],\"inLanguage\":\"fr-FR\"},{\"@type\":\"Organization\",\"@id\":\"https:\/\/sdcreation16.fr\/#organization\",\"name\":\"sd creation\",\"url\":\"https:\/\/sdcreation16.fr\/\",\"logo\":{\"@type\":\"ImageObject\",\"inLanguage\":\"fr-FR\",\"@id\":\"https:\/\/sdcreation16.fr\/#\/schema\/logo\/image\/\",\"url\":\"https:\/\/sdcreation16.fr\/wp-content\/uploads\/2020\/12\/new-logo.png\",\"contentUrl\":\"https:\/\/sdcreation16.fr\/wp-content\/uploads\/2020\/12\/new-logo.png\",\"width\":595,\"height\":100,\"caption\":\"sd creation\"},\"image\":{\"@id\":\"https:\/\/sdcreation16.fr\/#\/schema\/logo\/image\/\"},\"sameAs\":[\"https:\/\/www.facebook.com\/sdcreation.damase.10\"]}]}<\/script>\n<meta property=\"product:price:amount\" content=\"160.00\" \/>\n<meta property=\"product:price:currency\" content=\"EUR\" \/>\n<meta property=\"og:availability\" content=\"instock\" \/>\n<meta property=\"product:availability\" content=\"instock\" \/>\n<meta property=\"product:condition\" content=\"new\" \/>\n<!-- \/ Yoast SEO Premium plugin. -->","yoast_head_json":{"title":"Backgammon Artisanat Luxe | Orme Galeux & \u00c9poxy Bleu |Pions","description":"Backgammon \u00e9poxy, Orme Galeux, Jeu de luxe, Bois r\u00e9sine, Cadeau collection, Fait main, Jeu de table design, Backgammon artisanal, \u00c9poxy bleu","robots":{"index":"index","follow":"follow","max-snippet":"max-snippet:-1","max-image-preview":"max-image-preview:large","max-video-preview":"max-video-preview:-1"},"canonical":"https:\/\/sdcreation16.fr\/index.php\/product\/backgammon-de-luxe-epoxy-bleu-noir-orme-massif\/","og_locale":"fr_FR","og_type":"article","og_title":"Backgammon de Luxe \u00c9poxy Bleu noir, orme massif","og_description":"Backgammon \u00e9poxy, Orme Galeux, Jeu de luxe, Bois r\u00e9sine, Cadeau collection, Fait main, Jeu de table design, Backgammon artisanal, \u00c9poxy bleu","og_url":"https:\/\/sdcreation16.fr\/index.php\/product\/backgammon-de-luxe-epoxy-bleu-noir-orme-massif\/","og_site_name":"SDcr\u00e9ation","article_publisher":"https:\/\/www.facebook.com\/sdcreation.damase.10","article_modified_time":"2026-03-05T16:41:15+00:00","og_image":[{"width":1195,"height":896,"url":"https:\/\/sdcreation16.fr\/wp-content\/uploads\/2026\/03\/backg5.jpg","type":"image\/jpeg"}],"twitter_card":"summary_large_image","twitter_misc":{"Prix":"&euro;160,00","Disponibilit\u00e9":"En stock"},"schema":{"@context":"https:\/\/schema.org","@graph":[{"@type":"WebPage","@id":"https:\/\/sdcreation16.fr\/index.php\/product\/backgammon-de-luxe-epoxy-bleu-noir-orme-massif\/","url":"https:\/\/sdcreation16.fr\/index.php\/product\/backgammon-de-luxe-epoxy-bleu-noir-orme-massif\/","name":"Backgammon Artisanat Luxe | Orme Galeux & \u00c9poxy Bleu |Pions","isPartOf":{"@id":"https:\/\/sdcreation16.fr\/#website"},"primaryImageOfPage":{"@id":"https:\/\/sdcreation16.fr\/index.php\/product\/backgammon-de-luxe-epoxy-bleu-noir-orme-massif\/#primaryimage"},"image":{"@id":"https:\/\/sdcreation16.fr\/index.php\/product\/backgammon-de-luxe-epoxy-bleu-noir-orme-massif\/#primaryimage"},"thumbnailUrl":"https:\/\/sdcreation16.fr\/wp-content\/uploads\/2026\/03\/backg5.jpg","datePublished":"2026-03-05T15:51:46+00:00","dateModified":"2026-03-05T16:41:15+00:00","description":"Backgammon \u00e9poxy, Orme Galeux, Jeu de luxe, Bois r\u00e9sine, Cadeau collection, Fait main, Jeu de table design, Backgammon artisanal, \u00c9poxy bleu","breadcrumb":{"@id":"https:\/\/sdcreation16.fr\/index.php\/product\/backgammon-de-luxe-epoxy-bleu-noir-orme-massif\/#breadcrumb"},"inLanguage":"fr-FR","potentialAction":[{"@type":"ReadAction","target":["https:\/\/sdcreation16.fr\/index.php\/product\/backgammon-de-luxe-epoxy-bleu-noir-orme-massif\/"]}]},{"@type":"ImageObject","inLanguage":"fr-FR","@id":"https:\/\/sdcreation16.fr\/index.php\/product\/backgammon-de-luxe-epoxy-bleu-noir-orme-massif\/#primaryimage","url":"https:\/\/sdcreation16.fr\/wp-content\/uploads\/2026\/03\/backg5.jpg","contentUrl":"https:\/\/sdcreation16.fr\/wp-content\/uploads\/2026\/03\/backg5.jpg","width":1195,"height":896,"caption":"backgammon"},{"@type":"BreadcrumbList","@id":"https:\/\/sdcreation16.fr\/index.php\/product\/backgammon-de-luxe-epoxy-bleu-noir-orme-massif\/#breadcrumb","itemListElement":[{"@type":"ListItem","position":1,"name":"Accueil","item":"https:\/\/sdcreation16.fr\/"},{"@type":"ListItem","position":2,"name":"Products","item":"https:\/\/sdcreation16.fr\/index.php\/shop\/"},{"@type":"ListItem","position":3,"name":"Backgammon de Luxe \u00c9poxy Bleu noir, orme massif"}]},{"@type":"WebSite","@id":"https:\/\/sdcreation16.fr\/#website","url":"https:\/\/sdcreation16.fr\/","name":"SDcr\u00e9ation","description":"L&#039;association de la r\u00e9sine et du bois.","publisher":{"@id":"https:\/\/sdcreation16.fr\/#organization"},"potentialAction":[{"@type":"SearchAction","target":{"@type":"EntryPoint","urlTemplate":"https:\/\/sdcreation16.fr\/?s={search_term_string}"},"query-input":{"@type":"PropertyValueSpecification","valueRequired":true,"valueName":"search_term_string"}}],"inLanguage":"fr-FR"},{"@type":"Organization","@id":"https:\/\/sdcreation16.fr\/#organization","name":"sd creation","url":"https:\/\/sdcreation16.fr\/","logo":{"@type":"ImageObject","inLanguage":"fr-FR","@id":"https:\/\/sdcreation16.fr\/#\/schema\/logo\/image\/","url":"https:\/\/sdcreation16.fr\/wp-content\/uploads\/2020\/12\/new-logo.png","contentUrl":"https:\/\/sdcreation16.fr\/wp-content\/uploads\/2020\/12\/new-logo.png","width":595,"height":100,"caption":"sd creation"},"image":{"@id":"https:\/\/sdcreation16.fr\/#\/schema\/logo\/image\/"},"sameAs":["https:\/\/www.facebook.com\/sdcreation.damase.10"]}]},"product_price_amount":"160.00","product_price_currency":"EUR","og_availability":"instock","product_availability":"instock","product_condition":"new"},"_links":{"self":[{"href":"https:\/\/sdcreation16.fr\/index.php\/wp-json\/wp\/v2\/product\/1661","targetHints":{"allow":["GET"]}}],"collection":[{"href":"https:\/\/sdcreation16.fr\/index.php\/wp-json\/wp\/v2\/product"}],"about":[{"href":"https:\/\/sdcreation16.fr\/index.php\/wp-json\/wp\/v2\/types\/product"}],"replies":[{"embeddable":true,"href":"https:\/\/sdcreation16.fr\/index.php\/wp-json\/wp\/v2\/comments?post=1661"}],"wp:featuredmedia":[{"embeddable":true,"href":"https:\/\/sdcreation16.fr\/index.php\/wp-json\/wp\/v2\/media\/1665"}],"wp:attachment":[{"href":"https:\/\/sdcreation16.fr\/index.php\/wp-json\/wp\/v2\/media?parent=1661"}],"wp:term":[{"taxonomy":"product_brand","embeddable":true,"href":"https:\/\/sdcreation16.fr\/index.php\/wp-json\/wp\/v2\/product_brand?post=1661"},{"taxonomy":"product_cat","embeddable":true,"href":"https:\/\/sdcreation16.fr\/index.php\/wp-json\/wp\/v2\/product_cat?post=1661"},{"taxonomy":"product_tag","embeddable":true,"href":"https:\/\/sdcreation16.fr\/index.php\/wp-json\/wp\/v2\/product_tag?post=1661"}],"curies":[{"name":"wp","href":"https:\/\/api.w.org\/{rel}","templated":true}]}}