{"id":1186,"date":"2025-10-11T11:24:50","date_gmt":"2025-10-11T09:24:50","guid":{"rendered":"https:\/\/sdcreation16.fr\/?post_type=product&#038;p=1186"},"modified":"2025-12-29T09:08:26","modified_gmt":"2025-12-29T08:08:26","slug":"plateau-dechecs-bois-epoxy-taille-5","status":"publish","type":"product","link":"https:\/\/sdcreation16.fr\/index.php\/product\/plateau-dechecs-bois-epoxy-taille-5\/","title":{"rendered":"plateau d\u2019\u00e9chec en ch\u00eane et epoxy"},"content":{"rendered":"<p>Jouez avec style ! Ce magnifique plateau d&rsquo;\u00e9checs artisanal combine la noblesse du bois massif avec l&rsquo;\u00e9clat moderne de la r\u00e9sine \u00e9poxy blanche nacr\u00e9e. Chaque case est une pi\u00e8ce unique. Une \u0153uvre d&rsquo;art fonctionnelle qui rehaussera instantan\u00e9ment votre salon ou bureau.<\/p>\n<ul>\n<li><b>Mat\u00e9riaux :<\/b> Bois &amp; R\u00e9sine \u00c9poxy (Effet Nacre\/Marbr\u00e9).<\/li>\n<li><b>Vendu :<\/b> Plateau seul (Pi\u00e8ces non incluses).<\/li>\n<li><b>Id\u00e9al pour :<\/b> Cadeau de collection, D\u00e9coration de luxe, Passionn\u00e9 d&rsquo;\u00e9checs.<\/li>\n<li><strong>\u00a0Cases :<\/strong>\u00a050&#215;50<\/li>\n<\/ul>\n","protected":false},"excerpt":{"rendered":"<p>Jouez avec style ! Ce magnifique plateau d&rsquo;\u00e9checs artisanal combine la noblesse du bois massif avec l&rsquo;\u00e9clat moderne de la r\u00e9sine \u00e9poxy blanche nacr\u00e9e. Chaque case est une pi\u00e8ce unique. Une \u0153uvre d&rsquo;art fonctionnelle qui rehaussera instantan\u00e9ment votre salon ou bureau. Mat\u00e9riaux : Bois &amp; R\u00e9sine \u00c9poxy (Effet Nacre\/Marbr\u00e9). Vendu : Plateau seul (Pi\u00e8ces non&hellip;<\/p>\n","protected":false},"featured_media":1188,"comment_status":"open","ping_status":"closed","template":"","meta":{"_monsterinsights_skip_tracking":false,"_monsterinsights_sitenote_active":false,"_monsterinsights_sitenote_note":"","_monsterinsights_sitenote_category":0,"_uf_show_specific_survey":0,"_uf_disable_surveys":false},"product_brand":[],"product_cat":[33],"product_tag":[131,133,128,126,130,134,125,132,127,129,135],"class_list":{"0":"post-1186","1":"product","2":"type-product","3":"status-publish","4":"has-post-thumbnail","6":"product_cat-echiquier-bois-noble-epoxy-massif","7":"product_tag-cadeau-prestige","8":"product_tag-echecs-resine","9":"product_tag-echiquier-blanc-nacre","10":"product_tag-echiquier-bois-epoxy","11":"product_tag-echiquier-chene","12":"product_tag-echiquier-collector","13":"product_tag-echiquier-de-luxe","14":"product_tag-echiquier-fait-main","15":"product_tag-echiquier-orme-brun","16":"product_tag-jeu-dechecs-artisanal","17":"product_tag-piece-unique","18":"description-off","20":"first","21":"onbackorder","22":"purchasable","23":"product-type-simple"},"yoast_head":"<!-- This site is optimized with the Yoast SEO Premium plugin v26.0 (Yoast SEO v26.0) - https:\/\/yoast.com\/wordpress\/plugins\/seo\/ -->\n<title>\u00c9chiquier Artisanat Luxe - Plateau d&#039;\u00e9checs bois \u00e9poxy<\/title>\n<meta name=\"description\" content=\"Plateau Plateau d&#039;\u00e9checs bois \u00e9poxy. Design artisanal, effet nacr\u00e9. Une pi\u00e8ce ma\u00eetresse pour collectionneurs et amateurs de d\u00e9coration haut de gamme.\" \/>\n<meta name=\"robots\" content=\"index, follow, max-snippet:-1, max-image-preview:large, max-video-preview:-1\" \/>\n<link rel=\"canonical\" href=\"https:\/\/sdcreation16.fr\/index.php\/product\/plateau-dechecs-bois-epoxy-taille-5\/\" \/>\n<meta property=\"og:locale\" content=\"fr_FR\" \/>\n<meta property=\"og:type\" content=\"article\" \/>\n<meta property=\"og:title\" content=\"plateau d\u2019\u00e9chec en ch\u00eane et epoxy\" \/>\n<meta property=\"og:description\" content=\"Plateau Plateau d&#039;\u00e9checs bois \u00e9poxy. Design artisanal, effet nacr\u00e9. Une pi\u00e8ce ma\u00eetresse pour collectionneurs et amateurs de d\u00e9coration haut de gamme.\" \/>\n<meta property=\"og:url\" content=\"https:\/\/sdcreation16.fr\/index.php\/product\/plateau-dechecs-bois-epoxy-taille-5\/\" \/>\n<meta property=\"og:site_name\" content=\"SDcr\u00e9ation\" \/>\n<meta property=\"article:publisher\" content=\"https:\/\/www.facebook.com\/sdcreation.damase.10\" \/>\n<meta property=\"article:modified_time\" content=\"2025-12-29T08:08:26+00:00\" \/>\n<meta property=\"og:image\" content=\"https:\/\/sdcreation16.fr\/wp-content\/uploads\/2025\/10\/561340662_1177354584240306_6883864611794270003_n.jpg\" \/>\n\t<meta property=\"og:image:width\" content=\"1500\" \/>\n\t<meta property=\"og:image:height\" content=\"1008\" \/>\n\t<meta property=\"og:image:type\" content=\"image\/jpeg\" \/>\n<meta name=\"twitter:card\" content=\"summary_large_image\" \/>\n<meta name=\"twitter:label1\" content=\"Prix\" \/>\n\t<meta name=\"twitter:data1\" content=\"&euro;135,00\" \/>\n\t<meta name=\"twitter:label2\" content=\"Disponibilit\u00e9\" \/>\n\t<meta name=\"twitter:data2\" content=\"En r\u00e9assort\" \/>\n<script type=\"application\/ld+json\" class=\"yoast-schema-graph\">{\"@context\":\"https:\/\/schema.org\",\"@graph\":[{\"@type\":\"WebPage\",\"@id\":\"https:\/\/sdcreation16.fr\/index.php\/product\/plateau-dechecs-bois-epoxy-taille-5\/\",\"url\":\"https:\/\/sdcreation16.fr\/index.php\/product\/plateau-dechecs-bois-epoxy-taille-5\/\",\"name\":\"\u00c9chiquier Artisanat Luxe - Plateau d'\u00e9checs bois \u00e9poxy\",\"isPartOf\":{\"@id\":\"https:\/\/sdcreation16.fr\/#website\"},\"primaryImageOfPage\":{\"@id\":\"https:\/\/sdcreation16.fr\/index.php\/product\/plateau-dechecs-bois-epoxy-taille-5\/#primaryimage\"},\"image\":{\"@id\":\"https:\/\/sdcreation16.fr\/index.php\/product\/plateau-dechecs-bois-epoxy-taille-5\/#primaryimage\"},\"thumbnailUrl\":\"https:\/\/sdcreation16.fr\/wp-content\/uploads\/2025\/10\/561340662_1177354584240306_6883864611794270003_n.jpg\",\"datePublished\":\"2025-10-11T09:24:50+00:00\",\"dateModified\":\"2025-12-29T08:08:26+00:00\",\"description\":\"Plateau Plateau d'\u00e9checs bois \u00e9poxy. Design artisanal, effet nacr\u00e9. Une pi\u00e8ce ma\u00eetresse pour collectionneurs et amateurs de d\u00e9coration haut de gamme.\",\"breadcrumb\":{\"@id\":\"https:\/\/sdcreation16.fr\/index.php\/product\/plateau-dechecs-bois-epoxy-taille-5\/#breadcrumb\"},\"inLanguage\":\"fr-FR\",\"potentialAction\":[{\"@type\":\"ReadAction\",\"target\":[\"https:\/\/sdcreation16.fr\/index.php\/product\/plateau-dechecs-bois-epoxy-taille-5\/\"]}]},{\"@type\":\"ImageObject\",\"inLanguage\":\"fr-FR\",\"@id\":\"https:\/\/sdcreation16.fr\/index.php\/product\/plateau-dechecs-bois-epoxy-taille-5\/#primaryimage\",\"url\":\"https:\/\/sdcreation16.fr\/wp-content\/uploads\/2025\/10\/561340662_1177354584240306_6883864611794270003_n.jpg\",\"contentUrl\":\"https:\/\/sdcreation16.fr\/wp-content\/uploads\/2025\/10\/561340662_1177354584240306_6883864611794270003_n.jpg\",\"width\":1500,\"height\":1008,\"caption\":\"echiquier en bois et epoxy\"},{\"@type\":\"BreadcrumbList\",\"@id\":\"https:\/\/sdcreation16.fr\/index.php\/product\/plateau-dechecs-bois-epoxy-taille-5\/#breadcrumb\",\"itemListElement\":[{\"@type\":\"ListItem\",\"position\":1,\"name\":\"Accueil\",\"item\":\"https:\/\/sdcreation16.fr\/\"},{\"@type\":\"ListItem\",\"position\":2,\"name\":\"Products\",\"item\":\"https:\/\/sdcreation16.fr\/index.php\/shop\/\"},{\"@type\":\"ListItem\",\"position\":3,\"name\":\"plateau d\u2019\u00e9chec en ch\u00eane et epoxy\"}]},{\"@type\":\"WebSite\",\"@id\":\"https:\/\/sdcreation16.fr\/#website\",\"url\":\"https:\/\/sdcreation16.fr\/\",\"name\":\"SDcr\u00e9ation\",\"description\":\"L&#039;association de la r\u00e9sine et du bois.\",\"publisher\":{\"@id\":\"https:\/\/sdcreation16.fr\/#organization\"},\"potentialAction\":[{\"@type\":\"SearchAction\",\"target\":{\"@type\":\"EntryPoint\",\"urlTemplate\":\"https:\/\/sdcreation16.fr\/?s={search_term_string}\"},\"query-input\":{\"@type\":\"PropertyValueSpecification\",\"valueRequired\":true,\"valueName\":\"search_term_string\"}}],\"inLanguage\":\"fr-FR\"},{\"@type\":\"Organization\",\"@id\":\"https:\/\/sdcreation16.fr\/#organization\",\"name\":\"sd creation\",\"url\":\"https:\/\/sdcreation16.fr\/\",\"logo\":{\"@type\":\"ImageObject\",\"inLanguage\":\"fr-FR\",\"@id\":\"https:\/\/sdcreation16.fr\/#\/schema\/logo\/image\/\",\"url\":\"https:\/\/sdcreation16.fr\/wp-content\/uploads\/2020\/12\/new-logo.png\",\"contentUrl\":\"https:\/\/sdcreation16.fr\/wp-content\/uploads\/2020\/12\/new-logo.png\",\"width\":595,\"height\":100,\"caption\":\"sd creation\"},\"image\":{\"@id\":\"https:\/\/sdcreation16.fr\/#\/schema\/logo\/image\/\"},\"sameAs\":[\"https:\/\/www.facebook.com\/sdcreation.damase.10\"]}]}<\/script>\n<meta property=\"product:price:amount\" content=\"135.00\" \/>\n<meta property=\"product:price:currency\" content=\"EUR\" \/>\n<meta property=\"og:availability\" content=\"backorder\" \/>\n<meta property=\"product:availability\" content=\"available for order\" \/>\n<meta property=\"product:condition\" content=\"new\" \/>\n<!-- \/ Yoast SEO Premium plugin. -->","yoast_head_json":{"title":"\u00c9chiquier Artisanat Luxe - Plateau d'\u00e9checs bois \u00e9poxy","description":"Plateau Plateau d'\u00e9checs bois \u00e9poxy. Design artisanal, effet nacr\u00e9. Une pi\u00e8ce ma\u00eetresse pour collectionneurs et amateurs de d\u00e9coration haut de gamme.","robots":{"index":"index","follow":"follow","max-snippet":"max-snippet:-1","max-image-preview":"max-image-preview:large","max-video-preview":"max-video-preview:-1"},"canonical":"https:\/\/sdcreation16.fr\/index.php\/product\/plateau-dechecs-bois-epoxy-taille-5\/","og_locale":"fr_FR","og_type":"article","og_title":"plateau d\u2019\u00e9chec en ch\u00eane et epoxy","og_description":"Plateau Plateau d'\u00e9checs bois \u00e9poxy. Design artisanal, effet nacr\u00e9. Une pi\u00e8ce ma\u00eetresse pour collectionneurs et amateurs de d\u00e9coration haut de gamme.","og_url":"https:\/\/sdcreation16.fr\/index.php\/product\/plateau-dechecs-bois-epoxy-taille-5\/","og_site_name":"SDcr\u00e9ation","article_publisher":"https:\/\/www.facebook.com\/sdcreation.damase.10","article_modified_time":"2025-12-29T08:08:26+00:00","og_image":[{"width":1500,"height":1008,"url":"https:\/\/sdcreation16.fr\/wp-content\/uploads\/2025\/10\/561340662_1177354584240306_6883864611794270003_n.jpg","type":"image\/jpeg"}],"twitter_card":"summary_large_image","twitter_misc":{"Prix":"&euro;135,00","Disponibilit\u00e9":"En r\u00e9assort"},"schema":{"@context":"https:\/\/schema.org","@graph":[{"@type":"WebPage","@id":"https:\/\/sdcreation16.fr\/index.php\/product\/plateau-dechecs-bois-epoxy-taille-5\/","url":"https:\/\/sdcreation16.fr\/index.php\/product\/plateau-dechecs-bois-epoxy-taille-5\/","name":"\u00c9chiquier Artisanat Luxe - Plateau d'\u00e9checs bois \u00e9poxy","isPartOf":{"@id":"https:\/\/sdcreation16.fr\/#website"},"primaryImageOfPage":{"@id":"https:\/\/sdcreation16.fr\/index.php\/product\/plateau-dechecs-bois-epoxy-taille-5\/#primaryimage"},"image":{"@id":"https:\/\/sdcreation16.fr\/index.php\/product\/plateau-dechecs-bois-epoxy-taille-5\/#primaryimage"},"thumbnailUrl":"https:\/\/sdcreation16.fr\/wp-content\/uploads\/2025\/10\/561340662_1177354584240306_6883864611794270003_n.jpg","datePublished":"2025-10-11T09:24:50+00:00","dateModified":"2025-12-29T08:08:26+00:00","description":"Plateau Plateau d'\u00e9checs bois \u00e9poxy. Design artisanal, effet nacr\u00e9. Une pi\u00e8ce ma\u00eetresse pour collectionneurs et amateurs de d\u00e9coration haut de gamme.","breadcrumb":{"@id":"https:\/\/sdcreation16.fr\/index.php\/product\/plateau-dechecs-bois-epoxy-taille-5\/#breadcrumb"},"inLanguage":"fr-FR","potentialAction":[{"@type":"ReadAction","target":["https:\/\/sdcreation16.fr\/index.php\/product\/plateau-dechecs-bois-epoxy-taille-5\/"]}]},{"@type":"ImageObject","inLanguage":"fr-FR","@id":"https:\/\/sdcreation16.fr\/index.php\/product\/plateau-dechecs-bois-epoxy-taille-5\/#primaryimage","url":"https:\/\/sdcreation16.fr\/wp-content\/uploads\/2025\/10\/561340662_1177354584240306_6883864611794270003_n.jpg","contentUrl":"https:\/\/sdcreation16.fr\/wp-content\/uploads\/2025\/10\/561340662_1177354584240306_6883864611794270003_n.jpg","width":1500,"height":1008,"caption":"echiquier en bois et epoxy"},{"@type":"BreadcrumbList","@id":"https:\/\/sdcreation16.fr\/index.php\/product\/plateau-dechecs-bois-epoxy-taille-5\/#breadcrumb","itemListElement":[{"@type":"ListItem","position":1,"name":"Accueil","item":"https:\/\/sdcreation16.fr\/"},{"@type":"ListItem","position":2,"name":"Products","item":"https:\/\/sdcreation16.fr\/index.php\/shop\/"},{"@type":"ListItem","position":3,"name":"plateau d\u2019\u00e9chec en ch\u00eane et epoxy"}]},{"@type":"WebSite","@id":"https:\/\/sdcreation16.fr\/#website","url":"https:\/\/sdcreation16.fr\/","name":"SDcr\u00e9ation","description":"L&#039;association de la r\u00e9sine et du bois.","publisher":{"@id":"https:\/\/sdcreation16.fr\/#organization"},"potentialAction":[{"@type":"SearchAction","target":{"@type":"EntryPoint","urlTemplate":"https:\/\/sdcreation16.fr\/?s={search_term_string}"},"query-input":{"@type":"PropertyValueSpecification","valueRequired":true,"valueName":"search_term_string"}}],"inLanguage":"fr-FR"},{"@type":"Organization","@id":"https:\/\/sdcreation16.fr\/#organization","name":"sd creation","url":"https:\/\/sdcreation16.fr\/","logo":{"@type":"ImageObject","inLanguage":"fr-FR","@id":"https:\/\/sdcreation16.fr\/#\/schema\/logo\/image\/","url":"https:\/\/sdcreation16.fr\/wp-content\/uploads\/2020\/12\/new-logo.png","contentUrl":"https:\/\/sdcreation16.fr\/wp-content\/uploads\/2020\/12\/new-logo.png","width":595,"height":100,"caption":"sd creation"},"image":{"@id":"https:\/\/sdcreation16.fr\/#\/schema\/logo\/image\/"},"sameAs":["https:\/\/www.facebook.com\/sdcreation.damase.10"]}]},"product_price_amount":"135.00","product_price_currency":"EUR","og_availability":"backorder","product_availability":"available for order","product_condition":"new"},"_links":{"self":[{"href":"https:\/\/sdcreation16.fr\/index.php\/wp-json\/wp\/v2\/product\/1186","targetHints":{"allow":["GET"]}}],"collection":[{"href":"https:\/\/sdcreation16.fr\/index.php\/wp-json\/wp\/v2\/product"}],"about":[{"href":"https:\/\/sdcreation16.fr\/index.php\/wp-json\/wp\/v2\/types\/product"}],"replies":[{"embeddable":true,"href":"https:\/\/sdcreation16.fr\/index.php\/wp-json\/wp\/v2\/comments?post=1186"}],"wp:featuredmedia":[{"embeddable":true,"href":"https:\/\/sdcreation16.fr\/index.php\/wp-json\/wp\/v2\/media\/1188"}],"wp:attachment":[{"href":"https:\/\/sdcreation16.fr\/index.php\/wp-json\/wp\/v2\/media?parent=1186"}],"wp:term":[{"taxonomy":"product_brand","embeddable":true,"href":"https:\/\/sdcreation16.fr\/index.php\/wp-json\/wp\/v2\/product_brand?post=1186"},{"taxonomy":"product_cat","embeddable":true,"href":"https:\/\/sdcreation16.fr\/index.php\/wp-json\/wp\/v2\/product_cat?post=1186"},{"taxonomy":"product_tag","embeddable":true,"href":"https:\/\/sdcreation16.fr\/index.php\/wp-json\/wp\/v2\/product_tag?post=1186"}],"curies":[{"name":"wp","href":"https:\/\/api.w.org\/{rel}","templated":true}]}}