{"id":1064,"date":"2025-02-11T15:29:28","date_gmt":"2025-02-11T14:29:28","guid":{"rendered":"https:\/\/sdcreation16.fr\/?post_type=product&#038;p=1064"},"modified":"2025-02-11T15:30:33","modified_gmt":"2025-02-11T14:30:33","slug":"horloge-chevalen-bois-massif-et-epoxy-projet-a-reserver-o35cm","status":"publish","type":"product","link":"https:\/\/sdcreation16.fr\/index.php\/product\/horloge-chevalen-bois-massif-et-epoxy-projet-a-reserver-o35cm\/","title":{"rendered":"horloge \u00ab\u00a0cheval\u00a0\u00bben bois massif  et epoxy  -projet \u00e0 r\u00e9server \u00d835cm"},"content":{"rendered":"<p>cr\u00e9ation unique,<\/p>\n<p>cette horloge est \u00e0 r\u00e9serv\u00e9, elle sera unique, customisable selon vos envies<\/p>\n<p>un contour de 25mm en epoxy couleur au choix s&rsquo;ajoutera au coeur en bois de \u00d830cm, ce qui donnera une horloge de 35cm de diam\u00e8tre<\/p>\n<p>choix du bois<\/p>\n<p>ch\u00eane, orme , ch\u00e2taignier, merisier<\/p>\n<p>choix des chiffres<\/p>\n<p>du design des aiguilles ( fait sur mesure)<\/p>\n<p>m\u00e9canisme silencieux<\/p>\n<p>&nbsp;<\/p>\n<p>&nbsp;<\/p>\n","protected":false},"excerpt":{"rendered":"<p>cr\u00e9ation unique, cette horloge est \u00e0 r\u00e9serv\u00e9, elle sera unique, customisable selon vos envies un contour de 25mm en epoxy couleur au choix s&rsquo;ajoutera au coeur en bois de \u00d830cm, ce qui donnera une horloge de 35cm de diam\u00e8tre choix du bois ch\u00eane, orme , ch\u00e2taignier, merisier choix des chiffres du design des aiguilles (&hellip;<\/p>\n","protected":false},"featured_media":1061,"comment_status":"open","ping_status":"closed","template":"","meta":{"_monsterinsights_skip_tracking":false,"_monsterinsights_sitenote_active":false,"_monsterinsights_sitenote_note":"","_monsterinsights_sitenote_category":0,"_uf_show_specific_survey":0,"_uf_disable_surveys":false},"product_brand":[],"product_cat":[40],"product_tag":[31],"class_list":{"0":"post-1064","1":"product","2":"type-product","3":"status-publish","4":"has-post-thumbnail","6":"product_cat-horloges-epoxy-bois-theme","7":"product_tag-horloge","8":"description-off","10":"first","11":"instock","12":"purchasable","13":"product-type-simple"},"yoast_head":"<!-- This site is optimized with the Yoast SEO Premium plugin v26.0 (Yoast SEO v26.0) - https:\/\/yoast.com\/wordpress\/plugins\/seo\/ -->\n<title>horloge &quot;cheval&quot;en bois massif et epoxy -projet \u00e0 r\u00e9server \u00d835cm - SDcr\u00e9ation<\/title>\n<meta name=\"description\" content=\"en epoxy et ch\u00eane , une vieille planche de + de 60 ans, epoxy rouge, finition huile + c\u00e9ramique, aiguille bois , cr\u00e9ation artisanale unique\" \/>\n<meta name=\"robots\" content=\"index, follow, max-snippet:-1, max-image-preview:large, max-video-preview:-1\" \/>\n<link rel=\"canonical\" href=\"https:\/\/sdcreation16.fr\/index.php\/product\/horloge-chevalen-bois-massif-et-epoxy-projet-a-reserver-o35cm\/\" \/>\n<meta property=\"og:locale\" content=\"fr_FR\" \/>\n<meta property=\"og:type\" content=\"article\" \/>\n<meta property=\"og:title\" content=\"horloge &quot;cheval&quot;en bois massif et epoxy -projet \u00e0 r\u00e9server \u00d835cm\" \/>\n<meta property=\"og:description\" content=\"en epoxy et ch\u00eane , une vieille planche de + de 60 ans, epoxy rouge, finition huile + c\u00e9ramique, aiguille bois , cr\u00e9ation artisanale unique\" \/>\n<meta property=\"og:url\" content=\"https:\/\/sdcreation16.fr\/index.php\/product\/horloge-chevalen-bois-massif-et-epoxy-projet-a-reserver-o35cm\/\" \/>\n<meta property=\"og:site_name\" content=\"SDcr\u00e9ation\" \/>\n<meta property=\"article:publisher\" content=\"https:\/\/www.facebook.com\/sdcreation.damase.10\" \/>\n<meta property=\"article:modified_time\" content=\"2025-02-11T14:30:33+00:00\" \/>\n<meta property=\"og:image\" content=\"https:\/\/sdcreation16.fr\/wp-content\/uploads\/2025\/02\/cheval-1-copie1-scaled.jpg\" \/>\n\t<meta property=\"og:image:width\" content=\"2072\" \/>\n\t<meta property=\"og:image:height\" content=\"2560\" \/>\n\t<meta property=\"og:image:type\" content=\"image\/jpeg\" \/>\n<meta name=\"twitter:card\" content=\"summary_large_image\" \/>\n<meta name=\"twitter:label1\" content=\"Prix\" \/>\n\t<meta name=\"twitter:data1\" content=\"&euro;80,00\" \/>\n\t<meta name=\"twitter:label2\" content=\"Disponibilit\u00e9\" \/>\n\t<meta name=\"twitter:data2\" content=\"En stock\" \/>\n<script type=\"application\/ld+json\" class=\"yoast-schema-graph\">{\"@context\":\"https:\/\/schema.org\",\"@graph\":[{\"@type\":\"WebPage\",\"@id\":\"https:\/\/sdcreation16.fr\/index.php\/product\/horloge-chevalen-bois-massif-et-epoxy-projet-a-reserver-o35cm\/\",\"url\":\"https:\/\/sdcreation16.fr\/index.php\/product\/horloge-chevalen-bois-massif-et-epoxy-projet-a-reserver-o35cm\/\",\"name\":\"horloge \\\"cheval\\\"en bois massif et epoxy -projet \u00e0 r\u00e9server \u00d835cm - SDcr\u00e9ation\",\"isPartOf\":{\"@id\":\"https:\/\/sdcreation16.fr\/#website\"},\"primaryImageOfPage\":{\"@id\":\"https:\/\/sdcreation16.fr\/index.php\/product\/horloge-chevalen-bois-massif-et-epoxy-projet-a-reserver-o35cm\/#primaryimage\"},\"image\":{\"@id\":\"https:\/\/sdcreation16.fr\/index.php\/product\/horloge-chevalen-bois-massif-et-epoxy-projet-a-reserver-o35cm\/#primaryimage\"},\"thumbnailUrl\":\"https:\/\/sdcreation16.fr\/wp-content\/uploads\/2025\/02\/cheval-1-copie1-scaled.jpg\",\"datePublished\":\"2025-02-11T14:29:28+00:00\",\"dateModified\":\"2025-02-11T14:30:33+00:00\",\"description\":\"en epoxy et ch\u00eane , une vieille planche de + de 60 ans, epoxy rouge, finition huile + c\u00e9ramique, aiguille bois , cr\u00e9ation artisanale unique\",\"breadcrumb\":{\"@id\":\"https:\/\/sdcreation16.fr\/index.php\/product\/horloge-chevalen-bois-massif-et-epoxy-projet-a-reserver-o35cm\/#breadcrumb\"},\"inLanguage\":\"fr-FR\",\"potentialAction\":[{\"@type\":\"ReadAction\",\"target\":[\"https:\/\/sdcreation16.fr\/index.php\/product\/horloge-chevalen-bois-massif-et-epoxy-projet-a-reserver-o35cm\/\"]}]},{\"@type\":\"ImageObject\",\"inLanguage\":\"fr-FR\",\"@id\":\"https:\/\/sdcreation16.fr\/index.php\/product\/horloge-chevalen-bois-massif-et-epoxy-projet-a-reserver-o35cm\/#primaryimage\",\"url\":\"https:\/\/sdcreation16.fr\/wp-content\/uploads\/2025\/02\/cheval-1-copie1-scaled.jpg\",\"contentUrl\":\"https:\/\/sdcreation16.fr\/wp-content\/uploads\/2025\/02\/cheval-1-copie1-scaled.jpg\",\"width\":2072,\"height\":2560},{\"@type\":\"BreadcrumbList\",\"@id\":\"https:\/\/sdcreation16.fr\/index.php\/product\/horloge-chevalen-bois-massif-et-epoxy-projet-a-reserver-o35cm\/#breadcrumb\",\"itemListElement\":[{\"@type\":\"ListItem\",\"position\":1,\"name\":\"Accueil\",\"item\":\"https:\/\/sdcreation16.fr\/\"},{\"@type\":\"ListItem\",\"position\":2,\"name\":\"Products\",\"item\":\"https:\/\/sdcreation16.fr\/index.php\/shop\/\"},{\"@type\":\"ListItem\",\"position\":3,\"name\":\"horloge \u00ab\u00a0cheval\u00a0\u00bben bois massif et epoxy -projet \u00e0 r\u00e9server \u00d835cm\"}]},{\"@type\":\"WebSite\",\"@id\":\"https:\/\/sdcreation16.fr\/#website\",\"url\":\"https:\/\/sdcreation16.fr\/\",\"name\":\"SDcr\u00e9ation\",\"description\":\"L&#039;association de la r\u00e9sine et du bois.\",\"publisher\":{\"@id\":\"https:\/\/sdcreation16.fr\/#organization\"},\"potentialAction\":[{\"@type\":\"SearchAction\",\"target\":{\"@type\":\"EntryPoint\",\"urlTemplate\":\"https:\/\/sdcreation16.fr\/?s={search_term_string}\"},\"query-input\":{\"@type\":\"PropertyValueSpecification\",\"valueRequired\":true,\"valueName\":\"search_term_string\"}}],\"inLanguage\":\"fr-FR\"},{\"@type\":\"Organization\",\"@id\":\"https:\/\/sdcreation16.fr\/#organization\",\"name\":\"sd creation\",\"url\":\"https:\/\/sdcreation16.fr\/\",\"logo\":{\"@type\":\"ImageObject\",\"inLanguage\":\"fr-FR\",\"@id\":\"https:\/\/sdcreation16.fr\/#\/schema\/logo\/image\/\",\"url\":\"https:\/\/sdcreation16.fr\/wp-content\/uploads\/2020\/12\/new-logo.png\",\"contentUrl\":\"https:\/\/sdcreation16.fr\/wp-content\/uploads\/2020\/12\/new-logo.png\",\"width\":595,\"height\":100,\"caption\":\"sd creation\"},\"image\":{\"@id\":\"https:\/\/sdcreation16.fr\/#\/schema\/logo\/image\/\"},\"sameAs\":[\"https:\/\/www.facebook.com\/sdcreation.damase.10\"]}]}<\/script>\n<meta property=\"product:price:amount\" content=\"80.00\" \/>\n<meta property=\"product:price:currency\" content=\"EUR\" \/>\n<meta property=\"og:availability\" content=\"instock\" \/>\n<meta property=\"product:availability\" content=\"instock\" \/>\n<meta property=\"product:condition\" content=\"new\" \/>\n<!-- \/ Yoast SEO Premium plugin. -->","yoast_head_json":{"title":"horloge \"cheval\"en bois massif et epoxy -projet \u00e0 r\u00e9server \u00d835cm - SDcr\u00e9ation","description":"en epoxy et ch\u00eane , une vieille planche de + de 60 ans, epoxy rouge, finition huile + c\u00e9ramique, aiguille bois , cr\u00e9ation artisanale unique","robots":{"index":"index","follow":"follow","max-snippet":"max-snippet:-1","max-image-preview":"max-image-preview:large","max-video-preview":"max-video-preview:-1"},"canonical":"https:\/\/sdcreation16.fr\/index.php\/product\/horloge-chevalen-bois-massif-et-epoxy-projet-a-reserver-o35cm\/","og_locale":"fr_FR","og_type":"article","og_title":"horloge \"cheval\"en bois massif et epoxy -projet \u00e0 r\u00e9server \u00d835cm","og_description":"en epoxy et ch\u00eane , une vieille planche de + de 60 ans, epoxy rouge, finition huile + c\u00e9ramique, aiguille bois , cr\u00e9ation artisanale unique","og_url":"https:\/\/sdcreation16.fr\/index.php\/product\/horloge-chevalen-bois-massif-et-epoxy-projet-a-reserver-o35cm\/","og_site_name":"SDcr\u00e9ation","article_publisher":"https:\/\/www.facebook.com\/sdcreation.damase.10","article_modified_time":"2025-02-11T14:30:33+00:00","og_image":[{"width":2072,"height":2560,"url":"https:\/\/sdcreation16.fr\/wp-content\/uploads\/2025\/02\/cheval-1-copie1-scaled.jpg","type":"image\/jpeg"}],"twitter_card":"summary_large_image","twitter_misc":{"Prix":"&euro;80,00","Disponibilit\u00e9":"En stock"},"schema":{"@context":"https:\/\/schema.org","@graph":[{"@type":"WebPage","@id":"https:\/\/sdcreation16.fr\/index.php\/product\/horloge-chevalen-bois-massif-et-epoxy-projet-a-reserver-o35cm\/","url":"https:\/\/sdcreation16.fr\/index.php\/product\/horloge-chevalen-bois-massif-et-epoxy-projet-a-reserver-o35cm\/","name":"horloge \"cheval\"en bois massif et epoxy -projet \u00e0 r\u00e9server \u00d835cm - SDcr\u00e9ation","isPartOf":{"@id":"https:\/\/sdcreation16.fr\/#website"},"primaryImageOfPage":{"@id":"https:\/\/sdcreation16.fr\/index.php\/product\/horloge-chevalen-bois-massif-et-epoxy-projet-a-reserver-o35cm\/#primaryimage"},"image":{"@id":"https:\/\/sdcreation16.fr\/index.php\/product\/horloge-chevalen-bois-massif-et-epoxy-projet-a-reserver-o35cm\/#primaryimage"},"thumbnailUrl":"https:\/\/sdcreation16.fr\/wp-content\/uploads\/2025\/02\/cheval-1-copie1-scaled.jpg","datePublished":"2025-02-11T14:29:28+00:00","dateModified":"2025-02-11T14:30:33+00:00","description":"en epoxy et ch\u00eane , une vieille planche de + de 60 ans, epoxy rouge, finition huile + c\u00e9ramique, aiguille bois , cr\u00e9ation artisanale unique","breadcrumb":{"@id":"https:\/\/sdcreation16.fr\/index.php\/product\/horloge-chevalen-bois-massif-et-epoxy-projet-a-reserver-o35cm\/#breadcrumb"},"inLanguage":"fr-FR","potentialAction":[{"@type":"ReadAction","target":["https:\/\/sdcreation16.fr\/index.php\/product\/horloge-chevalen-bois-massif-et-epoxy-projet-a-reserver-o35cm\/"]}]},{"@type":"ImageObject","inLanguage":"fr-FR","@id":"https:\/\/sdcreation16.fr\/index.php\/product\/horloge-chevalen-bois-massif-et-epoxy-projet-a-reserver-o35cm\/#primaryimage","url":"https:\/\/sdcreation16.fr\/wp-content\/uploads\/2025\/02\/cheval-1-copie1-scaled.jpg","contentUrl":"https:\/\/sdcreation16.fr\/wp-content\/uploads\/2025\/02\/cheval-1-copie1-scaled.jpg","width":2072,"height":2560},{"@type":"BreadcrumbList","@id":"https:\/\/sdcreation16.fr\/index.php\/product\/horloge-chevalen-bois-massif-et-epoxy-projet-a-reserver-o35cm\/#breadcrumb","itemListElement":[{"@type":"ListItem","position":1,"name":"Accueil","item":"https:\/\/sdcreation16.fr\/"},{"@type":"ListItem","position":2,"name":"Products","item":"https:\/\/sdcreation16.fr\/index.php\/shop\/"},{"@type":"ListItem","position":3,"name":"horloge \u00ab\u00a0cheval\u00a0\u00bben bois massif et epoxy -projet \u00e0 r\u00e9server \u00d835cm"}]},{"@type":"WebSite","@id":"https:\/\/sdcreation16.fr\/#website","url":"https:\/\/sdcreation16.fr\/","name":"SDcr\u00e9ation","description":"L&#039;association de la r\u00e9sine et du bois.","publisher":{"@id":"https:\/\/sdcreation16.fr\/#organization"},"potentialAction":[{"@type":"SearchAction","target":{"@type":"EntryPoint","urlTemplate":"https:\/\/sdcreation16.fr\/?s={search_term_string}"},"query-input":{"@type":"PropertyValueSpecification","valueRequired":true,"valueName":"search_term_string"}}],"inLanguage":"fr-FR"},{"@type":"Organization","@id":"https:\/\/sdcreation16.fr\/#organization","name":"sd creation","url":"https:\/\/sdcreation16.fr\/","logo":{"@type":"ImageObject","inLanguage":"fr-FR","@id":"https:\/\/sdcreation16.fr\/#\/schema\/logo\/image\/","url":"https:\/\/sdcreation16.fr\/wp-content\/uploads\/2020\/12\/new-logo.png","contentUrl":"https:\/\/sdcreation16.fr\/wp-content\/uploads\/2020\/12\/new-logo.png","width":595,"height":100,"caption":"sd creation"},"image":{"@id":"https:\/\/sdcreation16.fr\/#\/schema\/logo\/image\/"},"sameAs":["https:\/\/www.facebook.com\/sdcreation.damase.10"]}]},"product_price_amount":"80.00","product_price_currency":"EUR","og_availability":"instock","product_availability":"instock","product_condition":"new"},"_links":{"self":[{"href":"https:\/\/sdcreation16.fr\/index.php\/wp-json\/wp\/v2\/product\/1064","targetHints":{"allow":["GET"]}}],"collection":[{"href":"https:\/\/sdcreation16.fr\/index.php\/wp-json\/wp\/v2\/product"}],"about":[{"href":"https:\/\/sdcreation16.fr\/index.php\/wp-json\/wp\/v2\/types\/product"}],"replies":[{"embeddable":true,"href":"https:\/\/sdcreation16.fr\/index.php\/wp-json\/wp\/v2\/comments?post=1064"}],"wp:featuredmedia":[{"embeddable":true,"href":"https:\/\/sdcreation16.fr\/index.php\/wp-json\/wp\/v2\/media\/1061"}],"wp:attachment":[{"href":"https:\/\/sdcreation16.fr\/index.php\/wp-json\/wp\/v2\/media?parent=1064"}],"wp:term":[{"taxonomy":"product_brand","embeddable":true,"href":"https:\/\/sdcreation16.fr\/index.php\/wp-json\/wp\/v2\/product_brand?post=1064"},{"taxonomy":"product_cat","embeddable":true,"href":"https:\/\/sdcreation16.fr\/index.php\/wp-json\/wp\/v2\/product_cat?post=1064"},{"taxonomy":"product_tag","embeddable":true,"href":"https:\/\/sdcreation16.fr\/index.php\/wp-json\/wp\/v2\/product_tag?post=1064"}],"curies":[{"name":"wp","href":"https:\/\/api.w.org\/{rel}","templated":true}]}}