{"id":92,"date":"2020-12-14T13:37:08","date_gmt":"2020-12-14T12:37:08","guid":{"rendered":"https:\/\/sdcreation16.fr\/?page_id=92"},"modified":"2025-11-13T19:51:43","modified_gmt":"2025-11-13T18:51:43","slug":"horloges-bois-epoxy","status":"publish","type":"page","link":"https:\/\/sdcreation16.fr\/index.php\/horloges-bois-epoxy\/","title":{"rendered":"Horloges"},"content":{"rendered":"<div class=\"wpb-content-wrapper\"><p>[vc_row][vc_column width=\u00a0\u00bb1\/2&Prime;][vc_single_image image=\u00a0\u00bb1348&Prime; img_size=\u00a0\u00bblarge\u00a0\u00bb css=\u00a0\u00bb\u00a0\u00bb][\/vc_column][vc_column width=\u00a0\u00bb1\/2&Prime;][vc_column_text css=\u00a0\u00bb\u00a0\u00bb]<\/p>\n<h1 data-pm-slice=\"1 1 []\">Horloges Bois &amp; \u00c9poxy : La Fusion du Temps et de l&rsquo;Art<\/h1>\n<p>V\u00e9ritables pi\u00e8ces ma\u00eetresses, nos horloges artisanales transcendent la simple mesure du temps. Elles incarnent en effet une rencontre harmonieuse entre la nature brute et l&rsquo;innovation artistique. <b>Nous marions<\/b> ainsi la <b>robustesse et la texture organique<\/b> du bois massif (ch\u00eane, noyer, fr\u00eane) \u00e0 l&rsquo;esth\u00e9tique captivante de la r\u00e9sine \u00e9poxy. Chaque mod\u00e8le est le fruit d&rsquo;un <b>travail m\u00e9ticuleux<\/b>, alliant \u00e9b\u00e9nisterie et design moderne.<\/p>\n<p>Le processus est une alchimie d\u00e9licate. Coul\u00e9e avec une pr\u00e9cision d&rsquo;orf\u00e8vre, la r\u00e9sine scelle et sublime le bois. De fait, <b>elle donne naissance<\/b> \u00e0 des effets visuels saisissants : l&rsquo;\u00e9l\u00e9gant effet <b>\u00ab\u00a0rivi\u00e8re\u00a0\u00bb<\/b> ou des motifs marbr\u00e9s spectaculaires. Ce mariage r\u00e9v\u00e8le et met en valeur les veines naturelles du bois, transformant l&rsquo;horloge en une v\u00e9ritable <b>\u0153uvre d&rsquo;art murale<\/b>. Une profondeur r\u00e9fl\u00e9chissante s&rsquo;ajoute gr\u00e2ce \u00e0 l&rsquo;\u00e9poxy, captant instantan\u00e9ment la lumi\u00e8re.<\/p>\n<p>Nos horloges Bois &amp; \u00c9poxy apportent une touche d&rsquo;<b>authenticit\u00e9 et de modernit\u00e9<\/b> remarquable. Con\u00e7ues pour d\u00e9fier le temps, leur durabilit\u00e9 est exceptionnelle, garantissant leur p\u00e9rennit\u00e9. Par ailleurs, <b>elles s&rsquo;int\u00e8grent<\/b> avec aisance dans des d\u00e9cors vari\u00e9s, du minimaliste contemporain au rustique chic. Disponibles dans des diam\u00e8tres allant de 25 cm \u00e0 50 cm, <b>ces pi\u00e8ces<\/b> s&rsquo;adaptent parfaitement \u00e0 l&rsquo;\u00e9chelle de votre espace. En outre, chaque mod\u00e8le est \u00e9quip\u00e9 d&rsquo;un <b>m\u00e9canisme \u00e0 quartz fiable et silencieux<\/b>, assurant une lecture pr\u00e9cise. L&rsquo;excellence de la finition est garantie par des chiffres et des aiguilles souvent fa\u00e7onn\u00e9s <b>artisanalement<\/b>, s&rsquo;harmonisant au design g\u00e9n\u00e9ral. Ainsi, choisir une de nos horloges, c&rsquo;est investir dans un objet qui marquera le temps avec style et sophistication.<\/p>\n<p>&nbsp;<\/p>\n<p>[\/vc_column_text][\/vc_column][\/vc_row][vc_row][vc_column]<div id=\"ult-carousel-342947769269d4dd270f1af\" class=\"ult-carousel-wrapper   ult_horizontal\" data-gutter=\"15\" data-rtl=\"false\" ><div class=\"ult-carousel-234341982469d4dd270f053 \" >[vc_single_image image=\u00a0\u00bb78&Prime; img_size=\u00a0\u00bblarge\u00a0\u00bb][vc_single_image image=\u00a0\u00bb1102&Prime; img_size=\u00a0\u00bblarge\u00a0\u00bb css=\u00a0\u00bb\u00a0\u00bb][vc_column_text css=\u00a0\u00bb\u00a0\u00bb]<\/p>\n<h3>L&rsquo;Art de Marquer le Temps. Avec une Beaut\u00e9 Intemporelle<\/h3>\n<p>[\/vc_column_text][vc_single_image image=\u00a0\u00bb961&Prime; img_size=\u00a0\u00bblarge\u00a0\u00bb css=\u00a0\u00bb\u00a0\u00bb][vc_single_image image=\u00a0\u00bb69&Prime; img_size=\u00a0\u00bblarge\u00a0\u00bb][vc_column_text css=\u00a0\u00bb\u00a0\u00bb]<\/p>\n<h3>Quand le Bois Fige l&rsquo;Instant. Et que l&rsquo;\u00c9poxy le R\u00e9v\u00e8le.<\/h3>\n<p>[\/vc_column_text][vc_single_image image=\u00a0\u00bb498&Prime; img_size=\u00a0\u00bblarge\u00a0\u00bb][vc_single_image image=\u00a0\u00bb502&Prime; img_size=\u00a0\u00bblarge\u00a0\u00bb][vc_column_text css=\u00a0\u00bb\u00a0\u00bb]<\/p>\n<h3>L&rsquo;\u0152uvre Murale qui Donne l&rsquo;Heure.<\/h3>\n<p>&nbsp;<\/p>\n<p>[\/vc_column_text][vc_single_image image=\u00a0\u00bb1121&Prime; img_size=\u00a0\u00bblarge\u00a0\u00bb css=\u00a0\u00bb\u00a0\u00bb]<\/div><\/div>\t\t\t<script type=\"text\/javascript\">\n\t\t\t\tjQuery(document).ready(function ($) {\n\t\t\t\t\tif( typeof jQuery('.ult-carousel-234341982469d4dd270f053').slick == \"function\"){\n\t\t\t\t\t\t$('.ult-carousel-234341982469d4dd270f053').slick({dots: true,autoplay: true,autoplaySpeed: 5000,speed: 300,infinite: true,arrows: true,nextArrow: '<button type=\"button\" role=\"button\" aria-label=\"Next\" style=\"color:#333333; font-size:20px;\" class=\"slick-next default\"><i class=\"ultsl-arrow-right4\"><\/i><\/button>',prevArrow: '<button type=\"button\" role=\"button\" aria-label=\"Previous\" style=\"color:#333333; font-size:20px;\" class=\"slick-prev default\"><i class=\"ultsl-arrow-left4\"><\/i><\/button>',slidesToScroll:5,slidesToShow:5,swipe: true,draggable: true,touchMove: true,pauseOnHover: true,pauseOnFocus: false,responsive: [\n\t\t\t\t\t\t\t{\n\t\t\t\t\t\t\t  breakpoint: 1026,\n\t\t\t\t\t\t\t  settings: {\n\t\t\t\t\t\t\t\tslidesToShow: 5,\n\t\t\t\t\t\t\t\tslidesToScroll: 5,  \n\t\t\t\t\t\t\t  }\n\t\t\t\t\t\t\t},\n\t\t\t\t\t\t\t{\n\t\t\t\t\t\t\t  breakpoint: 1025,\n\t\t\t\t\t\t\t  settings: {\n\t\t\t\t\t\t\t\tslidesToShow: 3,\n\t\t\t\t\t\t\t\tslidesToScroll: 3\n\t\t\t\t\t\t\t  }\n\t\t\t\t\t\t\t},\n\t\t\t\t\t\t\t{\n\t\t\t\t\t\t\t  breakpoint: 760,\n\t\t\t\t\t\t\t  settings: {\n\t\t\t\t\t\t\t\tslidesToShow: 2,\n\t\t\t\t\t\t\t\tslidesToScroll: 2\n\t\t\t\t\t\t\t  }\n\t\t\t\t\t\t\t}\n\t\t\t\t\t\t],pauseOnDotsHover: true,customPaging: function(slider, i) {\n                   return '<i type=\"button\" style= \"color:#333333;\" class=\"ultsl-record\" data-role=\"none\"><\/i>';\n                },});\n\t\t\t\t\t}\n\t\t\t\t});\n\t\t\t<\/script>\n\t\t\t[\/vc_column][\/vc_row]<\/p>\n<\/div>","protected":false},"excerpt":{"rendered":"<p>[vc_row][vc_column width=\u00a0\u00bb1\/2&Prime;][vc_single_image image=\u00a0\u00bb1348&Prime; img_size=\u00a0\u00bblarge\u00a0\u00bb css=\u00a0\u00bb\u00a0\u00bb][\/vc_column][vc_column width=\u00a0\u00bb1\/2&Prime;][vc_column_text css=\u00a0\u00bb\u00a0\u00bb] Horloges Bois &amp; \u00c9poxy : La Fusion du Temps et de l&rsquo;Art V\u00e9ritables pi\u00e8ces ma\u00eetresses, nos horloges artisanales transcendent la simple mesure du temps. Elles incarnent en effet une rencontre harmonieuse entre la nature brute et l&rsquo;innovation artistique. Nous marions ainsi la robustesse et la texture organique du&hellip;<\/p>\n","protected":false},"author":1,"featured_media":1121,"parent":0,"menu_order":0,"comment_status":"closed","ping_status":"closed","template":"","meta":{"_monsterinsights_skip_tracking":false,"_monsterinsights_sitenote_active":false,"_monsterinsights_sitenote_note":"","_monsterinsights_sitenote_category":0,"_uf_show_specific_survey":0,"_uf_disable_surveys":false,"footnotes":""},"class_list":["post-92","page","type-page","status-publish","has-post-thumbnail","hentry","description-off"],"yoast_head":"<!-- This site is optimized with the Yoast SEO Premium plugin v26.0 (Yoast SEO v26.0) - https:\/\/yoast.com\/wordpress\/plugins\/seo\/ -->\n<title>Horloges Bois &amp; \u00c9poxy fait main - Cr\u00e9ation unique - SDcr\u00e9ation<\/title>\n<meta name=\"description\" content=\"Horloges Bois &amp; \u00c9poxy de \u00d8 de 25 \u00e0 50 cm. Des pi\u00e8ces uniques en bois massif avec aiguilles faites main pour sublimer votre int\u00e9rieur\" \/>\n<meta name=\"robots\" content=\"index, follow, max-snippet:-1, max-image-preview:large, max-video-preview:-1\" \/>\n<link rel=\"canonical\" href=\"https:\/\/sdcreation16.fr\/index.php\/horloges-bois-epoxy\/\" \/>\n<meta property=\"og:locale\" content=\"fr_FR\" \/>\n<meta property=\"og:type\" content=\"article\" \/>\n<meta property=\"og:title\" content=\"Horloges\" \/>\n<meta property=\"og:description\" content=\"D\u00e9couvrez des pi\u00e8ces uniques faites main : jeux en bois noble, plateaux et horloges design m\u00ealant l&#039;\u00e9l\u00e9gance du bois et la modernit\u00e9 de la r\u00e9sine \u00e9poxy. L&#039;artisanat d&#039;exception %\" \/>\n<meta property=\"og:url\" content=\"https:\/\/sdcreation16.fr\/index.php\/horloges-bois-epoxy\/\" \/>\n<meta property=\"og:site_name\" content=\"SDcr\u00e9ation\" \/>\n<meta property=\"article:publisher\" content=\"https:\/\/www.facebook.com\/sdcreation.damase.10\" \/>\n<meta property=\"article:modified_time\" content=\"2025-11-13T18:51:43+00:00\" \/>\n<meta property=\"og:image\" content=\"https:\/\/sdcreation16.fr\/wp-content\/uploads\/2025\/05\/chat45.jpeg\" \/>\n\t<meta property=\"og:image:width\" content=\"1536\" \/>\n\t<meta property=\"og:image:height\" content=\"2048\" \/>\n\t<meta property=\"og:image:type\" content=\"image\/jpeg\" \/>\n<meta name=\"twitter:card\" content=\"summary_large_image\" \/>\n<meta name=\"twitter:label1\" content=\"Dur\u00e9e de lecture estim\u00e9e\" \/>\n\t<meta name=\"twitter:data1\" content=\"1 minute\" \/>\n<script type=\"application\/ld+json\" class=\"yoast-schema-graph\">{\"@context\":\"https:\/\/schema.org\",\"@graph\":[{\"@type\":\"WebPage\",\"@id\":\"https:\/\/sdcreation16.fr\/index.php\/horloges-bois-epoxy\/\",\"url\":\"https:\/\/sdcreation16.fr\/index.php\/horloges-bois-epoxy\/\",\"name\":\"Horloges Bois & \u00c9poxy fait main - Cr\u00e9ation unique - SDcr\u00e9ation\",\"isPartOf\":{\"@id\":\"https:\/\/sdcreation16.fr\/#website\"},\"primaryImageOfPage\":{\"@id\":\"https:\/\/sdcreation16.fr\/index.php\/horloges-bois-epoxy\/#primaryimage\"},\"image\":{\"@id\":\"https:\/\/sdcreation16.fr\/index.php\/horloges-bois-epoxy\/#primaryimage\"},\"thumbnailUrl\":\"https:\/\/sdcreation16.fr\/wp-content\/uploads\/2025\/05\/chat45.jpeg\",\"datePublished\":\"2020-12-14T12:37:08+00:00\",\"dateModified\":\"2025-11-13T18:51:43+00:00\",\"description\":\"Horloges Bois & \u00c9poxy de \u00d8 de 25 \u00e0 50 cm. Des pi\u00e8ces uniques en bois massif avec aiguilles faites main pour sublimer votre int\u00e9rieur\",\"breadcrumb\":{\"@id\":\"https:\/\/sdcreation16.fr\/index.php\/horloges-bois-epoxy\/#breadcrumb\"},\"inLanguage\":\"fr-FR\",\"potentialAction\":[{\"@type\":\"ReadAction\",\"target\":[\"https:\/\/sdcreation16.fr\/index.php\/horloges-bois-epoxy\/\"]}]},{\"@type\":\"ImageObject\",\"inLanguage\":\"fr-FR\",\"@id\":\"https:\/\/sdcreation16.fr\/index.php\/horloges-bois-epoxy\/#primaryimage\",\"url\":\"https:\/\/sdcreation16.fr\/wp-content\/uploads\/2025\/05\/chat45.jpeg\",\"contentUrl\":\"https:\/\/sdcreation16.fr\/wp-content\/uploads\/2025\/05\/chat45.jpeg\",\"width\":1536,\"height\":2048,\"caption\":\"aiguille au theme de l'horloge chat\"},{\"@type\":\"BreadcrumbList\",\"@id\":\"https:\/\/sdcreation16.fr\/index.php\/horloges-bois-epoxy\/#breadcrumb\",\"itemListElement\":[{\"@type\":\"ListItem\",\"position\":1,\"name\":\"Accueil\",\"item\":\"https:\/\/sdcreation16.fr\/\"},{\"@type\":\"ListItem\",\"position\":2,\"name\":\"Horloges Bois & \u00c9poxy\"}]},{\"@type\":\"WebSite\",\"@id\":\"https:\/\/sdcreation16.fr\/#website\",\"url\":\"https:\/\/sdcreation16.fr\/\",\"name\":\"SDcr\u00e9ation\",\"description\":\"L&#039;association de la r\u00e9sine et du bois.\",\"publisher\":{\"@id\":\"https:\/\/sdcreation16.fr\/#organization\"},\"potentialAction\":[{\"@type\":\"SearchAction\",\"target\":{\"@type\":\"EntryPoint\",\"urlTemplate\":\"https:\/\/sdcreation16.fr\/?s={search_term_string}\"},\"query-input\":{\"@type\":\"PropertyValueSpecification\",\"valueRequired\":true,\"valueName\":\"search_term_string\"}}],\"inLanguage\":\"fr-FR\"},{\"@type\":\"Organization\",\"@id\":\"https:\/\/sdcreation16.fr\/#organization\",\"name\":\"sd creation\",\"url\":\"https:\/\/sdcreation16.fr\/\",\"logo\":{\"@type\":\"ImageObject\",\"inLanguage\":\"fr-FR\",\"@id\":\"https:\/\/sdcreation16.fr\/#\/schema\/logo\/image\/\",\"url\":\"https:\/\/sdcreation16.fr\/wp-content\/uploads\/2020\/12\/new-logo.png\",\"contentUrl\":\"https:\/\/sdcreation16.fr\/wp-content\/uploads\/2020\/12\/new-logo.png\",\"width\":595,\"height\":100,\"caption\":\"sd creation\"},\"image\":{\"@id\":\"https:\/\/sdcreation16.fr\/#\/schema\/logo\/image\/\"},\"sameAs\":[\"https:\/\/www.facebook.com\/sdcreation.damase.10\"]}]}<\/script>\n<!-- \/ Yoast SEO Premium plugin. -->","yoast_head_json":{"title":"Horloges Bois & \u00c9poxy fait main - Cr\u00e9ation unique - SDcr\u00e9ation","description":"Horloges Bois & \u00c9poxy de \u00d8 de 25 \u00e0 50 cm. Des pi\u00e8ces uniques en bois massif avec aiguilles faites main pour sublimer votre int\u00e9rieur","robots":{"index":"index","follow":"follow","max-snippet":"max-snippet:-1","max-image-preview":"max-image-preview:large","max-video-preview":"max-video-preview:-1"},"canonical":"https:\/\/sdcreation16.fr\/index.php\/horloges-bois-epoxy\/","og_locale":"fr_FR","og_type":"article","og_title":"Horloges","og_description":"D\u00e9couvrez des pi\u00e8ces uniques faites main : jeux en bois noble, plateaux et horloges design m\u00ealant l'\u00e9l\u00e9gance du bois et la modernit\u00e9 de la r\u00e9sine \u00e9poxy. L'artisanat d'exception %","og_url":"https:\/\/sdcreation16.fr\/index.php\/horloges-bois-epoxy\/","og_site_name":"SDcr\u00e9ation","article_publisher":"https:\/\/www.facebook.com\/sdcreation.damase.10","article_modified_time":"2025-11-13T18:51:43+00:00","og_image":[{"width":1536,"height":2048,"url":"https:\/\/sdcreation16.fr\/wp-content\/uploads\/2025\/05\/chat45.jpeg","type":"image\/jpeg"}],"twitter_card":"summary_large_image","twitter_misc":{"Dur\u00e9e de lecture estim\u00e9e":"1 minute"},"schema":{"@context":"https:\/\/schema.org","@graph":[{"@type":"WebPage","@id":"https:\/\/sdcreation16.fr\/index.php\/horloges-bois-epoxy\/","url":"https:\/\/sdcreation16.fr\/index.php\/horloges-bois-epoxy\/","name":"Horloges Bois & \u00c9poxy fait main - Cr\u00e9ation unique - SDcr\u00e9ation","isPartOf":{"@id":"https:\/\/sdcreation16.fr\/#website"},"primaryImageOfPage":{"@id":"https:\/\/sdcreation16.fr\/index.php\/horloges-bois-epoxy\/#primaryimage"},"image":{"@id":"https:\/\/sdcreation16.fr\/index.php\/horloges-bois-epoxy\/#primaryimage"},"thumbnailUrl":"https:\/\/sdcreation16.fr\/wp-content\/uploads\/2025\/05\/chat45.jpeg","datePublished":"2020-12-14T12:37:08+00:00","dateModified":"2025-11-13T18:51:43+00:00","description":"Horloges Bois & \u00c9poxy de \u00d8 de 25 \u00e0 50 cm. Des pi\u00e8ces uniques en bois massif avec aiguilles faites main pour sublimer votre int\u00e9rieur","breadcrumb":{"@id":"https:\/\/sdcreation16.fr\/index.php\/horloges-bois-epoxy\/#breadcrumb"},"inLanguage":"fr-FR","potentialAction":[{"@type":"ReadAction","target":["https:\/\/sdcreation16.fr\/index.php\/horloges-bois-epoxy\/"]}]},{"@type":"ImageObject","inLanguage":"fr-FR","@id":"https:\/\/sdcreation16.fr\/index.php\/horloges-bois-epoxy\/#primaryimage","url":"https:\/\/sdcreation16.fr\/wp-content\/uploads\/2025\/05\/chat45.jpeg","contentUrl":"https:\/\/sdcreation16.fr\/wp-content\/uploads\/2025\/05\/chat45.jpeg","width":1536,"height":2048,"caption":"aiguille au theme de l'horloge chat"},{"@type":"BreadcrumbList","@id":"https:\/\/sdcreation16.fr\/index.php\/horloges-bois-epoxy\/#breadcrumb","itemListElement":[{"@type":"ListItem","position":1,"name":"Accueil","item":"https:\/\/sdcreation16.fr\/"},{"@type":"ListItem","position":2,"name":"Horloges Bois & \u00c9poxy"}]},{"@type":"WebSite","@id":"https:\/\/sdcreation16.fr\/#website","url":"https:\/\/sdcreation16.fr\/","name":"SDcr\u00e9ation","description":"L&#039;association de la r\u00e9sine et du bois.","publisher":{"@id":"https:\/\/sdcreation16.fr\/#organization"},"potentialAction":[{"@type":"SearchAction","target":{"@type":"EntryPoint","urlTemplate":"https:\/\/sdcreation16.fr\/?s={search_term_string}"},"query-input":{"@type":"PropertyValueSpecification","valueRequired":true,"valueName":"search_term_string"}}],"inLanguage":"fr-FR"},{"@type":"Organization","@id":"https:\/\/sdcreation16.fr\/#organization","name":"sd creation","url":"https:\/\/sdcreation16.fr\/","logo":{"@type":"ImageObject","inLanguage":"fr-FR","@id":"https:\/\/sdcreation16.fr\/#\/schema\/logo\/image\/","url":"https:\/\/sdcreation16.fr\/wp-content\/uploads\/2020\/12\/new-logo.png","contentUrl":"https:\/\/sdcreation16.fr\/wp-content\/uploads\/2020\/12\/new-logo.png","width":595,"height":100,"caption":"sd creation"},"image":{"@id":"https:\/\/sdcreation16.fr\/#\/schema\/logo\/image\/"},"sameAs":["https:\/\/www.facebook.com\/sdcreation.damase.10"]}]}},"_links":{"self":[{"href":"https:\/\/sdcreation16.fr\/index.php\/wp-json\/wp\/v2\/pages\/92","targetHints":{"allow":["GET"]}}],"collection":[{"href":"https:\/\/sdcreation16.fr\/index.php\/wp-json\/wp\/v2\/pages"}],"about":[{"href":"https:\/\/sdcreation16.fr\/index.php\/wp-json\/wp\/v2\/types\/page"}],"author":[{"embeddable":true,"href":"https:\/\/sdcreation16.fr\/index.php\/wp-json\/wp\/v2\/users\/1"}],"replies":[{"embeddable":true,"href":"https:\/\/sdcreation16.fr\/index.php\/wp-json\/wp\/v2\/comments?post=92"}],"version-history":[{"count":9,"href":"https:\/\/sdcreation16.fr\/index.php\/wp-json\/wp\/v2\/pages\/92\/revisions"}],"predecessor-version":[{"id":1448,"href":"https:\/\/sdcreation16.fr\/index.php\/wp-json\/wp\/v2\/pages\/92\/revisions\/1448"}],"wp:featuredmedia":[{"embeddable":true,"href":"https:\/\/sdcreation16.fr\/index.php\/wp-json\/wp\/v2\/media\/1121"}],"wp:attachment":[{"href":"https:\/\/sdcreation16.fr\/index.php\/wp-json\/wp\/v2\/media?parent=92"}],"curies":[{"name":"wp","href":"https:\/\/api.w.org\/{rel}","templated":true}]}}