{"id":553,"date":"2022-12-05T12:52:38","date_gmt":"2022-12-05T11:52:38","guid":{"rendered":"https:\/\/sdcreation16.fr\/?page_id=553"},"modified":"2025-11-13T12:36:18","modified_gmt":"2025-11-13T11:36:18","slug":"entretien-objets-bois","status":"publish","type":"page","link":"https:\/\/sdcreation16.fr\/index.php\/entretien-objets-bois\/","title":{"rendered":"Entretien objets bois"},"content":{"rendered":"<div class=\"wpb-content-wrapper\"><p>[vc_row][vc_column][vc_column_text css=\u00a0\u00bb\u00a0\u00bb]<\/p>\n<h2>Guide d&rsquo;Entretien Optimal : Bois Noble et R\u00e9sine \u00c9poxy<\/h2>\n<p>&nbsp;<\/p>\n<p>Ce guide vous assure la long\u00e9vit\u00e9 de vos cr\u00e9ations. Le bois est une mati\u00e8re vivante ; il r\u00e9agit \u00e0 l\u2019humidit\u00e9 et \u00e0 la chaleur. La r\u00e9sine, bien que durable, reste sensible \u00e0 la chaleur. <b>En g\u00e9n\u00e9ral, privil\u00e9giez toujours un nettoyage avec un chiffon propre et doux.<\/b><\/p>\n<hr \/>\n<p>&nbsp;<\/p>\n<h3>1. Entretien Sp\u00e9cifique des Tables (Meubles)<\/h3>\n<p>&nbsp;<\/p>\n<p>Les tables n\u00e9cessitent une attention particuli\u00e8re en fonction de leur finition.<\/p>\n<p>&nbsp;<\/p>\n<h4>1.1 Tables avec Finition Brillante (Vernis PU)<\/h4>\n<p>&nbsp;<\/p>\n<p>La finition brillante est la plus sensible aux rayures.<\/p>\n<ul>\n<li><b>Protection :<\/b> Il est pr\u00e9f\u00e9rable de prot\u00e9ger ces tables au maximum.<\/li>\n<li><b>R\u00e9paration :<\/b> Il est toujours possible de poncer l\u00e9g\u00e8rement la surface endommag\u00e9e et d&rsquo;appliquer un nouveau vernis (Polyur\u00e9thane ou PU de pr\u00e9f\u00e9rence).<\/li>\n<li><b>Avertissement :<\/b> <b>Ne posez jamais de plat chaud directement sur la surface.<\/b><\/li>\n<\/ul>\n<p>&nbsp;<\/p>\n<h4>1.2 Tables avec Finition Huil\u00e9e<\/h4>\n<p>&nbsp;<\/p>\n<p>Les finitions huil\u00e9es sont sensibles aux micro-rayures.<\/p>\n<ul>\n<li><b>R\u00e9paration des Rayures :<\/b> La reprise des micro-rayures est possible. Utilisez un l\u00e9ger pon\u00e7age (grain 400 ou 600).<\/li>\n<li><b>Protocole de Traitement \u00e0 l&rsquo;Huile :<\/b>\n<ul>\n<li>Utilisez une huile adapt\u00e9e (huile de lin, Osmo, etc.).<\/li>\n<li>Appliquez au moins deux couches.<\/li>\n<li>Attendez le lendemain avant la pose de la deuxi\u00e8me couche.<\/li>\n<li>Apr\u00e8s chaque application, essuyez l&rsquo;exc\u00e8s d&rsquo;huile avec un chiffon en coton propre.<\/li>\n<\/ul>\n<\/li>\n<li><b>Note :<\/b> L&rsquo;application des produits comme l&rsquo;Osmo peut \u00eatre plus technique.<\/li>\n<\/ul>\n<hr \/>\n<p>&nbsp;<\/p>\n<h3>2. Entretien des Plateaux de Service<\/h3>\n<p>&nbsp;<\/p>\n<p>Les plateaux demandent un entretien simple et rapide.<\/p>\n<ul>\n<li><b>Nettoyage :<\/b> Nettoyez uniquement avec un chiffon doux.<\/li>\n<li><b>Interdictions Strictes :<\/b>\n<ul>\n<li>Ne pas mettre au lave-vaisselle.<\/li>\n<li>Ne pas laisser tremper dans l&rsquo;eau.<\/li>\n<\/ul>\n<\/li>\n<li><b>Traitement :<\/b> Pour l&rsquo;entretien ou le re-traitement, veuillez vous r\u00e9f\u00e9rer \u00e0 la section <b>1.2 Tables avec Finition Huil\u00e9e<\/b>.<\/li>\n<\/ul>\n<hr \/>\n<p>&nbsp;<\/p>\n<h3>3. Entretien des Planches \u00e0 D\u00e9couper<\/h3>\n<p>&nbsp;<\/p>\n<p>L&rsquo;utilisation appropri\u00e9e et l&rsquo;entretien r\u00e9gulier garantissent la p\u00e9rennit\u00e9 de vos planches.<\/p>\n<p>&nbsp;<\/p>\n<h4>3.1 R\u00e8gles d&rsquo;Utilisation et de Lavage<\/h4>\n<p>&nbsp;<\/p>\n<ul>\n<li><b>Rappel Important :<\/b> La d\u00e9coupe ne doit se faire que sur la <b>partie bois<\/b>. La r\u00e9sine est uniquement d\u00e9corative.<\/li>\n<li><b>Lavage :<\/b> Lavez toujours les planches \u00e0 la main apr\u00e8s chaque utilisation.<\/li>\n<li><b>S\u00e9chage :<\/b> Essuyez-les soigneusement et laissez-les s\u00e9cher compl\u00e8tement \u00e0 l&rsquo;air libre avant de les ranger.<\/li>\n<li><b>Interdictions :<\/b>\n<ul>\n<li>Il est absolument interdit de laver les articles en bois dans le lave-vaisselle.<\/li>\n<li>Ne pas les laisser dans l&rsquo;eau (cela affaiblit et endommage le bois).<\/li>\n<\/ul>\n<\/li>\n<\/ul>\n<p>&nbsp;<\/p>\n<h4>3.2 Protocole de Reconditionnement (Huile)<\/h4>\n<p>&nbsp;<\/p>\n<p>Environ une fois tous les deux mois, ou plus souvent selon la fr\u00e9quence d&rsquo;utilisation, traitez la planche \u00e0 l&rsquo;huile :<\/p>\n<ul>\n<li><b>Huile Recommand\u00e9e :<\/b> Utilisez une huile naturelle et alimentaire (huile de noix, de coco, de lin, ou autre huile v\u00e9g\u00e9tale).<\/li>\n<li><b>Application :<\/b> Appliquez au moins deux couches.<\/li>\n<li><b>D\u00e9lai :<\/b> Attendez le lendemain avant la deuxi\u00e8me application.<\/li>\n<li><b>Finition :<\/b> Apr\u00e8s l&rsquo;application de chaque couche, essuyez l&rsquo;exc\u00e8s d&rsquo;huile avec un chiffon en coton propre.<\/li>\n<\/ul>\n<p>&nbsp;<\/p>\n<h4>3.3 Restauration de Surface<\/h4>\n<p>&nbsp;<\/p>\n<p>Au fil du temps, le contact avec des objets chauds ou l&rsquo;usure peut endommager les fibres du bois, rendant la surface rugueuse.<\/p>\n<ul>\n<li><b>Correction :<\/b> Ces fibres peuvent \u00eatre facilement \u00e9limin\u00e9es par pon\u00e7age (avec du papier abrasif).<\/li>\n<li><b>Restauration :<\/b> Appliquez ensuite de nouveau de l&rsquo;huile. Ces deux actions restaureront la surface lisse de votre planche \u00e0 d\u00e9couper.<\/li>\n<\/ul>\n<p>[\/vc_column_text][\/vc_column][\/vc_row]<\/p>\n<\/div>","protected":false},"excerpt":{"rendered":"<p>[vc_row][vc_column][vc_column_text css=\u00a0\u00bb\u00a0\u00bb] Guide d&rsquo;Entretien Optimal : Bois Noble et R\u00e9sine \u00c9poxy &nbsp; Ce guide vous assure la long\u00e9vit\u00e9 de vos cr\u00e9ations. Le bois est une mati\u00e8re vivante ; il r\u00e9agit \u00e0 l\u2019humidit\u00e9 et \u00e0 la chaleur. La r\u00e9sine, bien que durable, reste sensible \u00e0 la chaleur. En g\u00e9n\u00e9ral, privil\u00e9giez toujours un nettoyage avec un chiffon&hellip;<\/p>\n","protected":false},"author":1,"featured_media":1453,"parent":0,"menu_order":0,"comment_status":"closed","ping_status":"closed","template":"","meta":{"_monsterinsights_skip_tracking":false,"_monsterinsights_sitenote_active":false,"_monsterinsights_sitenote_note":"","_monsterinsights_sitenote_category":0,"_uf_show_specific_survey":0,"_uf_disable_surveys":false,"footnotes":""},"class_list":["post-553","page","type-page","status-publish","has-post-thumbnail","hentry","description-off"],"yoast_head":"<!-- This site is optimized with the Yoast SEO Premium plugin v26.0 (Yoast SEO v26.0) - https:\/\/yoast.com\/wordpress\/plugins\/seo\/ -->\n<title>Guide d&#039;entretien | Tables &amp; Planches en Bois et R\u00e9sine \u00c9poxy<\/title>\n<meta name=\"description\" content=\"Prot\u00e9gez vos cr\u00e9ation, notre guide d&#039;entretien facile \u00e0 suivre prolonge la durabilit\u00e9 et l&#039;\u00e9clat de vos tables, planches et plateaux\" \/>\n<meta name=\"robots\" content=\"index, follow, max-snippet:-1, max-image-preview:large, max-video-preview:-1\" \/>\n<link rel=\"canonical\" href=\"https:\/\/sdcreation16.fr\/index.php\/entretien-objets-bois\/\" \/>\n<meta property=\"og:locale\" content=\"fr_FR\" \/>\n<meta property=\"og:type\" content=\"article\" \/>\n<meta property=\"og:title\" content=\"Entretien objets bois\" \/>\n<meta property=\"og:description\" content=\"D\u00e9couvrez des pi\u00e8ces uniques faites main : jeux en bois noble, plateaux et horloges design m\u00ealant l&#039;\u00e9l\u00e9gance du bois et la modernit\u00e9 de la r\u00e9sine \u00e9poxy. L&#039;artisanat d&#039;exception %\" \/>\n<meta property=\"og:url\" content=\"https:\/\/sdcreation16.fr\/index.php\/entretien-objets-bois\/\" \/>\n<meta property=\"og:site_name\" content=\"SDcr\u00e9ation\" \/>\n<meta property=\"article:publisher\" content=\"https:\/\/www.facebook.com\/sdcreation.damase.10\" \/>\n<meta property=\"article:modified_time\" content=\"2025-11-13T11:36:18+00:00\" \/>\n<meta property=\"og:image\" content=\"https:\/\/sdcreation16.fr\/wp-content\/uploads\/2025\/11\/entretien-bois.jpg\" \/>\n\t<meta property=\"og:image:width\" content=\"1024\" \/>\n\t<meta property=\"og:image:height\" content=\"1024\" \/>\n\t<meta property=\"og:image:type\" content=\"image\/jpeg\" \/>\n<meta name=\"twitter:card\" content=\"summary_large_image\" \/>\n<meta name=\"twitter:label1\" content=\"Dur\u00e9e de lecture estim\u00e9e\" \/>\n\t<meta name=\"twitter:data1\" content=\"2 minutes\" \/>\n<script type=\"application\/ld+json\" class=\"yoast-schema-graph\">{\"@context\":\"https:\/\/schema.org\",\"@graph\":[{\"@type\":\"WebPage\",\"@id\":\"https:\/\/sdcreation16.fr\/index.php\/entretien-objets-bois\/\",\"url\":\"https:\/\/sdcreation16.fr\/index.php\/entretien-objets-bois\/\",\"name\":\"Guide d'entretien | Tables & Planches en Bois et R\u00e9sine \u00c9poxy\",\"isPartOf\":{\"@id\":\"https:\/\/sdcreation16.fr\/#website\"},\"primaryImageOfPage\":{\"@id\":\"https:\/\/sdcreation16.fr\/index.php\/entretien-objets-bois\/#primaryimage\"},\"image\":{\"@id\":\"https:\/\/sdcreation16.fr\/index.php\/entretien-objets-bois\/#primaryimage\"},\"thumbnailUrl\":\"https:\/\/sdcreation16.fr\/wp-content\/uploads\/2025\/11\/entretien-bois.jpg\",\"datePublished\":\"2022-12-05T11:52:38+00:00\",\"dateModified\":\"2025-11-13T11:36:18+00:00\",\"description\":\"Prot\u00e9gez vos cr\u00e9ation, notre guide d'entretien facile \u00e0 suivre prolonge la durabilit\u00e9 et l'\u00e9clat de vos tables, planches et plateaux\",\"breadcrumb\":{\"@id\":\"https:\/\/sdcreation16.fr\/index.php\/entretien-objets-bois\/#breadcrumb\"},\"inLanguage\":\"fr-FR\",\"potentialAction\":[{\"@type\":\"ReadAction\",\"target\":[\"https:\/\/sdcreation16.fr\/index.php\/entretien-objets-bois\/\"]}]},{\"@type\":\"ImageObject\",\"inLanguage\":\"fr-FR\",\"@id\":\"https:\/\/sdcreation16.fr\/index.php\/entretien-objets-bois\/#primaryimage\",\"url\":\"https:\/\/sdcreation16.fr\/wp-content\/uploads\/2025\/11\/entretien-bois.jpg\",\"contentUrl\":\"https:\/\/sdcreation16.fr\/wp-content\/uploads\/2025\/11\/entretien-bois.jpg\",\"width\":1024,\"height\":1024,\"caption\":\"entretien\"},{\"@type\":\"BreadcrumbList\",\"@id\":\"https:\/\/sdcreation16.fr\/index.php\/entretien-objets-bois\/#breadcrumb\",\"itemListElement\":[{\"@type\":\"ListItem\",\"position\":1,\"name\":\"Accueil\",\"item\":\"https:\/\/sdcreation16.fr\/\"},{\"@type\":\"ListItem\",\"position\":2,\"name\":\"Entretien Bois & R\u00e9sine \u00c9poxy\"}]},{\"@type\":\"WebSite\",\"@id\":\"https:\/\/sdcreation16.fr\/#website\",\"url\":\"https:\/\/sdcreation16.fr\/\",\"name\":\"SDcr\u00e9ation\",\"description\":\"L&#039;association de la r\u00e9sine et du bois.\",\"publisher\":{\"@id\":\"https:\/\/sdcreation16.fr\/#organization\"},\"potentialAction\":[{\"@type\":\"SearchAction\",\"target\":{\"@type\":\"EntryPoint\",\"urlTemplate\":\"https:\/\/sdcreation16.fr\/?s={search_term_string}\"},\"query-input\":{\"@type\":\"PropertyValueSpecification\",\"valueRequired\":true,\"valueName\":\"search_term_string\"}}],\"inLanguage\":\"fr-FR\"},{\"@type\":\"Organization\",\"@id\":\"https:\/\/sdcreation16.fr\/#organization\",\"name\":\"sd creation\",\"url\":\"https:\/\/sdcreation16.fr\/\",\"logo\":{\"@type\":\"ImageObject\",\"inLanguage\":\"fr-FR\",\"@id\":\"https:\/\/sdcreation16.fr\/#\/schema\/logo\/image\/\",\"url\":\"https:\/\/sdcreation16.fr\/wp-content\/uploads\/2020\/12\/new-logo.png\",\"contentUrl\":\"https:\/\/sdcreation16.fr\/wp-content\/uploads\/2020\/12\/new-logo.png\",\"width\":595,\"height\":100,\"caption\":\"sd creation\"},\"image\":{\"@id\":\"https:\/\/sdcreation16.fr\/#\/schema\/logo\/image\/\"},\"sameAs\":[\"https:\/\/www.facebook.com\/sdcreation.damase.10\"]}]}<\/script>\n<!-- \/ Yoast SEO Premium plugin. -->","yoast_head_json":{"title":"Guide d'entretien | Tables & Planches en Bois et R\u00e9sine \u00c9poxy","description":"Prot\u00e9gez vos cr\u00e9ation, notre guide d'entretien facile \u00e0 suivre prolonge la durabilit\u00e9 et l'\u00e9clat de vos tables, planches et plateaux","robots":{"index":"index","follow":"follow","max-snippet":"max-snippet:-1","max-image-preview":"max-image-preview:large","max-video-preview":"max-video-preview:-1"},"canonical":"https:\/\/sdcreation16.fr\/index.php\/entretien-objets-bois\/","og_locale":"fr_FR","og_type":"article","og_title":"Entretien objets bois","og_description":"D\u00e9couvrez des pi\u00e8ces uniques faites main : jeux en bois noble, plateaux et horloges design m\u00ealant l'\u00e9l\u00e9gance du bois et la modernit\u00e9 de la r\u00e9sine \u00e9poxy. L'artisanat d'exception %","og_url":"https:\/\/sdcreation16.fr\/index.php\/entretien-objets-bois\/","og_site_name":"SDcr\u00e9ation","article_publisher":"https:\/\/www.facebook.com\/sdcreation.damase.10","article_modified_time":"2025-11-13T11:36:18+00:00","og_image":[{"width":1024,"height":1024,"url":"https:\/\/sdcreation16.fr\/wp-content\/uploads\/2025\/11\/entretien-bois.jpg","type":"image\/jpeg"}],"twitter_card":"summary_large_image","twitter_misc":{"Dur\u00e9e de lecture estim\u00e9e":"2 minutes"},"schema":{"@context":"https:\/\/schema.org","@graph":[{"@type":"WebPage","@id":"https:\/\/sdcreation16.fr\/index.php\/entretien-objets-bois\/","url":"https:\/\/sdcreation16.fr\/index.php\/entretien-objets-bois\/","name":"Guide d'entretien | Tables & Planches en Bois et R\u00e9sine \u00c9poxy","isPartOf":{"@id":"https:\/\/sdcreation16.fr\/#website"},"primaryImageOfPage":{"@id":"https:\/\/sdcreation16.fr\/index.php\/entretien-objets-bois\/#primaryimage"},"image":{"@id":"https:\/\/sdcreation16.fr\/index.php\/entretien-objets-bois\/#primaryimage"},"thumbnailUrl":"https:\/\/sdcreation16.fr\/wp-content\/uploads\/2025\/11\/entretien-bois.jpg","datePublished":"2022-12-05T11:52:38+00:00","dateModified":"2025-11-13T11:36:18+00:00","description":"Prot\u00e9gez vos cr\u00e9ation, notre guide d'entretien facile \u00e0 suivre prolonge la durabilit\u00e9 et l'\u00e9clat de vos tables, planches et plateaux","breadcrumb":{"@id":"https:\/\/sdcreation16.fr\/index.php\/entretien-objets-bois\/#breadcrumb"},"inLanguage":"fr-FR","potentialAction":[{"@type":"ReadAction","target":["https:\/\/sdcreation16.fr\/index.php\/entretien-objets-bois\/"]}]},{"@type":"ImageObject","inLanguage":"fr-FR","@id":"https:\/\/sdcreation16.fr\/index.php\/entretien-objets-bois\/#primaryimage","url":"https:\/\/sdcreation16.fr\/wp-content\/uploads\/2025\/11\/entretien-bois.jpg","contentUrl":"https:\/\/sdcreation16.fr\/wp-content\/uploads\/2025\/11\/entretien-bois.jpg","width":1024,"height":1024,"caption":"entretien"},{"@type":"BreadcrumbList","@id":"https:\/\/sdcreation16.fr\/index.php\/entretien-objets-bois\/#breadcrumb","itemListElement":[{"@type":"ListItem","position":1,"name":"Accueil","item":"https:\/\/sdcreation16.fr\/"},{"@type":"ListItem","position":2,"name":"Entretien Bois & R\u00e9sine \u00c9poxy"}]},{"@type":"WebSite","@id":"https:\/\/sdcreation16.fr\/#website","url":"https:\/\/sdcreation16.fr\/","name":"SDcr\u00e9ation","description":"L&#039;association de la r\u00e9sine et du bois.","publisher":{"@id":"https:\/\/sdcreation16.fr\/#organization"},"potentialAction":[{"@type":"SearchAction","target":{"@type":"EntryPoint","urlTemplate":"https:\/\/sdcreation16.fr\/?s={search_term_string}"},"query-input":{"@type":"PropertyValueSpecification","valueRequired":true,"valueName":"search_term_string"}}],"inLanguage":"fr-FR"},{"@type":"Organization","@id":"https:\/\/sdcreation16.fr\/#organization","name":"sd creation","url":"https:\/\/sdcreation16.fr\/","logo":{"@type":"ImageObject","inLanguage":"fr-FR","@id":"https:\/\/sdcreation16.fr\/#\/schema\/logo\/image\/","url":"https:\/\/sdcreation16.fr\/wp-content\/uploads\/2020\/12\/new-logo.png","contentUrl":"https:\/\/sdcreation16.fr\/wp-content\/uploads\/2020\/12\/new-logo.png","width":595,"height":100,"caption":"sd creation"},"image":{"@id":"https:\/\/sdcreation16.fr\/#\/schema\/logo\/image\/"},"sameAs":["https:\/\/www.facebook.com\/sdcreation.damase.10"]}]}},"_links":{"self":[{"href":"https:\/\/sdcreation16.fr\/index.php\/wp-json\/wp\/v2\/pages\/553","targetHints":{"allow":["GET"]}}],"collection":[{"href":"https:\/\/sdcreation16.fr\/index.php\/wp-json\/wp\/v2\/pages"}],"about":[{"href":"https:\/\/sdcreation16.fr\/index.php\/wp-json\/wp\/v2\/types\/page"}],"author":[{"embeddable":true,"href":"https:\/\/sdcreation16.fr\/index.php\/wp-json\/wp\/v2\/users\/1"}],"replies":[{"embeddable":true,"href":"https:\/\/sdcreation16.fr\/index.php\/wp-json\/wp\/v2\/comments?post=553"}],"version-history":[{"count":2,"href":"https:\/\/sdcreation16.fr\/index.php\/wp-json\/wp\/v2\/pages\/553\/revisions"}],"predecessor-version":[{"id":1454,"href":"https:\/\/sdcreation16.fr\/index.php\/wp-json\/wp\/v2\/pages\/553\/revisions\/1454"}],"wp:featuredmedia":[{"embeddable":true,"href":"https:\/\/sdcreation16.fr\/index.php\/wp-json\/wp\/v2\/media\/1453"}],"wp:attachment":[{"href":"https:\/\/sdcreation16.fr\/index.php\/wp-json\/wp\/v2\/media?parent=553"}],"curies":[{"name":"wp","href":"https:\/\/api.w.org\/{rel}","templated":true}]}}