{"id":1649,"date":"2026-01-16T14:49:13","date_gmt":"2026-01-16T13:49:13","guid":{"rendered":"https:\/\/sdcreation16.fr\/?page_id=1649"},"modified":"2026-03-05T17:40:04","modified_gmt":"2026-03-05T16:40:04","slug":"jeu-backgammon-en-bois-noble-epoxy-artisanat","status":"publish","type":"page","link":"https:\/\/sdcreation16.fr\/index.php\/jeu-backgammon-en-bois-noble-epoxy-artisanat\/","title":{"rendered":"jeux backgammon"},"content":{"rendered":"<div class=\"wpb-content-wrapper\"><p>[vc_row][vc_column width=\u00a0\u00bb2\/3&Prime;][vc_column_text css=\u00a0\u00bb\u00a0\u00bb]<\/p>\n<h2>JEUX BACKGAMMON BOIS &amp; EPOXY<\/h2>\n<p>Plongez dans l\u2019univers du luxe avec nos jeux de backgammon en bois, enti\u00e8rement r\u00e9alis\u00e9 \u00e0 la main dans notre atelier. Chaque pi\u00e8ce est une \u0153uvre d&rsquo;art unique, con\u00e7ue pour les passionn\u00e9s de beaux objets et les joueurs exigeants.<\/p>\n<p>Nous s\u00e9lectionnons avec une attention particuli\u00e8re des bois nobles aux caract\u00e8res marqu\u00e9s :<\/p>\n<ul>\n<li>L\u2019Orme galeux pour ses loupes spectaculaires et ses motifs tourment\u00e9s.<\/li>\n<li>Le H\u00eatre \u00e9chauff\u00e9 pour ses lignes graphiques naturelles uniques.<\/li>\n<li>Le Ch\u00eane, le Merisier et le Noyer pour leur robustesse et leur \u00e9l\u00e9gance intemporelle.<\/li>\n<\/ul>\n<p>Un Savoir-faire Artisanal<\/p>\n<p>L\u2019innovation rencontre la tradition gr\u00e2ce au travail de la r\u00e9sine \u00e9poxy. Utilis\u00e9e pour souligner le veinage du bois ou pour cr\u00e9er les c\u00e9l\u00e8bres fl\u00e8ches du plateau, l&rsquo;\u00e9poxy apporte une profondeur et une brillance incomparable au jeu.<\/p>\n<p>Le luxe du sur-mesure : Choisissez la couleur de votre r\u00e9sine \u00e9poxy pour cr\u00e9er un jeu qui vous ressemble totalement. Du bleu lagon au noir profond, chaque d\u00e9tail est personnalisable.<\/p>\n<p>Caract\u00e9ristiques Techniques<\/p>\n<ul>\n<li>Fabrication : 100% artisanale, fait main.<\/li>\n<li>Mat\u00e9riaux : Bois massif\u00a0 et r\u00e9sine \u00e9poxy haute r\u00e9sistance.<\/li>\n<li>Finition : Vernis haute protection ou huile de finition pour un toucher soyeux.<\/li>\n<li>Accessoires : Inclus (jetons et d\u00e9s assortis selon finitions).<\/li>\n<li>Charni\u00e8res invisibles , Fermeture en laiton massif.<\/li>\n<\/ul>\n<p>&nbsp;<\/p>\n<p>&nbsp;<\/p>\n<p>Notre jeu de backgammon en bois &amp; \u00e9poxy, et une pi\u00e8ce de luxe unique[\/vc_column_text][\/vc_column][vc_column width=\u00a0\u00bb1\/3&Prime;]<div id=\"ult-carousel-126645618069e51c453f30c\" class=\"ult-carousel-wrapper   ult_horizontal\" data-gutter=\"15\" data-rtl=\"false\" ><div class=\"ult-carousel-325192433669e51c453f1c6 \" >[vc_single_image image=\u00a0\u00bb1134&Prime; img_size=\u00a0\u00bblarge\u00a0\u00bb css=\u00a0\u00bb\u00a0\u00bb][vc_single_image image=\u00a0\u00bb1140&Prime; img_size=\u00a0\u00bblarge\u00a0\u00bb css=\u00a0\u00bb\u00a0\u00bb][vc_single_image image=\u00a0\u00bb1137&Prime; img_size=\u00a0\u00bblarge\u00a0\u00bb css=\u00a0\u00bb\u00a0\u00bb][vc_single_image image=\u00a0\u00bb1135&Prime; img_size=\u00a0\u00bblarge\u00a0\u00bb css=\u00a0\u00bb\u00a0\u00bb][vc_single_image image=\u00a0\u00bb1136&Prime; img_size=\u00a0\u00bblarge\u00a0\u00bb css=\u00a0\u00bb\u00a0\u00bb][vc_single_image image=\u00a0\u00bb1665&Prime; img_size=\u00a0\u00bblarge\u00a0\u00bb css=\u00a0\u00bb\u00a0\u00bb][vc_single_image image=\u00a0\u00bb1662&Prime; img_size=\u00a0\u00bblarge\u00a0\u00bb css=\u00a0\u00bb\u00a0\u00bb][vc_single_image image=\u00a0\u00bb1664&Prime; img_size=\u00a0\u00bblarge\u00a0\u00bb css=\u00a0\u00bb\u00a0\u00bb][vc_single_image image=\u00a0\u00bb1665&Prime; img_size=\u00a0\u00bblarge\u00a0\u00bb css=\u00a0\u00bb\u00a0\u00bb]<\/div><\/div>\t\t\t<script type=\"text\/javascript\">\n\t\t\t\tjQuery(document).ready(function ($) {\n\t\t\t\t\tif( typeof jQuery('.ult-carousel-325192433669e51c453f1c6').slick == \"function\"){\n\t\t\t\t\t\t$('.ult-carousel-325192433669e51c453f1c6').slick({dots: true,autoplay: true,autoplaySpeed: 5000,speed: 300,infinite: true,arrows: true,nextArrow: '<button type=\"button\" role=\"button\" aria-label=\"Next\" style=\"color:#333333; font-size:20px;\" class=\"slick-next default\"><i class=\"ultsl-arrow-right4\"><\/i><\/button>',prevArrow: '<button type=\"button\" role=\"button\" aria-label=\"Previous\" style=\"color:#333333; font-size:20px;\" class=\"slick-prev default\"><i class=\"ultsl-arrow-left4\"><\/i><\/button>',slidesToScroll:1,slidesToShow:1,swipe: true,draggable: true,touchMove: true,pauseOnHover: true,pauseOnFocus: false,responsive: [\n\t\t\t\t\t\t\t{\n\t\t\t\t\t\t\t  breakpoint: 1026,\n\t\t\t\t\t\t\t  settings: {\n\t\t\t\t\t\t\t\tslidesToShow: 1,\n\t\t\t\t\t\t\t\tslidesToScroll: 1,  \n\t\t\t\t\t\t\t  }\n\t\t\t\t\t\t\t},\n\t\t\t\t\t\t\t{\n\t\t\t\t\t\t\t  breakpoint: 1025,\n\t\t\t\t\t\t\t  settings: {\n\t\t\t\t\t\t\t\tslidesToShow: 1,\n\t\t\t\t\t\t\t\tslidesToScroll: 1\n\t\t\t\t\t\t\t  }\n\t\t\t\t\t\t\t},\n\t\t\t\t\t\t\t{\n\t\t\t\t\t\t\t  breakpoint: 760,\n\t\t\t\t\t\t\t  settings: {\n\t\t\t\t\t\t\t\tslidesToShow: 1,\n\t\t\t\t\t\t\t\tslidesToScroll: 1\n\t\t\t\t\t\t\t  }\n\t\t\t\t\t\t\t}\n\t\t\t\t\t\t],pauseOnDotsHover: true,customPaging: function(slider, i) {\n                   return '<i type=\"button\" style= \"color:#333333;\" class=\"ultsl-record\" data-role=\"none\"><\/i>';\n                },});\n\t\t\t\t\t}\n\t\t\t\t});\n\t\t\t<\/script>\n\t\t\t[\/vc_column][\/vc_row]<\/p>\n<\/div>","protected":false},"excerpt":{"rendered":"<p>[vc_row][vc_column width=\u00a0\u00bb2\/3&Prime;][vc_column_text css=\u00a0\u00bb\u00a0\u00bb] JEUX BACKGAMMON BOIS &amp; EPOXY Plongez dans l\u2019univers du luxe avec nos jeux de backgammon en bois, enti\u00e8rement r\u00e9alis\u00e9 \u00e0 la main dans notre atelier. Chaque pi\u00e8ce est une \u0153uvre d&rsquo;art unique, con\u00e7ue pour les passionn\u00e9s de beaux objets et les joueurs exigeants. Nous s\u00e9lectionnons avec une attention particuli\u00e8re des bois nobles&hellip;<\/p>\n","protected":false},"author":1,"featured_media":1135,"parent":0,"menu_order":0,"comment_status":"closed","ping_status":"closed","template":"","meta":{"_monsterinsights_skip_tracking":false,"_monsterinsights_sitenote_active":false,"_monsterinsights_sitenote_note":"","_monsterinsights_sitenote_category":0,"_uf_show_specific_survey":0,"_uf_disable_surveys":false,"footnotes":""},"class_list":["post-1649","page","type-page","status-publish","has-post-thumbnail","hentry","description-off"],"yoast_head":"<!-- This site is optimized with the Yoast SEO Premium plugin v26.0 (Yoast SEO v26.0) - https:\/\/yoast.com\/wordpress\/plugins\/seo\/ -->\n<title>Jeu de Backgammon en Bois et \u00c9poxy | Artisanat Fran\u00e7ais - luxe<\/title>\n<meta name=\"description\" content=\"D\u00e9couvrez nos jeux de backgammon en bois &amp; \u00e9poxy personnalisable, enti\u00e8rement fait main suivant vos envies.\" \/>\n<meta name=\"robots\" content=\"index, follow, max-snippet:-1, max-image-preview:large, max-video-preview:-1\" \/>\n<link rel=\"canonical\" href=\"https:\/\/sdcreation16.fr\/index.php\/jeu-backgammon-en-bois-noble-epoxy-artisanat\/\" \/>\n<meta property=\"og:locale\" content=\"fr_FR\" \/>\n<meta property=\"og:type\" content=\"article\" \/>\n<meta property=\"og:title\" content=\"jeux backgammon\" \/>\n<meta property=\"og:description\" content=\"D\u00e9couvrez des pi\u00e8ces uniques faites main : jeux en bois noble, plateaux et horloges design m\u00ealant l&#039;\u00e9l\u00e9gance du bois et la modernit\u00e9 de la r\u00e9sine \u00e9poxy. L&#039;artisanat d&#039;exception %\" \/>\n<meta property=\"og:url\" content=\"https:\/\/sdcreation16.fr\/index.php\/jeu-backgammon-en-bois-noble-epoxy-artisanat\/\" \/>\n<meta property=\"og:site_name\" content=\"SDcr\u00e9ation\" \/>\n<meta property=\"article:publisher\" content=\"https:\/\/www.facebook.com\/sdcreation.damase.10\" \/>\n<meta property=\"article:modified_time\" content=\"2026-03-05T16:40:04+00:00\" \/>\n<meta property=\"og:image\" content=\"https:\/\/sdcreation16.fr\/wp-content\/uploads\/2025\/05\/499550911_1072003938108705_8529349378391277975_n.jpg\" \/>\n\t<meta property=\"og:image:width\" content=\"1200\" \/>\n\t<meta property=\"og:image:height\" content=\"971\" \/>\n\t<meta property=\"og:image:type\" content=\"image\/jpeg\" \/>\n<meta name=\"twitter:card\" content=\"summary_large_image\" \/>\n<meta name=\"twitter:label1\" content=\"Dur\u00e9e de lecture estim\u00e9e\" \/>\n\t<meta name=\"twitter:data1\" content=\"2 minutes\" \/>\n<script type=\"application\/ld+json\" class=\"yoast-schema-graph\">{\"@context\":\"https:\/\/schema.org\",\"@graph\":[{\"@type\":\"WebPage\",\"@id\":\"https:\/\/sdcreation16.fr\/index.php\/jeu-backgammon-en-bois-noble-epoxy-artisanat\/\",\"url\":\"https:\/\/sdcreation16.fr\/index.php\/jeu-backgammon-en-bois-noble-epoxy-artisanat\/\",\"name\":\"Jeu de Backgammon en Bois et \u00c9poxy | Artisanat Fran\u00e7ais - luxe\",\"isPartOf\":{\"@id\":\"https:\/\/sdcreation16.fr\/#website\"},\"primaryImageOfPage\":{\"@id\":\"https:\/\/sdcreation16.fr\/index.php\/jeu-backgammon-en-bois-noble-epoxy-artisanat\/#primaryimage\"},\"image\":{\"@id\":\"https:\/\/sdcreation16.fr\/index.php\/jeu-backgammon-en-bois-noble-epoxy-artisanat\/#primaryimage\"},\"thumbnailUrl\":\"https:\/\/sdcreation16.fr\/wp-content\/uploads\/2025\/05\/499550911_1072003938108705_8529349378391277975_n.jpg\",\"datePublished\":\"2026-01-16T13:49:13+00:00\",\"dateModified\":\"2026-03-05T16:40:04+00:00\",\"description\":\"D\u00e9couvrez nos jeux de backgammon en bois & \u00e9poxy personnalisable, enti\u00e8rement fait main suivant vos envies.\",\"breadcrumb\":{\"@id\":\"https:\/\/sdcreation16.fr\/index.php\/jeu-backgammon-en-bois-noble-epoxy-artisanat\/#breadcrumb\"},\"inLanguage\":\"fr-FR\",\"potentialAction\":[{\"@type\":\"ReadAction\",\"target\":[\"https:\/\/sdcreation16.fr\/index.php\/jeu-backgammon-en-bois-noble-epoxy-artisanat\/\"]}]},{\"@type\":\"ImageObject\",\"inLanguage\":\"fr-FR\",\"@id\":\"https:\/\/sdcreation16.fr\/index.php\/jeu-backgammon-en-bois-noble-epoxy-artisanat\/#primaryimage\",\"url\":\"https:\/\/sdcreation16.fr\/wp-content\/uploads\/2025\/05\/499550911_1072003938108705_8529349378391277975_n.jpg\",\"contentUrl\":\"https:\/\/sdcreation16.fr\/wp-content\/uploads\/2025\/05\/499550911_1072003938108705_8529349378391277975_n.jpg\",\"width\":1200,\"height\":971,\"caption\":\"backgammon luxecharniere invisible\"},{\"@type\":\"BreadcrumbList\",\"@id\":\"https:\/\/sdcreation16.fr\/index.php\/jeu-backgammon-en-bois-noble-epoxy-artisanat\/#breadcrumb\",\"itemListElement\":[{\"@type\":\"ListItem\",\"position\":1,\"name\":\"Accueil\",\"item\":\"https:\/\/sdcreation16.fr\/\"},{\"@type\":\"ListItem\",\"position\":2,\"name\":\"jeux backgammon\"}]},{\"@type\":\"WebSite\",\"@id\":\"https:\/\/sdcreation16.fr\/#website\",\"url\":\"https:\/\/sdcreation16.fr\/\",\"name\":\"SDcr\u00e9ation\",\"description\":\"L&#039;association de la r\u00e9sine et du bois.\",\"publisher\":{\"@id\":\"https:\/\/sdcreation16.fr\/#organization\"},\"potentialAction\":[{\"@type\":\"SearchAction\",\"target\":{\"@type\":\"EntryPoint\",\"urlTemplate\":\"https:\/\/sdcreation16.fr\/?s={search_term_string}\"},\"query-input\":{\"@type\":\"PropertyValueSpecification\",\"valueRequired\":true,\"valueName\":\"search_term_string\"}}],\"inLanguage\":\"fr-FR\"},{\"@type\":\"Organization\",\"@id\":\"https:\/\/sdcreation16.fr\/#organization\",\"name\":\"sd creation\",\"url\":\"https:\/\/sdcreation16.fr\/\",\"logo\":{\"@type\":\"ImageObject\",\"inLanguage\":\"fr-FR\",\"@id\":\"https:\/\/sdcreation16.fr\/#\/schema\/logo\/image\/\",\"url\":\"https:\/\/sdcreation16.fr\/wp-content\/uploads\/2020\/12\/new-logo.png\",\"contentUrl\":\"https:\/\/sdcreation16.fr\/wp-content\/uploads\/2020\/12\/new-logo.png\",\"width\":595,\"height\":100,\"caption\":\"sd creation\"},\"image\":{\"@id\":\"https:\/\/sdcreation16.fr\/#\/schema\/logo\/image\/\"},\"sameAs\":[\"https:\/\/www.facebook.com\/sdcreation.damase.10\"]}]}<\/script>\n<!-- \/ Yoast SEO Premium plugin. -->","yoast_head_json":{"title":"Jeu de Backgammon en Bois et \u00c9poxy | Artisanat Fran\u00e7ais - luxe","description":"D\u00e9couvrez nos jeux de backgammon en bois & \u00e9poxy personnalisable, enti\u00e8rement fait main suivant vos envies.","robots":{"index":"index","follow":"follow","max-snippet":"max-snippet:-1","max-image-preview":"max-image-preview:large","max-video-preview":"max-video-preview:-1"},"canonical":"https:\/\/sdcreation16.fr\/index.php\/jeu-backgammon-en-bois-noble-epoxy-artisanat\/","og_locale":"fr_FR","og_type":"article","og_title":"jeux backgammon","og_description":"D\u00e9couvrez des pi\u00e8ces uniques faites main : jeux en bois noble, plateaux et horloges design m\u00ealant l'\u00e9l\u00e9gance du bois et la modernit\u00e9 de la r\u00e9sine \u00e9poxy. L'artisanat d'exception %","og_url":"https:\/\/sdcreation16.fr\/index.php\/jeu-backgammon-en-bois-noble-epoxy-artisanat\/","og_site_name":"SDcr\u00e9ation","article_publisher":"https:\/\/www.facebook.com\/sdcreation.damase.10","article_modified_time":"2026-03-05T16:40:04+00:00","og_image":[{"width":1200,"height":971,"url":"https:\/\/sdcreation16.fr\/wp-content\/uploads\/2025\/05\/499550911_1072003938108705_8529349378391277975_n.jpg","type":"image\/jpeg"}],"twitter_card":"summary_large_image","twitter_misc":{"Dur\u00e9e de lecture estim\u00e9e":"2 minutes"},"schema":{"@context":"https:\/\/schema.org","@graph":[{"@type":"WebPage","@id":"https:\/\/sdcreation16.fr\/index.php\/jeu-backgammon-en-bois-noble-epoxy-artisanat\/","url":"https:\/\/sdcreation16.fr\/index.php\/jeu-backgammon-en-bois-noble-epoxy-artisanat\/","name":"Jeu de Backgammon en Bois et \u00c9poxy | Artisanat Fran\u00e7ais - luxe","isPartOf":{"@id":"https:\/\/sdcreation16.fr\/#website"},"primaryImageOfPage":{"@id":"https:\/\/sdcreation16.fr\/index.php\/jeu-backgammon-en-bois-noble-epoxy-artisanat\/#primaryimage"},"image":{"@id":"https:\/\/sdcreation16.fr\/index.php\/jeu-backgammon-en-bois-noble-epoxy-artisanat\/#primaryimage"},"thumbnailUrl":"https:\/\/sdcreation16.fr\/wp-content\/uploads\/2025\/05\/499550911_1072003938108705_8529349378391277975_n.jpg","datePublished":"2026-01-16T13:49:13+00:00","dateModified":"2026-03-05T16:40:04+00:00","description":"D\u00e9couvrez nos jeux de backgammon en bois & \u00e9poxy personnalisable, enti\u00e8rement fait main suivant vos envies.","breadcrumb":{"@id":"https:\/\/sdcreation16.fr\/index.php\/jeu-backgammon-en-bois-noble-epoxy-artisanat\/#breadcrumb"},"inLanguage":"fr-FR","potentialAction":[{"@type":"ReadAction","target":["https:\/\/sdcreation16.fr\/index.php\/jeu-backgammon-en-bois-noble-epoxy-artisanat\/"]}]},{"@type":"ImageObject","inLanguage":"fr-FR","@id":"https:\/\/sdcreation16.fr\/index.php\/jeu-backgammon-en-bois-noble-epoxy-artisanat\/#primaryimage","url":"https:\/\/sdcreation16.fr\/wp-content\/uploads\/2025\/05\/499550911_1072003938108705_8529349378391277975_n.jpg","contentUrl":"https:\/\/sdcreation16.fr\/wp-content\/uploads\/2025\/05\/499550911_1072003938108705_8529349378391277975_n.jpg","width":1200,"height":971,"caption":"backgammon luxecharniere invisible"},{"@type":"BreadcrumbList","@id":"https:\/\/sdcreation16.fr\/index.php\/jeu-backgammon-en-bois-noble-epoxy-artisanat\/#breadcrumb","itemListElement":[{"@type":"ListItem","position":1,"name":"Accueil","item":"https:\/\/sdcreation16.fr\/"},{"@type":"ListItem","position":2,"name":"jeux backgammon"}]},{"@type":"WebSite","@id":"https:\/\/sdcreation16.fr\/#website","url":"https:\/\/sdcreation16.fr\/","name":"SDcr\u00e9ation","description":"L&#039;association de la r\u00e9sine et du bois.","publisher":{"@id":"https:\/\/sdcreation16.fr\/#organization"},"potentialAction":[{"@type":"SearchAction","target":{"@type":"EntryPoint","urlTemplate":"https:\/\/sdcreation16.fr\/?s={search_term_string}"},"query-input":{"@type":"PropertyValueSpecification","valueRequired":true,"valueName":"search_term_string"}}],"inLanguage":"fr-FR"},{"@type":"Organization","@id":"https:\/\/sdcreation16.fr\/#organization","name":"sd creation","url":"https:\/\/sdcreation16.fr\/","logo":{"@type":"ImageObject","inLanguage":"fr-FR","@id":"https:\/\/sdcreation16.fr\/#\/schema\/logo\/image\/","url":"https:\/\/sdcreation16.fr\/wp-content\/uploads\/2020\/12\/new-logo.png","contentUrl":"https:\/\/sdcreation16.fr\/wp-content\/uploads\/2020\/12\/new-logo.png","width":595,"height":100,"caption":"sd creation"},"image":{"@id":"https:\/\/sdcreation16.fr\/#\/schema\/logo\/image\/"},"sameAs":["https:\/\/www.facebook.com\/sdcreation.damase.10"]}]}},"_links":{"self":[{"href":"https:\/\/sdcreation16.fr\/index.php\/wp-json\/wp\/v2\/pages\/1649","targetHints":{"allow":["GET"]}}],"collection":[{"href":"https:\/\/sdcreation16.fr\/index.php\/wp-json\/wp\/v2\/pages"}],"about":[{"href":"https:\/\/sdcreation16.fr\/index.php\/wp-json\/wp\/v2\/types\/page"}],"author":[{"embeddable":true,"href":"https:\/\/sdcreation16.fr\/index.php\/wp-json\/wp\/v2\/users\/1"}],"replies":[{"embeddable":true,"href":"https:\/\/sdcreation16.fr\/index.php\/wp-json\/wp\/v2\/comments?post=1649"}],"version-history":[{"count":8,"href":"https:\/\/sdcreation16.fr\/index.php\/wp-json\/wp\/v2\/pages\/1649\/revisions"}],"predecessor-version":[{"id":1669,"href":"https:\/\/sdcreation16.fr\/index.php\/wp-json\/wp\/v2\/pages\/1649\/revisions\/1669"}],"wp:featuredmedia":[{"embeddable":true,"href":"https:\/\/sdcreation16.fr\/index.php\/wp-json\/wp\/v2\/media\/1135"}],"wp:attachment":[{"href":"https:\/\/sdcreation16.fr\/index.php\/wp-json\/wp\/v2\/media?parent=1649"}],"curies":[{"name":"wp","href":"https:\/\/api.w.org\/{rel}","templated":true}]}}