{"id":1637,"date":"2026-01-12T14:45:41","date_gmt":"2026-01-12T13:45:41","guid":{"rendered":"https:\/\/sdcreation16.fr\/?page_id=1637"},"modified":"2026-01-12T15:06:27","modified_gmt":"2026-01-12T14:06:27","slug":"jeu-de-toc-4-6-joueurs-bois-epoxy","status":"publish","type":"page","link":"https:\/\/sdcreation16.fr\/index.php\/jeu-de-toc-4-6-joueurs-bois-epoxy\/","title":{"rendered":"jeu de toc"},"content":{"rendered":"<div class=\"wpb-content-wrapper\"><p>[vc_row][vc_column width=\u00a0\u00bb2\/3&Prime;][vc_column_text css=\u00a0\u00bb\u00a0\u00bb]<\/p>\n<h2>Le jeu de Toc bois &amp; \u00e9poxy : une cr\u00e9ation unique sur mesure<\/h2>\n<p>Red\u00e9couvrez le plaisir du jeu de toc bois \u00e9poxy avec un plateau d&rsquo;exception alliant tradition et design contemporain. Con\u00e7u pour la convivialit\u00e9, ce plateau est enti\u00e8rement personnalisable pour devenir un objet unique au monde.<\/p>\n<p><strong>Personnalisation du plateau<\/strong><\/p>\n<ul>\n<li>Nombre de joueurs : Mod\u00e8le disponible pour des parties de 4 \u00e0 6 joueurs.<\/li>\n<li>Essences de bois nobles : Choix entre le h\u00eatre \u00e9chauff\u00e9, le ch\u00eane, le merisier ou le ch\u00e2taignier.<\/li>\n<li>R\u00e9sine \u00e9poxy : Couleur au choix avec possibilit\u00e9 d&rsquo;effets de transparence, de nacre ou de couleurs opaques.<\/li>\n<li>Inclusions d&rsquo;objets : Personnalisation possible par l&rsquo;int\u00e9gration d&rsquo;objets dans la r\u00e9sine (souvenirs, \u00e9l\u00e9ments naturels, jetons ou th\u00e9matiques sp\u00e9cifiques).<\/li>\n<\/ul>\n<p><strong>Qualit\u00e9 et finitions<\/strong><\/p>\n<ul>\n<li>Fabrication : Travail artisanal de pr\u00e9cision garantissant la durabilit\u00e9 du plateau.<\/li>\n<li>Traitement de surface : Finition au vernis pour une protection optimale et brillante, ou finition huil\u00e9e pour un aspect mat et un toucher naturel.<\/li>\n<li>Accessoires inclus : Set complet de pions en bois et bo\u00eete de rangement ou pochette de protection assortie.<\/li>\n<\/ul>\n<p>Pourquoi choisir ce jeu de Toc ?<\/p>\n<p>Esth\u00e9tique : Un v\u00e9ritable objet de d\u00e9coration qui s&rsquo;int\u00e8gre parfaitement dans votre int\u00e9rieur.<\/p>\n<p>Convivialit\u00e9 : Un format id\u00e9al pour les soir\u00e9es en famille ou entre amis.<\/p>\n<p>Sur mesure : Chaque pi\u00e8ce est fabriqu\u00e9e selon vos crit\u00e8res, garantissant qu&rsquo;aucun autre plateau ne ressemblera au v\u00f4tre.[\/vc_column_text][\/vc_column][vc_column width=\u00a0\u00bb1\/3&Prime;]<div id=\"ult-carousel-274697613269e4f6395bdb4\" class=\"ult-carousel-wrapper   ult_horizontal\" data-gutter=\"15\" data-rtl=\"false\" ><div class=\"ult-carousel-325148317669e4f6395bcc5 \" >[vc_single_image image=\u00a0\u00bb953&Prime; img_size=\u00a0\u00bblarge\u00a0\u00bb css=\u00a0\u00bb\u00a0\u00bb][vc_single_image image=\u00a0\u00bb758&Prime; img_size=\u00a0\u00bblarge\u00a0\u00bb css=\u00a0\u00bb\u00a0\u00bb][vc_single_image image=\u00a0\u00bb760&Prime; img_size=\u00a0\u00bblarge\u00a0\u00bb css=\u00a0\u00bb\u00a0\u00bb][vc_single_image image=\u00a0\u00bb757&Prime; img_size=\u00a0\u00bblarge\u00a0\u00bb css=\u00a0\u00bb\u00a0\u00bb][vc_single_image image=\u00a0\u00bb954&Prime; img_size=\u00a0\u00bblarge\u00a0\u00bb css=\u00a0\u00bb\u00a0\u00bb]<\/div><\/div>\t\t\t<script type=\"text\/javascript\">\n\t\t\t\tjQuery(document).ready(function ($) {\n\t\t\t\t\tif( typeof jQuery('.ult-carousel-325148317669e4f6395bcc5').slick == \"function\"){\n\t\t\t\t\t\t$('.ult-carousel-325148317669e4f6395bcc5').slick({dots: true,autoplay: true,autoplaySpeed: 5000,speed: 300,infinite: true,arrows: true,nextArrow: '<button type=\"button\" role=\"button\" aria-label=\"Next\" style=\"color:#333333; font-size:20px;\" class=\"slick-next default\"><i class=\"ultsl-arrow-right4\"><\/i><\/button>',prevArrow: '<button type=\"button\" role=\"button\" aria-label=\"Previous\" style=\"color:#333333; font-size:20px;\" class=\"slick-prev default\"><i class=\"ultsl-arrow-left4\"><\/i><\/button>',slidesToScroll:1,slidesToShow:1,swipe: true,draggable: true,touchMove: true,pauseOnHover: true,pauseOnFocus: false,responsive: [\n\t\t\t\t\t\t\t{\n\t\t\t\t\t\t\t  breakpoint: 1026,\n\t\t\t\t\t\t\t  settings: {\n\t\t\t\t\t\t\t\tslidesToShow: 1,\n\t\t\t\t\t\t\t\tslidesToScroll: 1,  \n\t\t\t\t\t\t\t  }\n\t\t\t\t\t\t\t},\n\t\t\t\t\t\t\t{\n\t\t\t\t\t\t\t  breakpoint: 1025,\n\t\t\t\t\t\t\t  settings: {\n\t\t\t\t\t\t\t\tslidesToShow: 1,\n\t\t\t\t\t\t\t\tslidesToScroll: 1\n\t\t\t\t\t\t\t  }\n\t\t\t\t\t\t\t},\n\t\t\t\t\t\t\t{\n\t\t\t\t\t\t\t  breakpoint: 760,\n\t\t\t\t\t\t\t  settings: {\n\t\t\t\t\t\t\t\tslidesToShow: 1,\n\t\t\t\t\t\t\t\tslidesToScroll: 1\n\t\t\t\t\t\t\t  }\n\t\t\t\t\t\t\t}\n\t\t\t\t\t\t],pauseOnDotsHover: true,customPaging: function(slider, i) {\n                   return '<i type=\"button\" style= \"color:#333333;\" class=\"ultsl-record\" data-role=\"none\"><\/i>';\n                },});\n\t\t\t\t\t}\n\t\t\t\t});\n\t\t\t<\/script>\n\t\t\t[\/vc_column][\/vc_row]<\/p>\n<\/div>","protected":false},"excerpt":{"rendered":"<p>[vc_row][vc_column width=\u00a0\u00bb2\/3&Prime;][vc_column_text css=\u00a0\u00bb\u00a0\u00bb] Le jeu de Toc bois &amp; \u00e9poxy : une cr\u00e9ation unique sur mesure Red\u00e9couvrez le plaisir du jeu de toc bois \u00e9poxy avec un plateau d&rsquo;exception alliant tradition et design contemporain. Con\u00e7u pour la convivialit\u00e9, ce plateau est enti\u00e8rement personnalisable pour devenir un objet unique au monde. Personnalisation du plateau Nombre de&hellip;<\/p>\n","protected":false},"author":1,"featured_media":953,"parent":0,"menu_order":0,"comment_status":"closed","ping_status":"closed","template":"","meta":{"_monsterinsights_skip_tracking":false,"_monsterinsights_sitenote_active":false,"_monsterinsights_sitenote_note":"","_monsterinsights_sitenote_category":0,"_uf_show_specific_survey":0,"_uf_disable_surveys":false,"footnotes":""},"class_list":["post-1637","page","type-page","status-publish","has-post-thumbnail","hentry","description-off"],"yoast_head":"<!-- This site is optimized with the Yoast SEO Premium plugin v26.0 (Yoast SEO v26.0) - https:\/\/yoast.com\/wordpress\/plugins\/seo\/ -->\n<title>Jeu de Toc artisanal en bois et \u00e9poxy sur mesure 4 \u00e0 6 joueurs<\/title>\n<meta name=\"description\" content=\"Jeu de Toc en bois &amp; \u00e9poxy pour 4 \u00e0 6 joueurs. Fabrication artisanale. Un plateau unique et convivial sur mesure\" \/>\n<meta name=\"robots\" content=\"index, follow, max-snippet:-1, max-image-preview:large, max-video-preview:-1\" \/>\n<link rel=\"canonical\" href=\"https:\/\/sdcreation16.fr\/index.php\/jeu-de-toc-4-6-joueurs-bois-epoxy\/\" \/>\n<meta property=\"og:locale\" content=\"fr_FR\" \/>\n<meta property=\"og:type\" content=\"article\" \/>\n<meta property=\"og:title\" content=\"jeu de toc\" \/>\n<meta property=\"og:description\" content=\"D\u00e9couvrez des pi\u00e8ces uniques faites main : jeux en bois noble, plateaux et horloges design m\u00ealant l&#039;\u00e9l\u00e9gance du bois et la modernit\u00e9 de la r\u00e9sine \u00e9poxy. L&#039;artisanat d&#039;exception %\" \/>\n<meta property=\"og:url\" content=\"https:\/\/sdcreation16.fr\/index.php\/jeu-de-toc-4-6-joueurs-bois-epoxy\/\" \/>\n<meta property=\"og:site_name\" content=\"SDcr\u00e9ation\" \/>\n<meta property=\"article:publisher\" content=\"https:\/\/www.facebook.com\/sdcreation.damase.10\" \/>\n<meta property=\"article:modified_time\" content=\"2026-01-12T14:06:27+00:00\" \/>\n<meta property=\"og:image\" content=\"https:\/\/sdcreation16.fr\/wp-content\/uploads\/2024\/09\/454033795_877683067540794_1392559016691472412_n.jpg\" \/>\n\t<meta property=\"og:image:width\" content=\"1536\" \/>\n\t<meta property=\"og:image:height\" content=\"2048\" \/>\n\t<meta property=\"og:image:type\" content=\"image\/jpeg\" \/>\n<meta name=\"twitter:card\" content=\"summary_large_image\" \/>\n<meta name=\"twitter:label1\" content=\"Dur\u00e9e de lecture estim\u00e9e\" \/>\n\t<meta name=\"twitter:data1\" content=\"2 minutes\" \/>\n<script type=\"application\/ld+json\" class=\"yoast-schema-graph\">{\"@context\":\"https:\/\/schema.org\",\"@graph\":[{\"@type\":\"WebPage\",\"@id\":\"https:\/\/sdcreation16.fr\/index.php\/jeu-de-toc-4-6-joueurs-bois-epoxy\/\",\"url\":\"https:\/\/sdcreation16.fr\/index.php\/jeu-de-toc-4-6-joueurs-bois-epoxy\/\",\"name\":\"Jeu de Toc artisanal en bois et \u00e9poxy sur mesure 4 \u00e0 6 joueurs\",\"isPartOf\":{\"@id\":\"https:\/\/sdcreation16.fr\/#website\"},\"primaryImageOfPage\":{\"@id\":\"https:\/\/sdcreation16.fr\/index.php\/jeu-de-toc-4-6-joueurs-bois-epoxy\/#primaryimage\"},\"image\":{\"@id\":\"https:\/\/sdcreation16.fr\/index.php\/jeu-de-toc-4-6-joueurs-bois-epoxy\/#primaryimage\"},\"thumbnailUrl\":\"https:\/\/sdcreation16.fr\/wp-content\/uploads\/2024\/09\/454033795_877683067540794_1392559016691472412_n.jpg\",\"datePublished\":\"2026-01-12T13:45:41+00:00\",\"dateModified\":\"2026-01-12T14:06:27+00:00\",\"description\":\"Jeu de Toc en bois & \u00e9poxy pour 4 \u00e0 6 joueurs. Fabrication artisanale. Un plateau unique et convivial sur mesure\",\"breadcrumb\":{\"@id\":\"https:\/\/sdcreation16.fr\/index.php\/jeu-de-toc-4-6-joueurs-bois-epoxy\/#breadcrumb\"},\"inLanguage\":\"fr-FR\",\"potentialAction\":[{\"@type\":\"ReadAction\",\"target\":[\"https:\/\/sdcreation16.fr\/index.php\/jeu-de-toc-4-6-joueurs-bois-epoxy\/\"]}]},{\"@type\":\"ImageObject\",\"inLanguage\":\"fr-FR\",\"@id\":\"https:\/\/sdcreation16.fr\/index.php\/jeu-de-toc-4-6-joueurs-bois-epoxy\/#primaryimage\",\"url\":\"https:\/\/sdcreation16.fr\/wp-content\/uploads\/2024\/09\/454033795_877683067540794_1392559016691472412_n.jpg\",\"contentUrl\":\"https:\/\/sdcreation16.fr\/wp-content\/uploads\/2024\/09\/454033795_877683067540794_1392559016691472412_n.jpg\",\"width\":1536,\"height\":2048,\"caption\":\"jeu de toc fait mains\"},{\"@type\":\"BreadcrumbList\",\"@id\":\"https:\/\/sdcreation16.fr\/index.php\/jeu-de-toc-4-6-joueurs-bois-epoxy\/#breadcrumb\",\"itemListElement\":[{\"@type\":\"ListItem\",\"position\":1,\"name\":\"Accueil\",\"item\":\"https:\/\/sdcreation16.fr\/\"},{\"@type\":\"ListItem\",\"position\":2,\"name\":\"jeu de toc\"}]},{\"@type\":\"WebSite\",\"@id\":\"https:\/\/sdcreation16.fr\/#website\",\"url\":\"https:\/\/sdcreation16.fr\/\",\"name\":\"SDcr\u00e9ation\",\"description\":\"L&#039;association de la r\u00e9sine et du bois.\",\"publisher\":{\"@id\":\"https:\/\/sdcreation16.fr\/#organization\"},\"potentialAction\":[{\"@type\":\"SearchAction\",\"target\":{\"@type\":\"EntryPoint\",\"urlTemplate\":\"https:\/\/sdcreation16.fr\/?s={search_term_string}\"},\"query-input\":{\"@type\":\"PropertyValueSpecification\",\"valueRequired\":true,\"valueName\":\"search_term_string\"}}],\"inLanguage\":\"fr-FR\"},{\"@type\":\"Organization\",\"@id\":\"https:\/\/sdcreation16.fr\/#organization\",\"name\":\"sd creation\",\"url\":\"https:\/\/sdcreation16.fr\/\",\"logo\":{\"@type\":\"ImageObject\",\"inLanguage\":\"fr-FR\",\"@id\":\"https:\/\/sdcreation16.fr\/#\/schema\/logo\/image\/\",\"url\":\"https:\/\/sdcreation16.fr\/wp-content\/uploads\/2020\/12\/new-logo.png\",\"contentUrl\":\"https:\/\/sdcreation16.fr\/wp-content\/uploads\/2020\/12\/new-logo.png\",\"width\":595,\"height\":100,\"caption\":\"sd creation\"},\"image\":{\"@id\":\"https:\/\/sdcreation16.fr\/#\/schema\/logo\/image\/\"},\"sameAs\":[\"https:\/\/www.facebook.com\/sdcreation.damase.10\"]}]}<\/script>\n<!-- \/ Yoast SEO Premium plugin. -->","yoast_head_json":{"title":"Jeu de Toc artisanal en bois et \u00e9poxy sur mesure 4 \u00e0 6 joueurs","description":"Jeu de Toc en bois & \u00e9poxy pour 4 \u00e0 6 joueurs. Fabrication artisanale. Un plateau unique et convivial sur mesure","robots":{"index":"index","follow":"follow","max-snippet":"max-snippet:-1","max-image-preview":"max-image-preview:large","max-video-preview":"max-video-preview:-1"},"canonical":"https:\/\/sdcreation16.fr\/index.php\/jeu-de-toc-4-6-joueurs-bois-epoxy\/","og_locale":"fr_FR","og_type":"article","og_title":"jeu de toc","og_description":"D\u00e9couvrez des pi\u00e8ces uniques faites main : jeux en bois noble, plateaux et horloges design m\u00ealant l'\u00e9l\u00e9gance du bois et la modernit\u00e9 de la r\u00e9sine \u00e9poxy. L'artisanat d'exception %","og_url":"https:\/\/sdcreation16.fr\/index.php\/jeu-de-toc-4-6-joueurs-bois-epoxy\/","og_site_name":"SDcr\u00e9ation","article_publisher":"https:\/\/www.facebook.com\/sdcreation.damase.10","article_modified_time":"2026-01-12T14:06:27+00:00","og_image":[{"width":1536,"height":2048,"url":"https:\/\/sdcreation16.fr\/wp-content\/uploads\/2024\/09\/454033795_877683067540794_1392559016691472412_n.jpg","type":"image\/jpeg"}],"twitter_card":"summary_large_image","twitter_misc":{"Dur\u00e9e de lecture estim\u00e9e":"2 minutes"},"schema":{"@context":"https:\/\/schema.org","@graph":[{"@type":"WebPage","@id":"https:\/\/sdcreation16.fr\/index.php\/jeu-de-toc-4-6-joueurs-bois-epoxy\/","url":"https:\/\/sdcreation16.fr\/index.php\/jeu-de-toc-4-6-joueurs-bois-epoxy\/","name":"Jeu de Toc artisanal en bois et \u00e9poxy sur mesure 4 \u00e0 6 joueurs","isPartOf":{"@id":"https:\/\/sdcreation16.fr\/#website"},"primaryImageOfPage":{"@id":"https:\/\/sdcreation16.fr\/index.php\/jeu-de-toc-4-6-joueurs-bois-epoxy\/#primaryimage"},"image":{"@id":"https:\/\/sdcreation16.fr\/index.php\/jeu-de-toc-4-6-joueurs-bois-epoxy\/#primaryimage"},"thumbnailUrl":"https:\/\/sdcreation16.fr\/wp-content\/uploads\/2024\/09\/454033795_877683067540794_1392559016691472412_n.jpg","datePublished":"2026-01-12T13:45:41+00:00","dateModified":"2026-01-12T14:06:27+00:00","description":"Jeu de Toc en bois & \u00e9poxy pour 4 \u00e0 6 joueurs. Fabrication artisanale. Un plateau unique et convivial sur mesure","breadcrumb":{"@id":"https:\/\/sdcreation16.fr\/index.php\/jeu-de-toc-4-6-joueurs-bois-epoxy\/#breadcrumb"},"inLanguage":"fr-FR","potentialAction":[{"@type":"ReadAction","target":["https:\/\/sdcreation16.fr\/index.php\/jeu-de-toc-4-6-joueurs-bois-epoxy\/"]}]},{"@type":"ImageObject","inLanguage":"fr-FR","@id":"https:\/\/sdcreation16.fr\/index.php\/jeu-de-toc-4-6-joueurs-bois-epoxy\/#primaryimage","url":"https:\/\/sdcreation16.fr\/wp-content\/uploads\/2024\/09\/454033795_877683067540794_1392559016691472412_n.jpg","contentUrl":"https:\/\/sdcreation16.fr\/wp-content\/uploads\/2024\/09\/454033795_877683067540794_1392559016691472412_n.jpg","width":1536,"height":2048,"caption":"jeu de toc fait mains"},{"@type":"BreadcrumbList","@id":"https:\/\/sdcreation16.fr\/index.php\/jeu-de-toc-4-6-joueurs-bois-epoxy\/#breadcrumb","itemListElement":[{"@type":"ListItem","position":1,"name":"Accueil","item":"https:\/\/sdcreation16.fr\/"},{"@type":"ListItem","position":2,"name":"jeu de toc"}]},{"@type":"WebSite","@id":"https:\/\/sdcreation16.fr\/#website","url":"https:\/\/sdcreation16.fr\/","name":"SDcr\u00e9ation","description":"L&#039;association de la r\u00e9sine et du bois.","publisher":{"@id":"https:\/\/sdcreation16.fr\/#organization"},"potentialAction":[{"@type":"SearchAction","target":{"@type":"EntryPoint","urlTemplate":"https:\/\/sdcreation16.fr\/?s={search_term_string}"},"query-input":{"@type":"PropertyValueSpecification","valueRequired":true,"valueName":"search_term_string"}}],"inLanguage":"fr-FR"},{"@type":"Organization","@id":"https:\/\/sdcreation16.fr\/#organization","name":"sd creation","url":"https:\/\/sdcreation16.fr\/","logo":{"@type":"ImageObject","inLanguage":"fr-FR","@id":"https:\/\/sdcreation16.fr\/#\/schema\/logo\/image\/","url":"https:\/\/sdcreation16.fr\/wp-content\/uploads\/2020\/12\/new-logo.png","contentUrl":"https:\/\/sdcreation16.fr\/wp-content\/uploads\/2020\/12\/new-logo.png","width":595,"height":100,"caption":"sd creation"},"image":{"@id":"https:\/\/sdcreation16.fr\/#\/schema\/logo\/image\/"},"sameAs":["https:\/\/www.facebook.com\/sdcreation.damase.10"]}]}},"_links":{"self":[{"href":"https:\/\/sdcreation16.fr\/index.php\/wp-json\/wp\/v2\/pages\/1637","targetHints":{"allow":["GET"]}}],"collection":[{"href":"https:\/\/sdcreation16.fr\/index.php\/wp-json\/wp\/v2\/pages"}],"about":[{"href":"https:\/\/sdcreation16.fr\/index.php\/wp-json\/wp\/v2\/types\/page"}],"author":[{"embeddable":true,"href":"https:\/\/sdcreation16.fr\/index.php\/wp-json\/wp\/v2\/users\/1"}],"replies":[{"embeddable":true,"href":"https:\/\/sdcreation16.fr\/index.php\/wp-json\/wp\/v2\/comments?post=1637"}],"version-history":[{"count":7,"href":"https:\/\/sdcreation16.fr\/index.php\/wp-json\/wp\/v2\/pages\/1637\/revisions"}],"predecessor-version":[{"id":1645,"href":"https:\/\/sdcreation16.fr\/index.php\/wp-json\/wp\/v2\/pages\/1637\/revisions\/1645"}],"wp:featuredmedia":[{"embeddable":true,"href":"https:\/\/sdcreation16.fr\/index.php\/wp-json\/wp\/v2\/media\/953"}],"wp:attachment":[{"href":"https:\/\/sdcreation16.fr\/index.php\/wp-json\/wp\/v2\/media?parent=1637"}],"curies":[{"name":"wp","href":"https:\/\/api.w.org\/{rel}","templated":true}]}}