{"id":1628,"date":"2026-01-12T14:20:50","date_gmt":"2026-01-12T13:20:50","guid":{"rendered":"https:\/\/sdcreation16.fr\/?page_id=1628"},"modified":"2026-01-12T14:44:44","modified_gmt":"2026-01-12T13:44:44","slug":"jeux-de-dames-bois-epoxy","status":"publish","type":"page","link":"https:\/\/sdcreation16.fr\/index.php\/jeux-de-dames-bois-epoxy\/","title":{"rendered":"jeux de dames"},"content":{"rendered":"<div class=\"wpb-content-wrapper\"><p>[vc_row][vc_column width=\u00a0\u00bb2\/3&Prime;][vc_column_text css=\u00a0\u00bb\u00a0\u00bb]<\/p>\n<h1>Jeu de Dames\u00a0 Bois &amp; \u00e9poxy Artisanal 10&#215;10<\/h1>\n<p>D\u00e9couvrez l&rsquo;alliance entre le savoir-faire traditionnel et l&rsquo;esth\u00e9tique moderne. Ce jeu de dames\u00a0 en bois &amp; \u00e9poxy n&rsquo;est pas qu&rsquo;un simple plateau de jeu, c&rsquo;est une pi\u00e8ce d&rsquo;art unique, con\u00e7ue pour traverser les g\u00e9n\u00e9rations.<\/p>\n<p>Un Design Unique et Personnalis\u00e9<\/p>\n<p>Chaque plateau est une pi\u00e8ce d&rsquo;exception, r\u00e9alis\u00e9e sur mesure selon vos envies. Nous utilisons le contraste entre la chaleur du bois massif et la profondeur de la r\u00e9sine \u00e9poxy.<\/p>\n<ul>\n<li>Bois Nobles au Choix : S\u00e9lectionnez l&rsquo;essence qui sublimera votre int\u00e9rieur parmi le caract\u00e8re du h\u00eatre \u00e9chauff\u00e9, la force du ch\u00eane, la douceur du merisier ou l&rsquo;authenticit\u00e9 du ch\u00e2taignier.<br \/>\n\u00c9poxy Sur Mesure : Personnalisez votre plateau avec une couleur d&rsquo;\u00e9poxy au choix (bleu lagon, noir profond, vert \u00e9meraude, etc.) pour un effet de transparence ou de nacre unique.<br \/>\nFinition Haute Qualit\u00e9 : Choisissez entre un vernis protecteur pour un \u00e9clat durable ou une finition huil\u00e9e pour un toucher naturel et soyeux.<br \/>\nCadre : avec bande d\u2019\u00e9poxy, gravure personnalis\u00e9, gravure de lichtenberg etc&#8230;.<\/li>\n<\/ul>\n<p><strong>Caract\u00e9ristiques Techniques<\/strong><\/p>\n<ul>\n<li>Format Standard International : Plateau de 10&#215;10 cases.<br \/>\nMat\u00e9riaux : Bois massif s\u00e9lectionn\u00e9 et r\u00e9sine \u00e9poxy haute r\u00e9sistance.<br \/>\nPions Inclus : Set complet de pions en bois tourn\u00e9s avec soin.<br \/>\nRangement : Livr\u00e9 avec sa pochette de protection ou une bo\u00eete de rangement assortie pour conserver vos pions en toute s\u00e9curit\u00e9.<\/li>\n<\/ul>\n<p>Le Cadeau Id\u00e9al<\/p>\n<p>Que ce soit pour un collectionneur passionn\u00e9, un amateur de beaux objets ou pour habiller votre table de salon, nos jeux de dames bois \u00e9poxy apportent une touche de luxe et de convivialit\u00e9 \u00e0 vos moments de d\u00e9tente.<\/p>\n<p>Plus qu\u2019un jeu, une signature dans votre int\u00e9rieur.[\/vc_column_text][\/vc_column][vc_column width=\u00a0\u00bb1\/3&Prime;]<div id=\"ult-carousel-396029506669e4f7160df5c\" class=\"ult-carousel-wrapper   ult_horizontal\" data-gutter=\"15\" data-rtl=\"false\" ><div class=\"ult-carousel-143608958769e4f7160de3d \" >[vc_single_image image=\u00a0\u00bb1011&Prime; img_size=\u00a0\u00bblarge\u00a0\u00bb css=\u00a0\u00bb\u00a0\u00bb][vc_single_image image=\u00a0\u00bb1006&Prime; img_size=\u00a0\u00bblarge\u00a0\u00bb css=\u00a0\u00bb\u00a0\u00bb][vc_single_image image=\u00a0\u00bb1114&Prime; img_size=\u00a0\u00bblarge\u00a0\u00bb css=\u00a0\u00bb\u00a0\u00bb][vc_single_image image=\u00a0\u00bb1115&Prime; img_size=\u00a0\u00bblarge\u00a0\u00bb css=\u00a0\u00bb\u00a0\u00bb][vc_single_image image=\u00a0\u00bb1116&Prime; img_size=\u00a0\u00bblarge\u00a0\u00bb css=\u00a0\u00bb\u00a0\u00bb]<\/div><\/div>\t\t\t<script type=\"text\/javascript\">\n\t\t\t\tjQuery(document).ready(function ($) {\n\t\t\t\t\tif( typeof jQuery('.ult-carousel-143608958769e4f7160de3d').slick == \"function\"){\n\t\t\t\t\t\t$('.ult-carousel-143608958769e4f7160de3d').slick({dots: true,autoplay: true,autoplaySpeed: 5000,speed: 300,infinite: true,arrows: true,nextArrow: '<button type=\"button\" role=\"button\" aria-label=\"Next\" style=\"color:#333333; font-size:20px;\" class=\"slick-next default\"><i class=\"ultsl-arrow-right4\"><\/i><\/button>',prevArrow: '<button type=\"button\" role=\"button\" aria-label=\"Previous\" style=\"color:#333333; font-size:20px;\" class=\"slick-prev default\"><i class=\"ultsl-arrow-left4\"><\/i><\/button>',slidesToScroll:1,slidesToShow:1,swipe: true,draggable: true,touchMove: true,pauseOnHover: true,pauseOnFocus: false,responsive: [\n\t\t\t\t\t\t\t{\n\t\t\t\t\t\t\t  breakpoint: 1026,\n\t\t\t\t\t\t\t  settings: {\n\t\t\t\t\t\t\t\tslidesToShow: 1,\n\t\t\t\t\t\t\t\tslidesToScroll: 1,  \n\t\t\t\t\t\t\t  }\n\t\t\t\t\t\t\t},\n\t\t\t\t\t\t\t{\n\t\t\t\t\t\t\t  breakpoint: 1025,\n\t\t\t\t\t\t\t  settings: {\n\t\t\t\t\t\t\t\tslidesToShow: 1,\n\t\t\t\t\t\t\t\tslidesToScroll: 1\n\t\t\t\t\t\t\t  }\n\t\t\t\t\t\t\t},\n\t\t\t\t\t\t\t{\n\t\t\t\t\t\t\t  breakpoint: 760,\n\t\t\t\t\t\t\t  settings: {\n\t\t\t\t\t\t\t\tslidesToShow: 1,\n\t\t\t\t\t\t\t\tslidesToScroll: 1\n\t\t\t\t\t\t\t  }\n\t\t\t\t\t\t\t}\n\t\t\t\t\t\t],pauseOnDotsHover: true,customPaging: function(slider, i) {\n                   return '<i type=\"button\" style= \"color:#333333;\" class=\"ultsl-record\" data-role=\"none\"><\/i>';\n                },});\n\t\t\t\t\t}\n\t\t\t\t});\n\t\t\t<\/script>\n\t\t\t[\/vc_column][\/vc_row]<\/p>\n<\/div>","protected":false},"excerpt":{"rendered":"<p>[vc_row][vc_column width=\u00a0\u00bb2\/3&Prime;][vc_column_text css=\u00a0\u00bb\u00a0\u00bb] Jeu de Dames\u00a0 Bois &amp; \u00e9poxy Artisanal 10&#215;10 D\u00e9couvrez l&rsquo;alliance entre le savoir-faire traditionnel et l&rsquo;esth\u00e9tique moderne. Ce jeu de dames\u00a0 en bois &amp; \u00e9poxy n&rsquo;est pas qu&rsquo;un simple plateau de jeu, c&rsquo;est une pi\u00e8ce d&rsquo;art unique, con\u00e7ue pour traverser les g\u00e9n\u00e9rations. Un Design Unique et Personnalis\u00e9 Chaque plateau est une pi\u00e8ce&hellip;<\/p>\n","protected":false},"author":1,"featured_media":1116,"parent":0,"menu_order":0,"comment_status":"closed","ping_status":"closed","template":"","meta":{"_monsterinsights_skip_tracking":false,"_monsterinsights_sitenote_active":false,"_monsterinsights_sitenote_note":"","_monsterinsights_sitenote_category":0,"_uf_show_specific_survey":0,"_uf_disable_surveys":false,"footnotes":""},"class_list":["post-1628","page","type-page","status-publish","has-post-thumbnail","hentry","description-off"],"yoast_head":"<!-- This site is optimized with the Yoast SEO Premium plugin v26.0 (Yoast SEO v26.0) - https:\/\/yoast.com\/wordpress\/plugins\/seo\/ -->\n<title>Jeux de dames en bois et \u00e9poxy 10x10 artisanal sur mesure<\/title>\n<meta name=\"description\" content=\"D\u00e9couvrez nos jeux de dames bois \u00e9poxy personnalis\u00e9s. Fabrication artisanale fait main, pi\u00e8ce unique et finitions sur mesure.\" \/>\n<meta name=\"robots\" content=\"index, follow, max-snippet:-1, max-image-preview:large, max-video-preview:-1\" \/>\n<link rel=\"canonical\" href=\"https:\/\/sdcreation16.fr\/index.php\/jeux-de-dames-bois-epoxy\/\" \/>\n<meta property=\"og:locale\" content=\"fr_FR\" \/>\n<meta property=\"og:type\" content=\"article\" \/>\n<meta property=\"og:title\" content=\"jeux de dames\" \/>\n<meta property=\"og:description\" content=\"D\u00e9couvrez des pi\u00e8ces uniques faites main : jeux en bois noble, plateaux et horloges design m\u00ealant l&#039;\u00e9l\u00e9gance du bois et la modernit\u00e9 de la r\u00e9sine \u00e9poxy. L&#039;artisanat d&#039;exception %\" \/>\n<meta property=\"og:url\" content=\"https:\/\/sdcreation16.fr\/index.php\/jeux-de-dames-bois-epoxy\/\" \/>\n<meta property=\"og:site_name\" content=\"SDcr\u00e9ation\" \/>\n<meta property=\"article:publisher\" content=\"https:\/\/www.facebook.com\/sdcreation.damase.10\" \/>\n<meta property=\"article:modified_time\" content=\"2026-01-12T13:44:44+00:00\" \/>\n<meta property=\"og:image\" content=\"https:\/\/sdcreation16.fr\/wp-content\/uploads\/2025\/05\/495149245_1060908345884931_2886530163149245258_n.jpg\" \/>\n\t<meta property=\"og:image:width\" content=\"2048\" \/>\n\t<meta property=\"og:image:height\" content=\"1536\" \/>\n\t<meta property=\"og:image:type\" content=\"image\/jpeg\" \/>\n<meta name=\"twitter:card\" content=\"summary_large_image\" \/>\n<meta name=\"twitter:label1\" content=\"Dur\u00e9e de lecture estim\u00e9e\" \/>\n\t<meta name=\"twitter:data1\" content=\"2 minutes\" \/>\n<script type=\"application\/ld+json\" class=\"yoast-schema-graph\">{\"@context\":\"https:\/\/schema.org\",\"@graph\":[{\"@type\":\"WebPage\",\"@id\":\"https:\/\/sdcreation16.fr\/index.php\/jeux-de-dames-bois-epoxy\/\",\"url\":\"https:\/\/sdcreation16.fr\/index.php\/jeux-de-dames-bois-epoxy\/\",\"name\":\"Jeux de dames en bois et \u00e9poxy 10x10 artisanal sur mesure\",\"isPartOf\":{\"@id\":\"https:\/\/sdcreation16.fr\/#website\"},\"primaryImageOfPage\":{\"@id\":\"https:\/\/sdcreation16.fr\/index.php\/jeux-de-dames-bois-epoxy\/#primaryimage\"},\"image\":{\"@id\":\"https:\/\/sdcreation16.fr\/index.php\/jeux-de-dames-bois-epoxy\/#primaryimage\"},\"thumbnailUrl\":\"https:\/\/sdcreation16.fr\/wp-content\/uploads\/2025\/05\/495149245_1060908345884931_2886530163149245258_n.jpg\",\"datePublished\":\"2026-01-12T13:20:50+00:00\",\"dateModified\":\"2026-01-12T13:44:44+00:00\",\"description\":\"D\u00e9couvrez nos jeux de dames bois \u00e9poxy personnalis\u00e9s. Fabrication artisanale fait main, pi\u00e8ce unique et finitions sur mesure.\",\"breadcrumb\":{\"@id\":\"https:\/\/sdcreation16.fr\/index.php\/jeux-de-dames-bois-epoxy\/#breadcrumb\"},\"inLanguage\":\"fr-FR\",\"potentialAction\":[{\"@type\":\"ReadAction\",\"target\":[\"https:\/\/sdcreation16.fr\/index.php\/jeux-de-dames-bois-epoxy\/\"]}]},{\"@type\":\"ImageObject\",\"inLanguage\":\"fr-FR\",\"@id\":\"https:\/\/sdcreation16.fr\/index.php\/jeux-de-dames-bois-epoxy\/#primaryimage\",\"url\":\"https:\/\/sdcreation16.fr\/wp-content\/uploads\/2025\/05\/495149245_1060908345884931_2886530163149245258_n.jpg\",\"contentUrl\":\"https:\/\/sdcreation16.fr\/wp-content\/uploads\/2025\/05\/495149245_1060908345884931_2886530163149245258_n.jpg\",\"width\":2048,\"height\":1536,\"caption\":\"jeu de dames en ch\u00eane et epoxy , bois massif, epoxy, pions boite de rangement\"},{\"@type\":\"BreadcrumbList\",\"@id\":\"https:\/\/sdcreation16.fr\/index.php\/jeux-de-dames-bois-epoxy\/#breadcrumb\",\"itemListElement\":[{\"@type\":\"ListItem\",\"position\":1,\"name\":\"Accueil\",\"item\":\"https:\/\/sdcreation16.fr\/\"},{\"@type\":\"ListItem\",\"position\":2,\"name\":\"jeux de dames\"}]},{\"@type\":\"WebSite\",\"@id\":\"https:\/\/sdcreation16.fr\/#website\",\"url\":\"https:\/\/sdcreation16.fr\/\",\"name\":\"SDcr\u00e9ation\",\"description\":\"L&#039;association de la r\u00e9sine et du bois.\",\"publisher\":{\"@id\":\"https:\/\/sdcreation16.fr\/#organization\"},\"potentialAction\":[{\"@type\":\"SearchAction\",\"target\":{\"@type\":\"EntryPoint\",\"urlTemplate\":\"https:\/\/sdcreation16.fr\/?s={search_term_string}\"},\"query-input\":{\"@type\":\"PropertyValueSpecification\",\"valueRequired\":true,\"valueName\":\"search_term_string\"}}],\"inLanguage\":\"fr-FR\"},{\"@type\":\"Organization\",\"@id\":\"https:\/\/sdcreation16.fr\/#organization\",\"name\":\"sd creation\",\"url\":\"https:\/\/sdcreation16.fr\/\",\"logo\":{\"@type\":\"ImageObject\",\"inLanguage\":\"fr-FR\",\"@id\":\"https:\/\/sdcreation16.fr\/#\/schema\/logo\/image\/\",\"url\":\"https:\/\/sdcreation16.fr\/wp-content\/uploads\/2020\/12\/new-logo.png\",\"contentUrl\":\"https:\/\/sdcreation16.fr\/wp-content\/uploads\/2020\/12\/new-logo.png\",\"width\":595,\"height\":100,\"caption\":\"sd creation\"},\"image\":{\"@id\":\"https:\/\/sdcreation16.fr\/#\/schema\/logo\/image\/\"},\"sameAs\":[\"https:\/\/www.facebook.com\/sdcreation.damase.10\"]}]}<\/script>\n<!-- \/ Yoast SEO Premium plugin. -->","yoast_head_json":{"title":"Jeux de dames en bois et \u00e9poxy 10x10 artisanal sur mesure","description":"D\u00e9couvrez nos jeux de dames bois \u00e9poxy personnalis\u00e9s. Fabrication artisanale fait main, pi\u00e8ce unique et finitions sur mesure.","robots":{"index":"index","follow":"follow","max-snippet":"max-snippet:-1","max-image-preview":"max-image-preview:large","max-video-preview":"max-video-preview:-1"},"canonical":"https:\/\/sdcreation16.fr\/index.php\/jeux-de-dames-bois-epoxy\/","og_locale":"fr_FR","og_type":"article","og_title":"jeux de dames","og_description":"D\u00e9couvrez des pi\u00e8ces uniques faites main : jeux en bois noble, plateaux et horloges design m\u00ealant l'\u00e9l\u00e9gance du bois et la modernit\u00e9 de la r\u00e9sine \u00e9poxy. L'artisanat d'exception %","og_url":"https:\/\/sdcreation16.fr\/index.php\/jeux-de-dames-bois-epoxy\/","og_site_name":"SDcr\u00e9ation","article_publisher":"https:\/\/www.facebook.com\/sdcreation.damase.10","article_modified_time":"2026-01-12T13:44:44+00:00","og_image":[{"width":2048,"height":1536,"url":"https:\/\/sdcreation16.fr\/wp-content\/uploads\/2025\/05\/495149245_1060908345884931_2886530163149245258_n.jpg","type":"image\/jpeg"}],"twitter_card":"summary_large_image","twitter_misc":{"Dur\u00e9e de lecture estim\u00e9e":"2 minutes"},"schema":{"@context":"https:\/\/schema.org","@graph":[{"@type":"WebPage","@id":"https:\/\/sdcreation16.fr\/index.php\/jeux-de-dames-bois-epoxy\/","url":"https:\/\/sdcreation16.fr\/index.php\/jeux-de-dames-bois-epoxy\/","name":"Jeux de dames en bois et \u00e9poxy 10x10 artisanal sur mesure","isPartOf":{"@id":"https:\/\/sdcreation16.fr\/#website"},"primaryImageOfPage":{"@id":"https:\/\/sdcreation16.fr\/index.php\/jeux-de-dames-bois-epoxy\/#primaryimage"},"image":{"@id":"https:\/\/sdcreation16.fr\/index.php\/jeux-de-dames-bois-epoxy\/#primaryimage"},"thumbnailUrl":"https:\/\/sdcreation16.fr\/wp-content\/uploads\/2025\/05\/495149245_1060908345884931_2886530163149245258_n.jpg","datePublished":"2026-01-12T13:20:50+00:00","dateModified":"2026-01-12T13:44:44+00:00","description":"D\u00e9couvrez nos jeux de dames bois \u00e9poxy personnalis\u00e9s. Fabrication artisanale fait main, pi\u00e8ce unique et finitions sur mesure.","breadcrumb":{"@id":"https:\/\/sdcreation16.fr\/index.php\/jeux-de-dames-bois-epoxy\/#breadcrumb"},"inLanguage":"fr-FR","potentialAction":[{"@type":"ReadAction","target":["https:\/\/sdcreation16.fr\/index.php\/jeux-de-dames-bois-epoxy\/"]}]},{"@type":"ImageObject","inLanguage":"fr-FR","@id":"https:\/\/sdcreation16.fr\/index.php\/jeux-de-dames-bois-epoxy\/#primaryimage","url":"https:\/\/sdcreation16.fr\/wp-content\/uploads\/2025\/05\/495149245_1060908345884931_2886530163149245258_n.jpg","contentUrl":"https:\/\/sdcreation16.fr\/wp-content\/uploads\/2025\/05\/495149245_1060908345884931_2886530163149245258_n.jpg","width":2048,"height":1536,"caption":"jeu de dames en ch\u00eane et epoxy , bois massif, epoxy, pions boite de rangement"},{"@type":"BreadcrumbList","@id":"https:\/\/sdcreation16.fr\/index.php\/jeux-de-dames-bois-epoxy\/#breadcrumb","itemListElement":[{"@type":"ListItem","position":1,"name":"Accueil","item":"https:\/\/sdcreation16.fr\/"},{"@type":"ListItem","position":2,"name":"jeux de dames"}]},{"@type":"WebSite","@id":"https:\/\/sdcreation16.fr\/#website","url":"https:\/\/sdcreation16.fr\/","name":"SDcr\u00e9ation","description":"L&#039;association de la r\u00e9sine et du bois.","publisher":{"@id":"https:\/\/sdcreation16.fr\/#organization"},"potentialAction":[{"@type":"SearchAction","target":{"@type":"EntryPoint","urlTemplate":"https:\/\/sdcreation16.fr\/?s={search_term_string}"},"query-input":{"@type":"PropertyValueSpecification","valueRequired":true,"valueName":"search_term_string"}}],"inLanguage":"fr-FR"},{"@type":"Organization","@id":"https:\/\/sdcreation16.fr\/#organization","name":"sd creation","url":"https:\/\/sdcreation16.fr\/","logo":{"@type":"ImageObject","inLanguage":"fr-FR","@id":"https:\/\/sdcreation16.fr\/#\/schema\/logo\/image\/","url":"https:\/\/sdcreation16.fr\/wp-content\/uploads\/2020\/12\/new-logo.png","contentUrl":"https:\/\/sdcreation16.fr\/wp-content\/uploads\/2020\/12\/new-logo.png","width":595,"height":100,"caption":"sd creation"},"image":{"@id":"https:\/\/sdcreation16.fr\/#\/schema\/logo\/image\/"},"sameAs":["https:\/\/www.facebook.com\/sdcreation.damase.10"]}]}},"_links":{"self":[{"href":"https:\/\/sdcreation16.fr\/index.php\/wp-json\/wp\/v2\/pages\/1628","targetHints":{"allow":["GET"]}}],"collection":[{"href":"https:\/\/sdcreation16.fr\/index.php\/wp-json\/wp\/v2\/pages"}],"about":[{"href":"https:\/\/sdcreation16.fr\/index.php\/wp-json\/wp\/v2\/types\/page"}],"author":[{"embeddable":true,"href":"https:\/\/sdcreation16.fr\/index.php\/wp-json\/wp\/v2\/users\/1"}],"replies":[{"embeddable":true,"href":"https:\/\/sdcreation16.fr\/index.php\/wp-json\/wp\/v2\/comments?post=1628"}],"version-history":[{"count":5,"href":"https:\/\/sdcreation16.fr\/index.php\/wp-json\/wp\/v2\/pages\/1628\/revisions"}],"predecessor-version":[{"id":1636,"href":"https:\/\/sdcreation16.fr\/index.php\/wp-json\/wp\/v2\/pages\/1628\/revisions\/1636"}],"wp:featuredmedia":[{"embeddable":true,"href":"https:\/\/sdcreation16.fr\/index.php\/wp-json\/wp\/v2\/media\/1116"}],"wp:attachment":[{"href":"https:\/\/sdcreation16.fr\/index.php\/wp-json\/wp\/v2\/media?parent=1628"}],"curies":[{"name":"wp","href":"https:\/\/api.w.org\/{rel}","templated":true}]}}