{"id":1605,"date":"2026-01-12T13:08:04","date_gmt":"2026-01-12T12:08:04","guid":{"rendered":"https:\/\/sdcreation16.fr\/?page_id=1605"},"modified":"2026-01-12T15:40:35","modified_gmt":"2026-01-12T14:40:35","slug":"petits-chevaux-bois-epoxy","status":"publish","type":"page","link":"https:\/\/sdcreation16.fr\/index.php\/petits-chevaux-bois-epoxy\/","title":{"rendered":"petits chevaux"},"content":{"rendered":"<div class=\"wpb-content-wrapper\"><p>[vc_row][vc_column][vc_column_text css=\u00a0\u00bb\u00a0\u00bb]<\/p>\n<div class=\"vc_row wpb_row vc_row-fluid\">\n<div class=\"wpb_column vc_column_container vc_col-sm-12\">\n<div class=\"vc_column-inner\">\n<div class=\"wpb_wrapper\">\n<div class=\"wpb_text_column wpb_content_element \">\n<div class=\"wpb_wrapper\">\n<h2>Nos Gammes de Petits Chevaux\u00a0 en Bois &amp; \u00c9poxy :<\/h2>\n<ul>\n<li><strong>L\u2019essentiel (28\u00d728 cm)<\/strong> : Format compact et l\u00e9ger, parfait pour jouer partout sans sacrifier l\u2019\u00e9l\u00e9gance du bois et de la r\u00e9sine.<\/li>\n<li><strong>Le luxe (32\u00d732 cm<\/strong>) : Le standard id\u00e9al avec gravures \u00e0 plat et incrustations color\u00e9es pour un confort de jeu optimal.<\/li>\n<li><strong>Le Luxe 3D (32\u00d732 cm \u2013 Relief 3D)<\/strong> : Mod\u00e8le d\u2019exception avec t\u00eates de chevaux sculpt\u00e9es en 3D, alliant artisanat d\u2019art et finitions \u00e9poxy haut de gamme.<\/li>\n<li><strong>La version sur mesure total :<\/strong> dimension, style, bois , tout est configurable\u00a0 dimension max du plateau 45x45cm<\/li>\n<\/ul>\n<\/div>\n<\/div>\n<\/div>\n<\/div>\n<\/div>\n<\/div>\n<p>[\/vc_column_text][\/vc_column][\/vc_row][vc_row][vc_column][vc_separator border_width=\u00a0\u00bb4&Prime; css=\u00a0\u00bb\u00a0\u00bb][\/vc_column][\/vc_row][vc_row][vc_column width=\u00a0\u00bb2\/3&Prime;][vc_column_text css=\u00a0\u00bb\u00a0\u00bb]<\/p>\n<div class=\"wpb_column vc_column_container vc_col-sm-9\">\n<div class=\"vc_column-inner\">\n<div class=\"wpb_wrapper\">\n<div class=\"wpb_text_column wpb_content_element \">\n<div class=\"wpb_wrapper\">\n<h4><strong>Caract\u00e9ristiques du Jeu de Petits Chevaux Essentiel<\/strong><\/h4>\n<ul>\n<li>Format du plateau : Dimensions compactes de 28 x 28 cm, id\u00e9al pour le rangement et le confort de jeu.<\/li>\n<li>Essence de bois : plateau sapin cadre en ch\u00eane \/ merisier massif<\/li>\n<li>Personnalisation des couleurs : Choix des teintes pour les 4 zones de d\u00e9part, les parcours et les motifs de chevaux en r\u00e9sine \u00e9poxy<\/li>\n<li>Design &amp; Finition : Gravure de pr\u00e9cision pour les chevaux et les cases, avec une finition vernie pour prot\u00e9ger le bois contre l\u2019usure.<\/li>\n<\/ul>\n<p>Accessoires inclus :<\/p>\n<ul>\n<li>16 pions (4 par couleur) assortis au design du plateau. \u00d8 16 mm<\/li>\n<li>1 d\u00e9 \u00e0 jouer traditionnel.<\/li>\n<\/ul>\n<\/div>\n<\/div>\n<\/div>\n<\/div>\n<\/div>\n<p>[\/vc_column_text][\/vc_column][vc_column width=\u00a0\u00bb1\/3&Prime;]<div id=\"ult-carousel-122982769e4f6862f1b6\" class=\"ult-carousel-wrapper   ult_horizontal\" data-gutter=\"15\" data-rtl=\"false\" ><div class=\"ult-carousel-118203101369e4f6862f089 \" >[vc_single_image image=\u00a0\u00bb1014&Prime; img_size=\u00a0\u00bblarge\u00a0\u00bb css=\u00a0\u00bb\u00a0\u00bb][vc_single_image image=\u00a0\u00bb1009&Prime; img_size=\u00a0\u00bblarge\u00a0\u00bb css=\u00a0\u00bb\u00a0\u00bb][vc_single_image image=\u00a0\u00bb1013&Prime; img_size=\u00a0\u00bblarge\u00a0\u00bb css=\u00a0\u00bb\u00a0\u00bb]<\/div><\/div>\t\t\t<script type=\"text\/javascript\">\n\t\t\t\tjQuery(document).ready(function ($) {\n\t\t\t\t\tif( typeof jQuery('.ult-carousel-118203101369e4f6862f089').slick == \"function\"){\n\t\t\t\t\t\t$('.ult-carousel-118203101369e4f6862f089').slick({dots: true,autoplay: true,autoplaySpeed: 5000,speed: 300,infinite: true,arrows: true,nextArrow: '<button type=\"button\" role=\"button\" aria-label=\"Next\" style=\"color:#333333; font-size:20px;\" class=\"slick-next default\"><i class=\"ultsl-arrow-right4\"><\/i><\/button>',prevArrow: '<button type=\"button\" role=\"button\" aria-label=\"Previous\" style=\"color:#333333; font-size:20px;\" class=\"slick-prev default\"><i class=\"ultsl-arrow-left4\"><\/i><\/button>',slidesToScroll:1,slidesToShow:1,swipe: true,draggable: true,touchMove: true,pauseOnHover: true,pauseOnFocus: false,responsive: [\n\t\t\t\t\t\t\t{\n\t\t\t\t\t\t\t  breakpoint: 1026,\n\t\t\t\t\t\t\t  settings: {\n\t\t\t\t\t\t\t\tslidesToShow: 1,\n\t\t\t\t\t\t\t\tslidesToScroll: 1,  \n\t\t\t\t\t\t\t  }\n\t\t\t\t\t\t\t},\n\t\t\t\t\t\t\t{\n\t\t\t\t\t\t\t  breakpoint: 1025,\n\t\t\t\t\t\t\t  settings: {\n\t\t\t\t\t\t\t\tslidesToShow: 1,\n\t\t\t\t\t\t\t\tslidesToScroll: 1\n\t\t\t\t\t\t\t  }\n\t\t\t\t\t\t\t},\n\t\t\t\t\t\t\t{\n\t\t\t\t\t\t\t  breakpoint: 760,\n\t\t\t\t\t\t\t  settings: {\n\t\t\t\t\t\t\t\tslidesToShow: 1,\n\t\t\t\t\t\t\t\tslidesToScroll: 1\n\t\t\t\t\t\t\t  }\n\t\t\t\t\t\t\t}\n\t\t\t\t\t\t],pauseOnDotsHover: true,customPaging: function(slider, i) {\n                   return '<i type=\"button\" style= \"color:#333333;\" class=\"ultsl-record\" data-role=\"none\"><\/i>';\n                },});\n\t\t\t\t\t}\n\t\t\t\t});\n\t\t\t<\/script>\n\t\t\t[\/vc_column][\/vc_row][vc_row][vc_column][vc_separator border_width=\u00a0\u00bb4&Prime; css=\u00a0\u00bb\u00a0\u00bb][\/vc_column][\/vc_row][vc_row][vc_column width=\u00a0\u00bb1\/3&Prime;]<div id=\"ult-carousel-225026234169e4f6862f2a6\" class=\"ult-carousel-wrapper   ult_horizontal\" data-gutter=\"15\" data-rtl=\"false\" ><div class=\"ult-carousel-393439886869e4f6862f270 \" >[vc_single_image image=\u00a0\u00bb1591&Prime; img_size=\u00a0\u00bblarge\u00a0\u00bb alignment=\u00a0\u00bbright\u00a0\u00bb css=\u00a0\u00bb\u00a0\u00bb][vc_single_image image=\u00a0\u00bb1579&Prime; img_size=\u00a0\u00bblarge\u00a0\u00bb alignment=\u00a0\u00bbright\u00a0\u00bb css=\u00a0\u00bb\u00a0\u00bb][vc_single_image image=\u00a0\u00bb1575&Prime; img_size=\u00a0\u00bblarge\u00a0\u00bb alignment=\u00a0\u00bbright\u00a0\u00bb css=\u00a0\u00bb\u00a0\u00bb][vc_single_image image=\u00a0\u00bb1578&Prime; img_size=\u00a0\u00bblarge\u00a0\u00bb alignment=\u00a0\u00bbright\u00a0\u00bb css=\u00a0\u00bb\u00a0\u00bb]<\/div><\/div>\t\t\t<script type=\"text\/javascript\">\n\t\t\t\tjQuery(document).ready(function ($) {\n\t\t\t\t\tif( typeof jQuery('.ult-carousel-393439886869e4f6862f270').slick == \"function\"){\n\t\t\t\t\t\t$('.ult-carousel-393439886869e4f6862f270').slick({dots: true,autoplay: true,autoplaySpeed: 5000,speed: 300,infinite: true,arrows: true,nextArrow: '<button type=\"button\" role=\"button\" aria-label=\"Next\" style=\"color:#333333; font-size:20px;\" class=\"slick-next default\"><i class=\"ultsl-arrow-right4\"><\/i><\/button>',prevArrow: '<button type=\"button\" role=\"button\" aria-label=\"Previous\" style=\"color:#333333; font-size:20px;\" class=\"slick-prev default\"><i class=\"ultsl-arrow-left4\"><\/i><\/button>',slidesToScroll:1,slidesToShow:1,swipe: true,draggable: true,touchMove: true,pauseOnHover: true,pauseOnFocus: false,responsive: [\n\t\t\t\t\t\t\t{\n\t\t\t\t\t\t\t  breakpoint: 1026,\n\t\t\t\t\t\t\t  settings: {\n\t\t\t\t\t\t\t\tslidesToShow: 1,\n\t\t\t\t\t\t\t\tslidesToScroll: 1,  \n\t\t\t\t\t\t\t  }\n\t\t\t\t\t\t\t},\n\t\t\t\t\t\t\t{\n\t\t\t\t\t\t\t  breakpoint: 1025,\n\t\t\t\t\t\t\t  settings: {\n\t\t\t\t\t\t\t\tslidesToShow: 1,\n\t\t\t\t\t\t\t\tslidesToScroll: 1\n\t\t\t\t\t\t\t  }\n\t\t\t\t\t\t\t},\n\t\t\t\t\t\t\t{\n\t\t\t\t\t\t\t  breakpoint: 760,\n\t\t\t\t\t\t\t  settings: {\n\t\t\t\t\t\t\t\tslidesToShow: 1,\n\t\t\t\t\t\t\t\tslidesToScroll: 1\n\t\t\t\t\t\t\t  }\n\t\t\t\t\t\t\t}\n\t\t\t\t\t\t],pauseOnDotsHover: true,customPaging: function(slider, i) {\n                   return '<i type=\"button\" style= \"color:#333333;\" class=\"ultsl-record\" data-role=\"none\"><\/i>';\n                },});\n\t\t\t\t\t}\n\t\t\t\t});\n\t\t\t<\/script>\n\t\t\t[\/vc_column][vc_column width=\u00a0\u00bb2\/3&Prime;][vc_column_text css=\u00a0\u00bb\u00a0\u00bb]<\/p>\n<div class=\"wpb_column vc_column_container vc_col-sm-9\">\n<div class=\"vc_column-inner\">\n<div class=\"wpb_wrapper\">\n<div class=\"wpb_text_column wpb_content_element \">\n<div class=\"wpb_wrapper\">\n<h4><strong>Caract\u00e9ristiques du Jeu de Petits Chevaux luxe Personnalisable<\/strong><\/h4>\n<ul>\n<li>Format du plateau : Dimensions compactes de 32 x 32 cm, id\u00e9al pour le rangement et le confort de jeu.<\/li>\n<li>Essence de bois au choix : S\u00e9lection de bois nobles et durables selon vos pr\u00e9f\u00e9rences (Ch\u00eane, Fr\u00eane, H\u00eatre, Pin, etc.).<\/li>\n<li>Personnalisation des couleurs : Choix des teintes pour les 4 zones de d\u00e9part, les parcours et les motifs de chevaux en \u00e9poxy<\/li>\n<li>Design &amp; Finition : Gravure de pr\u00e9cision pour les chevaux et les cases, avec une finition vernie pour prot\u00e9ger le bois contre l\u2019usure.<\/li>\n<\/ul>\n<p>Accessoires inclus :<\/p>\n<ul>\n<li>16 pions (4 par couleur) assortis au design du plateau. \u00d818mm<\/li>\n<li>1 d\u00e9 \u00e0 jouer traditionnel.<\/li>\n<\/ul>\n<\/div>\n<\/div>\n<\/div>\n<\/div>\n<\/div>\n<p>[\/vc_column_text][\/vc_column][\/vc_row][vc_row][vc_column][vc_separator border_width=\u00a0\u00bb4&Prime; css=\u00a0\u00bb\u00a0\u00bb][\/vc_column][\/vc_row][vc_row][vc_column width=\u00a0\u00bb2\/3&Prime;][vc_column_text css=\u00a0\u00bb\u00a0\u00bb]<\/p>\n<div class=\"wpb_column vc_column_container vc_col-sm-9\">\n<div class=\"vc_column-inner\">\n<div class=\"wpb_wrapper\">\n<div class=\"wpb_text_column wpb_content_element \">\n<div class=\"wpb_wrapper\">\n<h4><strong>Caract\u00e9ristiques du Jeu de Petits Chevaux luxe\u00a0 3D Personnalisable<\/strong><\/h4>\n<ul>\n<li>Plateau de jeu : Format carr\u00e9 de 32 x 32 cm, con\u00e7u pour une excellente stabilit\u00e9.<\/li>\n<li>Sculptures 3D : Quatre t\u00eates de chevaux sculpt\u00e9es en relief dans la masse du bois, situ\u00e9es dans chaque zone de d\u00e9part.<\/li>\n<li>Essence de bois : Choix entre bois clairs (pour faire ressortir les d\u00e9tails) ou bois denses (Ch\u00eane, Merisier, Fr\u00eane) selon vos envies.<\/li>\n<li>\u00a0Incrustation de r\u00e9sine color\u00e9e pour les cases et les contours.<\/li>\n<li>Finition brillante et lisse sur l\u2019ensemble du plateau pour prot\u00e9ger les sculptures.<\/li>\n<li>Couleurs des r\u00e9sines (bleu turquoise, vert nacr\u00e9, violet, rose, etc.).<\/li>\n<li>Teinte du cadre ext\u00e9rieur pour un contraste marqu\u00e9.<\/li>\n<\/ul>\n<p>Accessoires inclus :<\/p>\n<ul>\n<li>16 pions (4 par couleur) assortis au design du plateau. \u00d818mm<br \/>\n1 d\u00e9 \u00e0 jouer traditionnel.<\/li>\n<\/ul>\n<p>&nbsp;<\/p>\n<\/div>\n<\/div>\n<\/div>\n<\/div>\n<\/div>\n<p>&nbsp;<\/p>\n<p>[\/vc_column_text][\/vc_column][vc_column width=\u00a0\u00bb1\/3&Prime;]<div id=\"ult-carousel-279589779569e4f6862f34f\" class=\"ult-carousel-wrapper   ult_horizontal\" data-gutter=\"15\" data-rtl=\"false\" ><div class=\"ult-carousel-409500461369e4f6862f328 \" >[vc_single_image image=\u00a0\u00bb1585&Prime; img_size=\u00a0\u00bblarge\u00a0\u00bb css=\u00a0\u00bb\u00a0\u00bb][vc_single_image image=\u00a0\u00bb1587&Prime; img_size=\u00a0\u00bblarge\u00a0\u00bb css=\u00a0\u00bb\u00a0\u00bb][vc_single_image image=\u00a0\u00bb1584&Prime; img_size=\u00a0\u00bblarge\u00a0\u00bb css=\u00a0\u00bb\u00a0\u00bb]<\/div><\/div>\t\t\t<script type=\"text\/javascript\">\n\t\t\t\tjQuery(document).ready(function ($) {\n\t\t\t\t\tif( typeof jQuery('.ult-carousel-409500461369e4f6862f328').slick == \"function\"){\n\t\t\t\t\t\t$('.ult-carousel-409500461369e4f6862f328').slick({dots: true,autoplay: true,autoplaySpeed: 5000,speed: 300,infinite: true,arrows: true,nextArrow: '<button type=\"button\" role=\"button\" aria-label=\"Next\" style=\"color:#333333; font-size:20px;\" class=\"slick-next default\"><i class=\"ultsl-arrow-right4\"><\/i><\/button>',prevArrow: '<button type=\"button\" role=\"button\" aria-label=\"Previous\" style=\"color:#333333; font-size:20px;\" class=\"slick-prev default\"><i class=\"ultsl-arrow-left4\"><\/i><\/button>',slidesToScroll:1,slidesToShow:1,swipe: true,draggable: true,touchMove: true,pauseOnHover: true,pauseOnFocus: false,responsive: [\n\t\t\t\t\t\t\t{\n\t\t\t\t\t\t\t  breakpoint: 1026,\n\t\t\t\t\t\t\t  settings: {\n\t\t\t\t\t\t\t\tslidesToShow: 1,\n\t\t\t\t\t\t\t\tslidesToScroll: 1,  \n\t\t\t\t\t\t\t  }\n\t\t\t\t\t\t\t},\n\t\t\t\t\t\t\t{\n\t\t\t\t\t\t\t  breakpoint: 1025,\n\t\t\t\t\t\t\t  settings: {\n\t\t\t\t\t\t\t\tslidesToShow: 1,\n\t\t\t\t\t\t\t\tslidesToScroll: 1\n\t\t\t\t\t\t\t  }\n\t\t\t\t\t\t\t},\n\t\t\t\t\t\t\t{\n\t\t\t\t\t\t\t  breakpoint: 760,\n\t\t\t\t\t\t\t  settings: {\n\t\t\t\t\t\t\t\tslidesToShow: 1,\n\t\t\t\t\t\t\t\tslidesToScroll: 1\n\t\t\t\t\t\t\t  }\n\t\t\t\t\t\t\t}\n\t\t\t\t\t\t],pauseOnDotsHover: true,customPaging: function(slider, i) {\n                   return '<i type=\"button\" style= \"color:#333333;\" class=\"ultsl-record\" data-role=\"none\"><\/i>';\n                },});\n\t\t\t\t\t}\n\t\t\t\t});\n\t\t\t<\/script>\n\t\t\t[\/vc_column][\/vc_row]<\/p>\n<\/div>","protected":false},"excerpt":{"rendered":"<p>[vc_row][vc_column][vc_column_text css=\u00a0\u00bb\u00a0\u00bb] Nos Gammes de Petits Chevaux\u00a0 en Bois &amp; \u00c9poxy : L\u2019essentiel (28\u00d728 cm) : Format compact et l\u00e9ger, parfait pour jouer partout sans sacrifier l\u2019\u00e9l\u00e9gance du bois et de la r\u00e9sine. Le luxe (32\u00d732 cm) : Le standard id\u00e9al avec gravures \u00e0 plat et incrustations color\u00e9es pour un confort de jeu optimal. Le&hellip;<\/p>\n","protected":false},"author":1,"featured_media":0,"parent":0,"menu_order":0,"comment_status":"closed","ping_status":"closed","template":"","meta":{"_monsterinsights_skip_tracking":false,"_monsterinsights_sitenote_active":false,"_monsterinsights_sitenote_note":"","_monsterinsights_sitenote_category":0,"_uf_show_specific_survey":0,"_uf_disable_surveys":false,"footnotes":""},"class_list":["post-1605","page","type-page","status-publish","hentry","description-off"],"yoast_head":"<!-- This site is optimized with the Yoast SEO Premium plugin v26.0 (Yoast SEO v26.0) - https:\/\/yoast.com\/wordpress\/plugins\/seo\/ -->\n<title>Petits Chevaux Bois &amp; \u00c9poxy : Jeu Artisanal Personnalisable<\/title>\n<meta name=\"description\" content=\"D\u00e9couvrez notre collection de jeux de petits chevaux en bois &amp; \u00e9poxy. Fabrication artisanale, 3 formats disponibles dont un mod\u00e8le sculpt\u00e9.\" \/>\n<meta name=\"robots\" content=\"index, follow, max-snippet:-1, max-image-preview:large, max-video-preview:-1\" \/>\n<link rel=\"canonical\" href=\"https:\/\/sdcreation16.fr\/index.php\/petits-chevaux-bois-epoxy\/\" \/>\n<meta property=\"og:locale\" content=\"fr_FR\" \/>\n<meta property=\"og:type\" content=\"article\" \/>\n<meta property=\"og:title\" content=\"petits chevaux\" \/>\n<meta property=\"og:description\" content=\"D\u00e9couvrez des pi\u00e8ces uniques faites main : jeux en bois noble, plateaux et horloges design m\u00ealant l&#039;\u00e9l\u00e9gance du bois et la modernit\u00e9 de la r\u00e9sine \u00e9poxy. L&#039;artisanat d&#039;exception %\" \/>\n<meta property=\"og:url\" content=\"https:\/\/sdcreation16.fr\/index.php\/petits-chevaux-bois-epoxy\/\" \/>\n<meta property=\"og:site_name\" content=\"SDcr\u00e9ation\" \/>\n<meta property=\"article:publisher\" content=\"https:\/\/www.facebook.com\/sdcreation.damase.10\" \/>\n<meta property=\"article:modified_time\" content=\"2026-01-12T14:40:35+00:00\" \/>\n<meta property=\"og:image\" content=\"https:\/\/sdcreation16.fr\/wp-content\/uploads\/2025\/11\/site-copie.png\" \/>\n\t<meta property=\"og:image:width\" content=\"603\" \/>\n\t<meta property=\"og:image:height\" content=\"478\" \/>\n\t<meta property=\"og:image:type\" content=\"image\/png\" \/>\n<meta name=\"twitter:card\" content=\"summary_large_image\" \/>\n<meta name=\"twitter:label1\" content=\"Dur\u00e9e de lecture estim\u00e9e\" \/>\n\t<meta name=\"twitter:data1\" content=\"3 minutes\" \/>\n<script type=\"application\/ld+json\" class=\"yoast-schema-graph\">{\"@context\":\"https:\/\/schema.org\",\"@graph\":[{\"@type\":\"WebPage\",\"@id\":\"https:\/\/sdcreation16.fr\/index.php\/petits-chevaux-bois-epoxy\/\",\"url\":\"https:\/\/sdcreation16.fr\/index.php\/petits-chevaux-bois-epoxy\/\",\"name\":\"Petits Chevaux Bois & \u00c9poxy : Jeu Artisanal Personnalisable\",\"isPartOf\":{\"@id\":\"https:\/\/sdcreation16.fr\/#website\"},\"datePublished\":\"2026-01-12T12:08:04+00:00\",\"dateModified\":\"2026-01-12T14:40:35+00:00\",\"description\":\"D\u00e9couvrez notre collection de jeux de petits chevaux en bois & \u00e9poxy. Fabrication artisanale, 3 formats disponibles dont un mod\u00e8le sculpt\u00e9.\",\"breadcrumb\":{\"@id\":\"https:\/\/sdcreation16.fr\/index.php\/petits-chevaux-bois-epoxy\/#breadcrumb\"},\"inLanguage\":\"fr-FR\",\"potentialAction\":[{\"@type\":\"ReadAction\",\"target\":[\"https:\/\/sdcreation16.fr\/index.php\/petits-chevaux-bois-epoxy\/\"]}]},{\"@type\":\"BreadcrumbList\",\"@id\":\"https:\/\/sdcreation16.fr\/index.php\/petits-chevaux-bois-epoxy\/#breadcrumb\",\"itemListElement\":[{\"@type\":\"ListItem\",\"position\":1,\"name\":\"Accueil\",\"item\":\"https:\/\/sdcreation16.fr\/\"},{\"@type\":\"ListItem\",\"position\":2,\"name\":\"petits chevaux\"}]},{\"@type\":\"WebSite\",\"@id\":\"https:\/\/sdcreation16.fr\/#website\",\"url\":\"https:\/\/sdcreation16.fr\/\",\"name\":\"SDcr\u00e9ation\",\"description\":\"L&#039;association de la r\u00e9sine et du bois.\",\"publisher\":{\"@id\":\"https:\/\/sdcreation16.fr\/#organization\"},\"potentialAction\":[{\"@type\":\"SearchAction\",\"target\":{\"@type\":\"EntryPoint\",\"urlTemplate\":\"https:\/\/sdcreation16.fr\/?s={search_term_string}\"},\"query-input\":{\"@type\":\"PropertyValueSpecification\",\"valueRequired\":true,\"valueName\":\"search_term_string\"}}],\"inLanguage\":\"fr-FR\"},{\"@type\":\"Organization\",\"@id\":\"https:\/\/sdcreation16.fr\/#organization\",\"name\":\"sd creation\",\"url\":\"https:\/\/sdcreation16.fr\/\",\"logo\":{\"@type\":\"ImageObject\",\"inLanguage\":\"fr-FR\",\"@id\":\"https:\/\/sdcreation16.fr\/#\/schema\/logo\/image\/\",\"url\":\"https:\/\/sdcreation16.fr\/wp-content\/uploads\/2020\/12\/new-logo.png\",\"contentUrl\":\"https:\/\/sdcreation16.fr\/wp-content\/uploads\/2020\/12\/new-logo.png\",\"width\":595,\"height\":100,\"caption\":\"sd creation\"},\"image\":{\"@id\":\"https:\/\/sdcreation16.fr\/#\/schema\/logo\/image\/\"},\"sameAs\":[\"https:\/\/www.facebook.com\/sdcreation.damase.10\"]}]}<\/script>\n<!-- \/ Yoast SEO Premium plugin. -->","yoast_head_json":{"title":"Petits Chevaux Bois & \u00c9poxy : Jeu Artisanal Personnalisable","description":"D\u00e9couvrez notre collection de jeux de petits chevaux en bois & \u00e9poxy. Fabrication artisanale, 3 formats disponibles dont un mod\u00e8le sculpt\u00e9.","robots":{"index":"index","follow":"follow","max-snippet":"max-snippet:-1","max-image-preview":"max-image-preview:large","max-video-preview":"max-video-preview:-1"},"canonical":"https:\/\/sdcreation16.fr\/index.php\/petits-chevaux-bois-epoxy\/","og_locale":"fr_FR","og_type":"article","og_title":"petits chevaux","og_description":"D\u00e9couvrez des pi\u00e8ces uniques faites main : jeux en bois noble, plateaux et horloges design m\u00ealant l'\u00e9l\u00e9gance du bois et la modernit\u00e9 de la r\u00e9sine \u00e9poxy. L'artisanat d'exception %","og_url":"https:\/\/sdcreation16.fr\/index.php\/petits-chevaux-bois-epoxy\/","og_site_name":"SDcr\u00e9ation","article_publisher":"https:\/\/www.facebook.com\/sdcreation.damase.10","article_modified_time":"2026-01-12T14:40:35+00:00","og_image":[{"width":603,"height":478,"url":"https:\/\/sdcreation16.fr\/wp-content\/uploads\/2025\/11\/site-copie.png","type":"image\/png"}],"twitter_card":"summary_large_image","twitter_misc":{"Dur\u00e9e de lecture estim\u00e9e":"3 minutes"},"schema":{"@context":"https:\/\/schema.org","@graph":[{"@type":"WebPage","@id":"https:\/\/sdcreation16.fr\/index.php\/petits-chevaux-bois-epoxy\/","url":"https:\/\/sdcreation16.fr\/index.php\/petits-chevaux-bois-epoxy\/","name":"Petits Chevaux Bois & \u00c9poxy : Jeu Artisanal Personnalisable","isPartOf":{"@id":"https:\/\/sdcreation16.fr\/#website"},"datePublished":"2026-01-12T12:08:04+00:00","dateModified":"2026-01-12T14:40:35+00:00","description":"D\u00e9couvrez notre collection de jeux de petits chevaux en bois & \u00e9poxy. Fabrication artisanale, 3 formats disponibles dont un mod\u00e8le sculpt\u00e9.","breadcrumb":{"@id":"https:\/\/sdcreation16.fr\/index.php\/petits-chevaux-bois-epoxy\/#breadcrumb"},"inLanguage":"fr-FR","potentialAction":[{"@type":"ReadAction","target":["https:\/\/sdcreation16.fr\/index.php\/petits-chevaux-bois-epoxy\/"]}]},{"@type":"BreadcrumbList","@id":"https:\/\/sdcreation16.fr\/index.php\/petits-chevaux-bois-epoxy\/#breadcrumb","itemListElement":[{"@type":"ListItem","position":1,"name":"Accueil","item":"https:\/\/sdcreation16.fr\/"},{"@type":"ListItem","position":2,"name":"petits chevaux"}]},{"@type":"WebSite","@id":"https:\/\/sdcreation16.fr\/#website","url":"https:\/\/sdcreation16.fr\/","name":"SDcr\u00e9ation","description":"L&#039;association de la r\u00e9sine et du bois.","publisher":{"@id":"https:\/\/sdcreation16.fr\/#organization"},"potentialAction":[{"@type":"SearchAction","target":{"@type":"EntryPoint","urlTemplate":"https:\/\/sdcreation16.fr\/?s={search_term_string}"},"query-input":{"@type":"PropertyValueSpecification","valueRequired":true,"valueName":"search_term_string"}}],"inLanguage":"fr-FR"},{"@type":"Organization","@id":"https:\/\/sdcreation16.fr\/#organization","name":"sd creation","url":"https:\/\/sdcreation16.fr\/","logo":{"@type":"ImageObject","inLanguage":"fr-FR","@id":"https:\/\/sdcreation16.fr\/#\/schema\/logo\/image\/","url":"https:\/\/sdcreation16.fr\/wp-content\/uploads\/2020\/12\/new-logo.png","contentUrl":"https:\/\/sdcreation16.fr\/wp-content\/uploads\/2020\/12\/new-logo.png","width":595,"height":100,"caption":"sd creation"},"image":{"@id":"https:\/\/sdcreation16.fr\/#\/schema\/logo\/image\/"},"sameAs":["https:\/\/www.facebook.com\/sdcreation.damase.10"]}]}},"_links":{"self":[{"href":"https:\/\/sdcreation16.fr\/index.php\/wp-json\/wp\/v2\/pages\/1605","targetHints":{"allow":["GET"]}}],"collection":[{"href":"https:\/\/sdcreation16.fr\/index.php\/wp-json\/wp\/v2\/pages"}],"about":[{"href":"https:\/\/sdcreation16.fr\/index.php\/wp-json\/wp\/v2\/types\/page"}],"author":[{"embeddable":true,"href":"https:\/\/sdcreation16.fr\/index.php\/wp-json\/wp\/v2\/users\/1"}],"replies":[{"embeddable":true,"href":"https:\/\/sdcreation16.fr\/index.php\/wp-json\/wp\/v2\/comments?post=1605"}],"version-history":[{"count":8,"href":"https:\/\/sdcreation16.fr\/index.php\/wp-json\/wp\/v2\/pages\/1605\/revisions"}],"predecessor-version":[{"id":1647,"href":"https:\/\/sdcreation16.fr\/index.php\/wp-json\/wp\/v2\/pages\/1605\/revisions\/1647"}],"wp:attachment":[{"href":"https:\/\/sdcreation16.fr\/index.php\/wp-json\/wp\/v2\/media?parent=1605"}],"curies":[{"name":"wp","href":"https:\/\/api.w.org\/{rel}","templated":true}]}}