{"id":16,"date":"2020-12-14T10:58:12","date_gmt":"2020-12-14T09:58:12","guid":{"rendered":"https:\/\/sdcreation16.fr\/index.php\/my-account\/"},"modified":"2025-11-13T13:28:53","modified_gmt":"2025-11-13T12:28:53","slug":"my-account","status":"publish","type":"page","link":"https:\/\/sdcreation16.fr\/index.php\/my-account\/","title":{"rendered":"My account"},"content":{"rendered":"<div class=\"woocommerce\"><\/div>\n","protected":false},"excerpt":{"rendered":"","protected":false},"author":1,"featured_media":0,"parent":0,"menu_order":0,"comment_status":"closed","ping_status":"closed","template":"","meta":{"_monsterinsights_skip_tracking":false,"_monsterinsights_sitenote_active":false,"_monsterinsights_sitenote_note":"","_monsterinsights_sitenote_category":0,"_uf_show_specific_survey":0,"_uf_disable_surveys":false,"footnotes":""},"class_list":["post-16","page","type-page","status-publish","hentry","description-off"],"yoast_head":"<!-- This site is optimized with the Yoast SEO Premium plugin v26.0 (Yoast SEO v26.0) - https:\/\/yoast.com\/wordpress\/plugins\/seo\/ -->\n<title>My account - SDcr\u00e9ation<\/title>\n<meta name=\"description\" content=\"Jeux, Horloges &amp; Plateaux | Bois Noble et R\u00e9sine \u00c9poxy Artisanale\" \/>\n<meta name=\"robots\" content=\"noindex, follow\" \/>\n<meta property=\"og:locale\" content=\"fr_FR\" \/>\n<meta property=\"og:type\" content=\"article\" \/>\n<meta property=\"og:title\" content=\"My account\" \/>\n<meta property=\"og:description\" content=\"D\u00e9couvrez des pi\u00e8ces uniques faites main : jeux en bois noble, plateaux et horloges design m\u00ealant l&#039;\u00e9l\u00e9gance du bois et la modernit\u00e9 de la r\u00e9sine \u00e9poxy. L&#039;artisanat d&#039;exception %\" \/>\n<meta property=\"og:url\" content=\"https:\/\/sdcreation16.fr\/index.php\/my-account\/\" \/>\n<meta property=\"og:site_name\" content=\"SDcr\u00e9ation\" \/>\n<meta property=\"article:publisher\" content=\"https:\/\/www.facebook.com\/sdcreation.damase.10\" \/>\n<meta property=\"article:modified_time\" content=\"2025-11-13T12:28:53+00:00\" \/>\n<meta property=\"og:image\" content=\"https:\/\/sdcreation16.fr\/wp-content\/uploads\/2025\/11\/site-copie.png\" \/>\n\t<meta property=\"og:image:width\" content=\"603\" \/>\n\t<meta property=\"og:image:height\" content=\"478\" \/>\n\t<meta property=\"og:image:type\" content=\"image\/png\" \/>\n<meta name=\"twitter:card\" content=\"summary_large_image\" \/>\n<script type=\"application\/ld+json\" class=\"yoast-schema-graph\">{\"@context\":\"https:\/\/schema.org\",\"@graph\":[{\"@type\":\"WebPage\",\"@id\":\"https:\/\/sdcreation16.fr\/index.php\/my-account\/\",\"url\":\"https:\/\/sdcreation16.fr\/index.php\/my-account\/\",\"name\":\"My account - SDcr\u00e9ation\",\"isPartOf\":{\"@id\":\"https:\/\/sdcreation16.fr\/#website\"},\"datePublished\":\"2020-12-14T09:58:12+00:00\",\"dateModified\":\"2025-11-13T12:28:53+00:00\",\"description\":\"Jeux, Horloges & Plateaux | Bois Noble et R\u00e9sine \u00c9poxy Artisanale\",\"breadcrumb\":{\"@id\":\"https:\/\/sdcreation16.fr\/index.php\/my-account\/#breadcrumb\"},\"inLanguage\":\"fr-FR\",\"potentialAction\":[{\"@type\":\"ReadAction\",\"target\":[\"https:\/\/sdcreation16.fr\/index.php\/my-account\/\"]}]},{\"@type\":\"BreadcrumbList\",\"@id\":\"https:\/\/sdcreation16.fr\/index.php\/my-account\/#breadcrumb\",\"itemListElement\":[{\"@type\":\"ListItem\",\"position\":1,\"name\":\"Accueil\",\"item\":\"https:\/\/sdcreation16.fr\/\"},{\"@type\":\"ListItem\",\"position\":2,\"name\":\"My account\"}]},{\"@type\":\"WebSite\",\"@id\":\"https:\/\/sdcreation16.fr\/#website\",\"url\":\"https:\/\/sdcreation16.fr\/\",\"name\":\"SDcr\u00e9ation\",\"description\":\"L&#039;association de la r\u00e9sine et du bois.\",\"publisher\":{\"@id\":\"https:\/\/sdcreation16.fr\/#organization\"},\"potentialAction\":[{\"@type\":\"SearchAction\",\"target\":{\"@type\":\"EntryPoint\",\"urlTemplate\":\"https:\/\/sdcreation16.fr\/?s={search_term_string}\"},\"query-input\":{\"@type\":\"PropertyValueSpecification\",\"valueRequired\":true,\"valueName\":\"search_term_string\"}}],\"inLanguage\":\"fr-FR\"},{\"@type\":\"Organization\",\"@id\":\"https:\/\/sdcreation16.fr\/#organization\",\"name\":\"sd creation\",\"url\":\"https:\/\/sdcreation16.fr\/\",\"logo\":{\"@type\":\"ImageObject\",\"inLanguage\":\"fr-FR\",\"@id\":\"https:\/\/sdcreation16.fr\/#\/schema\/logo\/image\/\",\"url\":\"https:\/\/sdcreation16.fr\/wp-content\/uploads\/2020\/12\/new-logo.png\",\"contentUrl\":\"https:\/\/sdcreation16.fr\/wp-content\/uploads\/2020\/12\/new-logo.png\",\"width\":595,\"height\":100,\"caption\":\"sd creation\"},\"image\":{\"@id\":\"https:\/\/sdcreation16.fr\/#\/schema\/logo\/image\/\"},\"sameAs\":[\"https:\/\/www.facebook.com\/sdcreation.damase.10\"]}]}<\/script>\n<!-- \/ Yoast SEO Premium plugin. -->","yoast_head_json":{"title":"My account - SDcr\u00e9ation","description":"Jeux, Horloges & Plateaux | Bois Noble et R\u00e9sine \u00c9poxy Artisanale","robots":{"index":"noindex","follow":"follow"},"og_locale":"fr_FR","og_type":"article","og_title":"My account","og_description":"D\u00e9couvrez des pi\u00e8ces uniques faites main : jeux en bois noble, plateaux et horloges design m\u00ealant l'\u00e9l\u00e9gance du bois et la modernit\u00e9 de la r\u00e9sine \u00e9poxy. L'artisanat d'exception %","og_url":"https:\/\/sdcreation16.fr\/index.php\/my-account\/","og_site_name":"SDcr\u00e9ation","article_publisher":"https:\/\/www.facebook.com\/sdcreation.damase.10","article_modified_time":"2025-11-13T12:28:53+00:00","og_image":[{"width":603,"height":478,"url":"https:\/\/sdcreation16.fr\/wp-content\/uploads\/2025\/11\/site-copie.png","type":"image\/png"}],"twitter_card":"summary_large_image","schema":{"@context":"https:\/\/schema.org","@graph":[{"@type":"WebPage","@id":"https:\/\/sdcreation16.fr\/index.php\/my-account\/","url":"https:\/\/sdcreation16.fr\/index.php\/my-account\/","name":"My account - SDcr\u00e9ation","isPartOf":{"@id":"https:\/\/sdcreation16.fr\/#website"},"datePublished":"2020-12-14T09:58:12+00:00","dateModified":"2025-11-13T12:28:53+00:00","description":"Jeux, Horloges & Plateaux | Bois Noble et R\u00e9sine \u00c9poxy Artisanale","breadcrumb":{"@id":"https:\/\/sdcreation16.fr\/index.php\/my-account\/#breadcrumb"},"inLanguage":"fr-FR","potentialAction":[{"@type":"ReadAction","target":["https:\/\/sdcreation16.fr\/index.php\/my-account\/"]}]},{"@type":"BreadcrumbList","@id":"https:\/\/sdcreation16.fr\/index.php\/my-account\/#breadcrumb","itemListElement":[{"@type":"ListItem","position":1,"name":"Accueil","item":"https:\/\/sdcreation16.fr\/"},{"@type":"ListItem","position":2,"name":"My account"}]},{"@type":"WebSite","@id":"https:\/\/sdcreation16.fr\/#website","url":"https:\/\/sdcreation16.fr\/","name":"SDcr\u00e9ation","description":"L&#039;association de la r\u00e9sine et du bois.","publisher":{"@id":"https:\/\/sdcreation16.fr\/#organization"},"potentialAction":[{"@type":"SearchAction","target":{"@type":"EntryPoint","urlTemplate":"https:\/\/sdcreation16.fr\/?s={search_term_string}"},"query-input":{"@type":"PropertyValueSpecification","valueRequired":true,"valueName":"search_term_string"}}],"inLanguage":"fr-FR"},{"@type":"Organization","@id":"https:\/\/sdcreation16.fr\/#organization","name":"sd creation","url":"https:\/\/sdcreation16.fr\/","logo":{"@type":"ImageObject","inLanguage":"fr-FR","@id":"https:\/\/sdcreation16.fr\/#\/schema\/logo\/image\/","url":"https:\/\/sdcreation16.fr\/wp-content\/uploads\/2020\/12\/new-logo.png","contentUrl":"https:\/\/sdcreation16.fr\/wp-content\/uploads\/2020\/12\/new-logo.png","width":595,"height":100,"caption":"sd creation"},"image":{"@id":"https:\/\/sdcreation16.fr\/#\/schema\/logo\/image\/"},"sameAs":["https:\/\/www.facebook.com\/sdcreation.damase.10"]}]}},"_links":{"self":[{"href":"https:\/\/sdcreation16.fr\/index.php\/wp-json\/wp\/v2\/pages\/16","targetHints":{"allow":["GET"]}}],"collection":[{"href":"https:\/\/sdcreation16.fr\/index.php\/wp-json\/wp\/v2\/pages"}],"about":[{"href":"https:\/\/sdcreation16.fr\/index.php\/wp-json\/wp\/v2\/types\/page"}],"author":[{"embeddable":true,"href":"https:\/\/sdcreation16.fr\/index.php\/wp-json\/wp\/v2\/users\/1"}],"replies":[{"embeddable":true,"href":"https:\/\/sdcreation16.fr\/index.php\/wp-json\/wp\/v2\/comments?post=16"}],"version-history":[{"count":1,"href":"https:\/\/sdcreation16.fr\/index.php\/wp-json\/wp\/v2\/pages\/16\/revisions"}],"predecessor-version":[{"id":1464,"href":"https:\/\/sdcreation16.fr\/index.php\/wp-json\/wp\/v2\/pages\/16\/revisions\/1464"}],"wp:attachment":[{"href":"https:\/\/sdcreation16.fr\/index.php\/wp-json\/wp\/v2\/media?parent=16"}],"curies":[{"name":"wp","href":"https:\/\/api.w.org\/{rel}","templated":true}]}}